{"id":742598,"date":"2025-08-28T01:15:25","date_gmt":"2025-08-27T22:15:25","guid":{"rendered":"https:\/\/roveyayinevi.com.tr\/index.php\/urun\/yarali-gibisin\/"},"modified":"2026-04-16T02:53:47","modified_gmt":"2026-04-15T23:53:47","slug":"yarali-gibisin","status":"publish","type":"product","link":"https:\/\/roveyayinevi.com.tr\/index.php\/urun\/yarali-gibisin\/","title":{"rendered":"Yaral\u0131 Gibisin"},"content":{"rendered":"<p>\u201cDayanamam!\u201d deme, dayan\u0131rs\u0131n. Sak\u0131n \u201cYapamam!\u201d Deme. \u00c7\u00fcnk\u00fc yapars\u0131n. \u201cBen bilirim.\u201d deme, yan\u0131l\u0131rs\u0131n. &#8220;Kimsem yok.&#8221; deme, \u00e7\u00fcnk\u00fc bir duaya sar\u0131l\u0131rs\u0131n. Dua eden hangi kul yaln\u0131z kalm\u0131\u015ft\u0131r sultan\u0131m? Acizli\u011fini bilen sahipsiz kal\u0131r m\u0131 hi\u00e7? En \u00e7aresiz bir bebe\u011fin r\u0131zk\u0131n\u0131 do\u011fmadan haz\u0131rlayan Allah, seni b\u0131rak\u0131r m\u0131 kimsesiz? Bir sonbahar de\u011fil midir, ilkbahar\u0131n habercisi\u2026 G\u00fcne\u015fin do\u011fu\u015funu beklemiyor mu? Gecenin en karanl\u0131k yeri&#8230; Yeniden ye\u015fermesi i\u00e7in kurumas\u0131 laz\u0131m b\u00fct\u00fcn yapraklar\u0131n. Aciz kalmak, duaya sar\u0131lmak ve tevekk\u00fcl etmektir bir umudun habercisi. Gelece\u011fini bildi\u011fin bir \u015fey uzak de\u011fildir! Ve Allah, Rahman&#8217;d\u0131r. Rahmeti yak\u0131nd\u0131r\u2026 Sabret&#8230; <\/p>\n","protected":false},"excerpt":{"rendered":"<p>\u201cDayanamam!\u201d deme, dayan\u0131rs\u0131n. Sak\u0131n \u201cYapamam!\u201d Deme. \u00c7\u00fcnk\u00fc yapars\u0131n. \u201cBen bilirim.\u201d deme, yan\u0131l\u0131rs\u0131n. &#8220;Kimsem yok.&#8221; deme, \u00e7\u00fcnk\u00fc bir duaya sar\u0131l\u0131rs\u0131n. Dua eden hangi kul yaln\u0131z kalm\u0131\u015ft\u0131r sultan\u0131m?<span class=\"excerpt-hellip\"> [\u2026]<\/span><\/p>\n","protected":false},"featured_media":0,"template":"","meta":{"_monsterinsights_skip_tracking":false,"_monsterinsights_sitenote_active":false,"_monsterinsights_sitenote_note":"","_monsterinsights_sitenote_category":0},"product_brand":[],"product_cat":[12718],"product_tag":[],"class_list":{"0":"post-742598","1":"product","2":"type-product","3":"status-publish","5":"product_cat-din","6":"pa_cilt-ciltsiz","7":"pa_tur-kitap","8":"pa_yayinevi-cinaralti-yayinlari","9":"pa_yazar-muhammed-yusuf-ertas","11":"first","12":"instock","13":"sale","14":"shipping-taxable","15":"purchasable","16":"product-type-simple"},"_links":{"self":[{"href":"https:\/\/roveyayinevi.com.tr\/index.php\/wp-json\/wp\/v2\/product\/742598","targetHints":{"allow":["GET"]}}],"collection":[{"href":"https:\/\/roveyayinevi.com.tr\/index.php\/wp-json\/wp\/v2\/product"}],"about":[{"href":"https:\/\/roveyayinevi.com.tr\/index.php\/wp-json\/wp\/v2\/types\/product"}],"wp:attachment":[{"href":"https:\/\/roveyayinevi.com.tr\/index.php\/wp-json\/wp\/v2\/media?parent=742598"}],"wp:term":[{"taxonomy":"product_brand","embeddable":true,"href":"https:\/\/roveyayinevi.com.tr\/index.php\/wp-json\/wp\/v2\/product_brand?post=742598"},{"taxonomy":"product_cat","embeddable":true,"href":"https:\/\/roveyayinevi.com.tr\/index.php\/wp-json\/wp\/v2\/product_cat?post=742598"},{"taxonomy":"product_tag","embeddable":true,"href":"https:\/\/roveyayinevi.com.tr\/index.php\/wp-json\/wp\/v2\/product_tag?post=742598"}],"curies":[{"name":"wp","href":"https:\/\/api.w.org\/{rel}","templated":true}]}}