{"id":742596,"date":"2025-08-28T01:15:22","date_gmt":"2025-08-27T22:15:22","guid":{"rendered":"https:\/\/roveyayinevi.com.tr\/index.php\/urun\/robot-imparatorlugu\/"},"modified":"2026-04-16T02:53:47","modified_gmt":"2026-04-15T23:53:47","slug":"robot-imparatorlugu","status":"publish","type":"product","link":"https:\/\/roveyayinevi.com.tr\/index.php\/urun\/robot-imparatorlugu\/","title":{"rendered":"Robot \u0130mparatorlu\u011fu"},"content":{"rendered":"<p>ROBOT \u0130MPARATORLU\u011eU   \u00c7o\u011fumuz Robot \u00c7a\u011f\u0131&#8217;n\u0131 uzak bir gelece\u011fe \u00f6telemenin zihn\u00ee konforunu tercih ediyoruz.   Oysa bamba\u015fka bir paradigman\u0131n i\u015fledi\u011fi, tuhaf ve tan\u0131ms\u0131z bir d\u00fcnyay\u0131 2020&#8217;ler itibariyle yava\u015f yava\u015f idrak etmeye ba\u015flad\u0131k.   Ama denizdeki bal\u0131klar misali, i\u00e7inde y\u00fczd\u00fc\u011f\u00fcm\u00fcz suyun fark\u0131nda de\u011filiz.   Robot \u0130mparatorlu\u011fu&#8217;nun g\u00f6rkemli kap\u0131s\u0131ndan i\u00e7eriye bir kez ad\u0131m\u0131m\u0131z\u0131 att\u0131\u011f\u0131m\u0131zda kap\u0131 kilitlenecek.   \u0130nsanl\u0131k i\u00e7in &#8220;normal d\u00fcnya&#8221;ya geri d\u00f6n\u00fc\u015f bir daha asla m\u00fcmk\u00fcn olmayacak.   Kitab\u0131m\u0131zda hangi konular m\u0131 var?   Yapay zek\u00e2n\u0131n s\u0131n\u0131rlar\u0131, Robot teknolojilerinin ufku, Elektronik k\u0131yamet senaryolar\u0131, Siborg organizmalar\u0131n geli\u015fim evreleri, Turing testinin kendi i\u00e7indeki \u00e7eli\u015fkileri, \u0130nsans\u0131 androidlerin temel hak ve \u00f6zg\u00fcrl\u00fckleri, Bili\u015fim algoritmalar\u0131n\u0131n sanatsal \u00fcretimlere yans\u0131mas\u0131, Nanorobot tedavi y\u00f6ntemlerinin muhtemel handikaplar\u0131.   Polat Onat bu girift temalar\u0131 kimi zaman trajik kimi zaman da ironik bir anlay\u0131\u015fla heyecanl\u0131 senaryolar d\u00e2hilinde \u00f6yk\u00fcle\u015ftirdi.   &#8220;Robot \u0130mparatorlu\u011fu&#8221; kurgu ile bilimin m\u00fcthi\u015f uyumuyla, okuyanlar\u0131n zihin atmosferini zenginle\u015ftiren bir kitap.<\/p>\n","protected":false},"excerpt":{"rendered":"<p>ROBOT \u0130MPARATORLU\u011eU \u00c7o\u011fumuz Robot \u00c7a\u011f\u0131&#8217;n\u0131 uzak bir gelece\u011fe \u00f6telemenin zihn\u00ee konforunu tercih ediyoruz. Oysa bamba\u015fka bir paradigman\u0131n i\u015fledi\u011fi, tuhaf ve tan\u0131ms\u0131z bir d\u00fcnyay\u0131 2020&#8217;ler itibariyle yava\u015f<span class=\"excerpt-hellip\"> [\u2026]<\/span><\/p>\n","protected":false},"featured_media":0,"template":"","meta":{"_monsterinsights_skip_tracking":false,"_monsterinsights_sitenote_active":false,"_monsterinsights_sitenote_note":"","_monsterinsights_sitenote_category":0},"product_brand":[],"product_cat":[12540,12291],"product_tag":[],"class_list":{"0":"post-742596","1":"product","2":"type-product","3":"status-publish","5":"product_cat-bilim-kurgu","6":"product_cat-edebiyat","7":"pa_cilt-ciltsiz","8":"pa_tur-kitap","9":"pa_yayinevi-perge-yayinlari","10":"pa_yazar-polat-onat","12":"first","13":"instock","14":"sale","15":"shipping-taxable","16":"purchasable","17":"product-type-simple"},"_links":{"self":[{"href":"https:\/\/roveyayinevi.com.tr\/index.php\/wp-json\/wp\/v2\/product\/742596","targetHints":{"allow":["GET"]}}],"collection":[{"href":"https:\/\/roveyayinevi.com.tr\/index.php\/wp-json\/wp\/v2\/product"}],"about":[{"href":"https:\/\/roveyayinevi.com.tr\/index.php\/wp-json\/wp\/v2\/types\/product"}],"wp:attachment":[{"href":"https:\/\/roveyayinevi.com.tr\/index.php\/wp-json\/wp\/v2\/media?parent=742596"}],"wp:term":[{"taxonomy":"product_brand","embeddable":true,"href":"https:\/\/roveyayinevi.com.tr\/index.php\/wp-json\/wp\/v2\/product_brand?post=742596"},{"taxonomy":"product_cat","embeddable":true,"href":"https:\/\/roveyayinevi.com.tr\/index.php\/wp-json\/wp\/v2\/product_cat?post=742596"},{"taxonomy":"product_tag","embeddable":true,"href":"https:\/\/roveyayinevi.com.tr\/index.php\/wp-json\/wp\/v2\/product_tag?post=742596"}],"curies":[{"name":"wp","href":"https:\/\/api.w.org\/{rel}","templated":true}]}}