{"id":742594,"date":"2025-08-28T01:15:19","date_gmt":"2025-08-27T22:15:19","guid":{"rendered":"https:\/\/roveyayinevi.com.tr\/index.php\/urun\/gunesi-bekleyen-deniz\/"},"modified":"2026-04-16T02:53:47","modified_gmt":"2026-04-15T23:53:47","slug":"gunesi-bekleyen-deniz","status":"publish","type":"product","link":"https:\/\/roveyayinevi.com.tr\/index.php\/urun\/gunesi-bekleyen-deniz\/","title":{"rendered":"G\u00fcne\u015fi Bekleyen Deniz"},"content":{"rendered":"<p>\u201cEvden \u00e7\u0131km\u0131\u015f, kendimi trenin \u00f6n\u00fcne atmak i\u00e7in Sirkeci Gar\u0131\u2019na gelmi\u015ftim. \u00c7ok so\u011fuk bir g\u00fcnd\u00fc, kuru ayaz b\u0131\u00e7ak kesi\u011fi gibi dokunuyordu insan\u0131n surat\u0131na. Babam kond\u00fckt\u00f6r oldu\u011fu i\u00e7in trenlere bedava biniyorduk. Ailede herkesin kart\u0131 vard\u0131. \u00d6yle akl\u0131ma geldi i\u015fte, bir tren duruyordu orada, girdim i\u00e7ine, bombo\u015ftu. Oturdum bir koltu\u011fa\u2026 \u00d6ylece uyuyakalm\u0131\u015f\u0131m. Aradan ka\u00e7 saat ya da ne kadar zaman ge\u00e7ti bilmiyorum, b\u00fcy\u00fck bir \u015fehirde durmu\u015ftu tren. Zagreb \u015fehrinde oldu\u011fumu sonradan anlad\u0131m. Daha on be\u015f ya\u015f\u0131nday\u0131m, her \u015feyimi geride b\u0131rakm\u0131\u015ft\u0131m, bana laz\u0131m de\u011fildi b\u0131rakt\u0131klar\u0131m, olamazd\u0131 da art\u0131k. Sadece ismim yan\u0131mda kals\u0131n diye tersinden s\u00f6yledim, her yerde \u00f6yle yazd\u0131rd\u0131m; RUNNEZ.\u201d <\/p>\n","protected":false},"excerpt":{"rendered":"<p>\u201cEvden \u00e7\u0131km\u0131\u015f, kendimi trenin \u00f6n\u00fcne atmak i\u00e7in Sirkeci Gar\u0131\u2019na gelmi\u015ftim. \u00c7ok so\u011fuk bir g\u00fcnd\u00fc, kuru ayaz b\u0131\u00e7ak kesi\u011fi gibi dokunuyordu insan\u0131n surat\u0131na. Babam kond\u00fckt\u00f6r oldu\u011fu i\u00e7in<span class=\"excerpt-hellip\"> [\u2026]<\/span><\/p>\n","protected":false},"featured_media":0,"template":"","meta":{"_monsterinsights_skip_tracking":false,"_monsterinsights_sitenote_active":false,"_monsterinsights_sitenote_note":"","_monsterinsights_sitenote_category":0},"product_brand":[],"product_cat":[12291,12711],"product_tag":[],"class_list":{"0":"post-742594","1":"product","2":"type-product","3":"status-publish","5":"product_cat-edebiyat","6":"product_cat-roman-oyku","7":"pa_cilt-ciltsiz","8":"pa_tur-kitap","9":"pa_yayinevi-la-kitap-yayinlari","10":"pa_yazar-duran-dincer","12":"first","13":"instock","14":"sale","15":"shipping-taxable","16":"purchasable","17":"product-type-simple"},"_links":{"self":[{"href":"https:\/\/roveyayinevi.com.tr\/index.php\/wp-json\/wp\/v2\/product\/742594","targetHints":{"allow":["GET"]}}],"collection":[{"href":"https:\/\/roveyayinevi.com.tr\/index.php\/wp-json\/wp\/v2\/product"}],"about":[{"href":"https:\/\/roveyayinevi.com.tr\/index.php\/wp-json\/wp\/v2\/types\/product"}],"wp:attachment":[{"href":"https:\/\/roveyayinevi.com.tr\/index.php\/wp-json\/wp\/v2\/media?parent=742594"}],"wp:term":[{"taxonomy":"product_brand","embeddable":true,"href":"https:\/\/roveyayinevi.com.tr\/index.php\/wp-json\/wp\/v2\/product_brand?post=742594"},{"taxonomy":"product_cat","embeddable":true,"href":"https:\/\/roveyayinevi.com.tr\/index.php\/wp-json\/wp\/v2\/product_cat?post=742594"},{"taxonomy":"product_tag","embeddable":true,"href":"https:\/\/roveyayinevi.com.tr\/index.php\/wp-json\/wp\/v2\/product_tag?post=742594"}],"curies":[{"name":"wp","href":"https:\/\/api.w.org\/{rel}","templated":true}]}}