{"id":742593,"date":"2025-08-28T01:15:18","date_gmt":"2025-08-27T22:15:18","guid":{"rendered":"https:\/\/roveyayinevi.com.tr\/index.php\/urun\/cam-kalp\/"},"modified":"2026-04-16T02:53:47","modified_gmt":"2026-04-15T23:53:47","slug":"cam-kalp","status":"publish","type":"product","link":"https:\/\/roveyayinevi.com.tr\/index.php\/urun\/cam-kalp\/","title":{"rendered":"Cam Kalp"},"content":{"rendered":"<p>Ba\u015fka sessizliklere benzemez bir insan\u0131n sessizli\u011fi Kim bilir ne manalar sakl\u0131d\u0131r o s\u00fck\u00fbtun i\u00e7inde Zira konu\u015fmas\u0131 anlaml\u0131 olan\u0131n sessizli\u011fi de anlaml\u0131d\u0131r Onun ad\u0131 da sessizlik de\u011fildir zaten Suskunluktur anlaml\u0131 sessizli\u011fin ad\u0131 Mesela ben, suskunlu\u011fun gevezesiyim <\/p>\n","protected":false},"excerpt":{"rendered":"<p>Ba\u015fka sessizliklere benzemez bir insan\u0131n sessizli\u011fi Kim bilir ne manalar sakl\u0131d\u0131r o s\u00fck\u00fbtun i\u00e7inde Zira konu\u015fmas\u0131 anlaml\u0131 olan\u0131n sessizli\u011fi de anlaml\u0131d\u0131r Onun ad\u0131 da sessizlik de\u011fildir<span class=\"excerpt-hellip\"> [\u2026]<\/span><\/p>\n","protected":false},"featured_media":0,"template":"","meta":{"_monsterinsights_skip_tracking":false,"_monsterinsights_sitenote_active":false,"_monsterinsights_sitenote_note":"","_monsterinsights_sitenote_category":0},"product_brand":[],"product_cat":[12291,12509],"product_tag":[],"class_list":{"0":"post-742593","1":"product","2":"type-product","3":"status-publish","5":"product_cat-edebiyat","6":"product_cat-siir","7":"pa_cilt-ciltsiz","8":"pa_tur-kitap","9":"pa_yayinevi-luna-yayinlari","10":"pa_yazar-atakan-ergin","12":"first","13":"instock","14":"sale","15":"shipping-taxable","16":"purchasable","17":"product-type-simple"},"_links":{"self":[{"href":"https:\/\/roveyayinevi.com.tr\/index.php\/wp-json\/wp\/v2\/product\/742593","targetHints":{"allow":["GET"]}}],"collection":[{"href":"https:\/\/roveyayinevi.com.tr\/index.php\/wp-json\/wp\/v2\/product"}],"about":[{"href":"https:\/\/roveyayinevi.com.tr\/index.php\/wp-json\/wp\/v2\/types\/product"}],"wp:attachment":[{"href":"https:\/\/roveyayinevi.com.tr\/index.php\/wp-json\/wp\/v2\/media?parent=742593"}],"wp:term":[{"taxonomy":"product_brand","embeddable":true,"href":"https:\/\/roveyayinevi.com.tr\/index.php\/wp-json\/wp\/v2\/product_brand?post=742593"},{"taxonomy":"product_cat","embeddable":true,"href":"https:\/\/roveyayinevi.com.tr\/index.php\/wp-json\/wp\/v2\/product_cat?post=742593"},{"taxonomy":"product_tag","embeddable":true,"href":"https:\/\/roveyayinevi.com.tr\/index.php\/wp-json\/wp\/v2\/product_tag?post=742593"}],"curies":[{"name":"wp","href":"https:\/\/api.w.org\/{rel}","templated":true}]}}