{"id":742592,"date":"2025-08-28T01:15:17","date_gmt":"2025-08-27T22:15:17","guid":{"rendered":"https:\/\/roveyayinevi.com.tr\/index.php\/urun\/hemhal\/"},"modified":"2026-04-16T02:53:47","modified_gmt":"2026-04-15T23:53:47","slug":"hemhal","status":"publish","type":"product","link":"https:\/\/roveyayinevi.com.tr\/index.php\/urun\/hemhal\/","title":{"rendered":"Hemhal"},"content":{"rendered":"<p>\u201cPasaport kontrol\u00fcnde bir sorun \u00e7\u0131ksa da geri d\u00f6nd\u00fcrseler&#8230;\u201d diye i\u00e7inden ge\u00e7irdi\u011fini kendine itiraf etmek istemiyor. Polisin uyar\u0131s\u0131yla kontrol kameras\u0131na bakmas\u0131 istenince objektife yans\u0131yan, di\u011fer yolculuklar\u0131n aksine heyecanla kar\u0131\u015f\u0131k tatl\u0131 bir gerginlik de\u011fil, ne istedi\u011finden emin olamayan bir mutsuzluk hali. Kal\u0131n ka\u015flar\u0131n\u0131n bir yan\u0131lsamas\u0131 olarak sert duran ama asl\u0131nda ifadesiz bakan memurun apoletlerine, p\u00fcr\u00fczs\u00fcz t\u0131ra\u015f\u0131na, \u00f6zenli kesilmi\u015f t\u0131rnaklar\u0131na g\u00f6z gezdirdi ama\u00e7s\u0131zca. G\u00fc\u00e7l\u00fc bir hamleyle vurulan damga sonras\u0131nda son umudunu da birka\u00e7 saniye \u00f6nce kaybetmi\u015f gibi memnuniyetsiz bir \u015fekilde yutkundu. \u201cGe\u00e7ici bir yaln\u0131zl\u0131k h\u00fczn\u00fc yahut verilmi\u015f karar\u0131n alternatifinin yan\u0131lt\u0131c\u0131 bir ak\u0131l \u00e7elmesi&#8230;\u201d diye d\u00fc\u015f\u00fcnd\u00fc. Ayn\u0131 zamanda onu u\u011furlamak \u00fczere gelebilecekleri son kontrol noktas\u0131na kadar gelen ailesine, y\u00fcz\u00fcne \u00f6zenle yerle\u015ftirdi\u011fi tebess\u00fcmle birlikte son kez el sallad\u0131. \u201cBu y\u00fck\u00fc son kez ta\u015f\u0131m\u0131\u015f olay\u0131m, l\u00fctfen&#8230;\u201d Hemh\u00e2l, kendini bulan ve bunu art\u0131k saklamak istemeyenlerin roman\u0131. \u0130lk gen\u00e7lik y\u0131llar\u0131 sorgulamayla ge\u00e7mi\u015f, sonunda buldu\u011fu benli\u011fiyle \u00f6zg\u00fcrle\u015fmeye do\u011fru emin ad\u0131mlarla y\u00fcr\u00fcyen Ya\u011f\u0131z, kendi hayat\u0131n\u0131n pe\u015finden ko\u015farken kar\u015f\u0131la\u015ft\u0131\u011f\u0131 engelleri a\u015fmaya \u00e7al\u0131\u015f\u0131yor. Duygu Sancar, derinlikli karakterleri ve kendine has \u00fcslubuyla T\u00fcrk edebiyat\u0131na g\u00fc\u00e7l\u00fc bir giri\u015f yap\u0131yor. <\/p>\n","protected":false},"excerpt":{"rendered":"<p>\u201cPasaport kontrol\u00fcnde bir sorun \u00e7\u0131ksa da geri d\u00f6nd\u00fcrseler&#8230;\u201d diye i\u00e7inden ge\u00e7irdi\u011fini kendine itiraf etmek istemiyor. Polisin uyar\u0131s\u0131yla kontrol kameras\u0131na bakmas\u0131 istenince objektife yans\u0131yan, di\u011fer yolculuklar\u0131n aksine<span class=\"excerpt-hellip\"> [\u2026]<\/span><\/p>\n","protected":false},"featured_media":0,"template":"","meta":{"_monsterinsights_skip_tracking":false,"_monsterinsights_sitenote_active":false,"_monsterinsights_sitenote_note":"","_monsterinsights_sitenote_category":0},"product_brand":[],"product_cat":[12291,12711],"product_tag":[],"class_list":{"0":"post-742592","1":"product","2":"type-product","3":"status-publish","5":"product_cat-edebiyat","6":"product_cat-roman-oyku","7":"pa_cilt-ciltsiz","8":"pa_tur-kitap","9":"pa_yayinevi-luna-yayinlari","10":"pa_yazar-duygu-sancar","12":"first","13":"instock","14":"sale","15":"shipping-taxable","16":"purchasable","17":"product-type-simple"},"_links":{"self":[{"href":"https:\/\/roveyayinevi.com.tr\/index.php\/wp-json\/wp\/v2\/product\/742592","targetHints":{"allow":["GET"]}}],"collection":[{"href":"https:\/\/roveyayinevi.com.tr\/index.php\/wp-json\/wp\/v2\/product"}],"about":[{"href":"https:\/\/roveyayinevi.com.tr\/index.php\/wp-json\/wp\/v2\/types\/product"}],"wp:attachment":[{"href":"https:\/\/roveyayinevi.com.tr\/index.php\/wp-json\/wp\/v2\/media?parent=742592"}],"wp:term":[{"taxonomy":"product_brand","embeddable":true,"href":"https:\/\/roveyayinevi.com.tr\/index.php\/wp-json\/wp\/v2\/product_brand?post=742592"},{"taxonomy":"product_cat","embeddable":true,"href":"https:\/\/roveyayinevi.com.tr\/index.php\/wp-json\/wp\/v2\/product_cat?post=742592"},{"taxonomy":"product_tag","embeddable":true,"href":"https:\/\/roveyayinevi.com.tr\/index.php\/wp-json\/wp\/v2\/product_tag?post=742592"}],"curies":[{"name":"wp","href":"https:\/\/api.w.org\/{rel}","templated":true}]}}