{"id":742591,"date":"2025-08-28T01:15:15","date_gmt":"2025-08-27T22:15:15","guid":{"rendered":"https:\/\/roveyayinevi.com.tr\/index.php\/urun\/soylemedim-yazdim\/"},"modified":"2026-04-16T02:53:47","modified_gmt":"2026-04-15T23:53:47","slug":"soylemedim-yazdim","status":"publish","type":"product","link":"https:\/\/roveyayinevi.com.tr\/index.php\/urun\/soylemedim-yazdim\/","title":{"rendered":"S\u00f6ylemedim Yazd\u0131m"},"content":{"rendered":"<p>G\u00fcrkan Da\u015fk\u0131ran, kalbinden ta\u015fanlar\u0131 yaz\u0131ya d\u00f6kt\u00fc\u011f\u00fc eseri S\u00f6ylemedim Yazd\u0131m\u2019da, her okurun kendinden bir par\u00e7a bulaca\u011f\u0131 \u015fiirlere imza at\u0131yor.   Kalemim var. K\u00e2\u011f\u0131d\u0131m var. Eksik bir \u015fey var. Yazam\u0131yorum. Y\u00fcklemsiz kal\u0131yor c\u00fcmleler. \u00d6zneler s\u00f6zde, Nesneler belirsiz, Kelimeler kifayetsiz, Eksik bir \u015fey var, yazam\u0131yorum. <\/p>\n","protected":false},"excerpt":{"rendered":"<p>G\u00fcrkan Da\u015fk\u0131ran, kalbinden ta\u015fanlar\u0131 yaz\u0131ya d\u00f6kt\u00fc\u011f\u00fc eseri S\u00f6ylemedim Yazd\u0131m\u2019da, her okurun kendinden bir par\u00e7a bulaca\u011f\u0131 \u015fiirlere imza at\u0131yor. Kalemim var. K\u00e2\u011f\u0131d\u0131m var. Eksik bir \u015fey var.<span class=\"excerpt-hellip\"> [\u2026]<\/span><\/p>\n","protected":false},"featured_media":0,"template":"","meta":{"_monsterinsights_skip_tracking":false,"_monsterinsights_sitenote_active":false,"_monsterinsights_sitenote_note":"","_monsterinsights_sitenote_category":0},"product_brand":[],"product_cat":[12291,12509],"product_tag":[],"class_list":{"0":"post-742591","1":"product","2":"type-product","3":"status-publish","5":"product_cat-edebiyat","6":"product_cat-siir","7":"pa_cilt-ciltsiz","8":"pa_tur-kitap","9":"pa_yayinevi-luna-yayinlari","10":"pa_yazar-gurkan-daskiran","12":"first","13":"instock","14":"sale","15":"shipping-taxable","16":"purchasable","17":"product-type-simple"},"_links":{"self":[{"href":"https:\/\/roveyayinevi.com.tr\/index.php\/wp-json\/wp\/v2\/product\/742591","targetHints":{"allow":["GET"]}}],"collection":[{"href":"https:\/\/roveyayinevi.com.tr\/index.php\/wp-json\/wp\/v2\/product"}],"about":[{"href":"https:\/\/roveyayinevi.com.tr\/index.php\/wp-json\/wp\/v2\/types\/product"}],"wp:attachment":[{"href":"https:\/\/roveyayinevi.com.tr\/index.php\/wp-json\/wp\/v2\/media?parent=742591"}],"wp:term":[{"taxonomy":"product_brand","embeddable":true,"href":"https:\/\/roveyayinevi.com.tr\/index.php\/wp-json\/wp\/v2\/product_brand?post=742591"},{"taxonomy":"product_cat","embeddable":true,"href":"https:\/\/roveyayinevi.com.tr\/index.php\/wp-json\/wp\/v2\/product_cat?post=742591"},{"taxonomy":"product_tag","embeddable":true,"href":"https:\/\/roveyayinevi.com.tr\/index.php\/wp-json\/wp\/v2\/product_tag?post=742591"}],"curies":[{"name":"wp","href":"https:\/\/api.w.org\/{rel}","templated":true}]}}