{"id":742588,"date":"2025-08-28T01:15:12","date_gmt":"2025-08-27T22:15:12","guid":{"rendered":"https:\/\/roveyayinevi.com.tr\/index.php\/urun\/medeniyet-dili-olarak-turkce-2\/"},"modified":"2026-04-16T02:53:47","modified_gmt":"2026-04-15T23:53:47","slug":"medeniyet-dili-olarak-turkce-2","status":"publish","type":"product","link":"https:\/\/roveyayinevi.com.tr\/index.php\/urun\/medeniyet-dili-olarak-turkce-2\/","title":{"rendered":"Medeniyet Dili  Olarak T\u00fcrk\u00e7e &#8211; 2"},"content":{"rendered":"<p>Bu kitap \u201cMedeniyet Dili Olarak T\u00fcrk\u00e7e\u201d serisinin ikinci kitab\u0131d\u0131r. \u0130lk eser \u201cMedeniyet Dili Olarak T\u00fcrk\u00e7e-Dilci Felsefe ile Ba\u015flang\u0131\u00e7 ve Y\u00f6ntem Aray\u0131\u015f\u0131\u201d kitab\u0131d\u0131r. Bu eser de ortaya koyulan dil ile toplum aras\u0131ndaki ili\u015fkiyi netle\u015ftiren meseleler ve T\u00fcrk\u00e7enin kendini koruma prensiplerini ke\u015ffidir. G\u00f6\u00e7er Sosyoloji mensuplar\u0131n\u0131n fiillere y\u00f6nelimini yasa sorgulamas\u0131yla ara\u015ft\u0131ran bu eser, bunun nedenleri aras\u0131na k\u00fclt\u00fcr ve medeniyet tart\u0131\u015fmalar\u0131n\u0131 da yerle\u015ftirerek, paradigmatik bilimin ne derece Bat\u0131 merkezli bir kutsama eylemine y\u00f6neldi\u011fini g\u00f6sterirken, buna kar\u015f\u0131 \u00e7\u0131kanlar\u0131n da T\u00fcrk\u00e7enin kendisi yerine ba\u015fka kaynaklara y\u00f6neldi\u011fini t\u00fcm \u00e7\u0131plakl\u0131\u011f\u0131yla ele almaktad\u0131r. Asl\u0131nda T\u00fcrkcenin epistemolojik yeterlili\u011fini g\u00f6zler \u00f6n\u00fcne sererken haf\u0131zan\u0131n devaml\u0131l\u0131\u011f\u0131nda nas\u0131l rol oynad\u0131\u011f\u0131n\u0131 da a\u00e7\u0131kl\u0131yor. Eser Bat\u0131c\u0131 ve veya gelenek\u00e7i ekollere kar\u015f\u0131 put k\u0131r\u0131yor. Baltay\u0131 da en b\u00fcy\u00fck ideolojik putlar\u0131n boynuna as\u0131yor. \u00d6zellikle s\u00f6ylenmesi gereken \u015fudur ki, Bu eser ayn\u0131 ilk kitap gibi dil bilim kitab\u0131 de\u011fildir. Dilbilim verilerine felsefe usul\u00fcnce yakla\u015f\u0131m sergileyen antropoloji giri\u015fimidir. Eser, yeni bir dil kuram\u0131n\u0131 dilbilim \u00e7er\u00e7evesinden ziyade k\u00fclt\u00fcr bilimleri sahas\u0131ndan hareketle denemektedir ve dil bilimin sonu\u00e7lar\u0131n\u0131 sadece veri olarak ele al\u0131p onlar\u0131 k\u00fclt\u00fcr-bilim s\u0131namaktad\u0131r. Ayr\u0131ca yepyeni bir tarih tezi say\u0131labilir. \u00c7\u00fcnk\u00fc paradigmatik bilimin getirdi\u011fi yerle\u015fik sosyolojinin \u015fehir referansl\u0131 medeniyet alg\u0131s\u0131na kar\u015f\u0131 g\u00f6\u00e7er sosyolojinin bakir ve g\u00f6z \u00f6n\u00fcne al\u0131nmam\u0131\u015f kendi devinimini i\u015faret etmektedir.<\/p>\n","protected":false},"excerpt":{"rendered":"<p>Bu kitap \u201cMedeniyet Dili Olarak T\u00fcrk\u00e7e\u201d serisinin ikinci kitab\u0131d\u0131r. \u0130lk eser \u201cMedeniyet Dili Olarak T\u00fcrk\u00e7e-Dilci Felsefe ile Ba\u015flang\u0131\u00e7 ve Y\u00f6ntem Aray\u0131\u015f\u0131\u201d kitab\u0131d\u0131r. Bu eser de ortaya<span class=\"excerpt-hellip\"> [\u2026]<\/span><\/p>\n","protected":false},"featured_media":0,"template":"","meta":{"_monsterinsights_skip_tracking":false,"_monsterinsights_sitenote_active":false,"_monsterinsights_sitenote_note":"","_monsterinsights_sitenote_category":0},"product_brand":[],"product_cat":[20225,12291],"product_tag":[],"class_list":{"0":"post-742588","1":"product","2":"type-product","3":"status-publish","5":"product_cat-dil-bilim","6":"product_cat-edebiyat","7":"pa_cilt-ciltsiz","8":"pa_tur-kitap","9":"pa_yayinevi-altinordu-yayinlari","10":"pa_yazar-m-fatih-dogrucan","12":"first","13":"instock","14":"sale","15":"shipping-taxable","16":"purchasable","17":"product-type-simple"},"_links":{"self":[{"href":"https:\/\/roveyayinevi.com.tr\/index.php\/wp-json\/wp\/v2\/product\/742588","targetHints":{"allow":["GET"]}}],"collection":[{"href":"https:\/\/roveyayinevi.com.tr\/index.php\/wp-json\/wp\/v2\/product"}],"about":[{"href":"https:\/\/roveyayinevi.com.tr\/index.php\/wp-json\/wp\/v2\/types\/product"}],"wp:attachment":[{"href":"https:\/\/roveyayinevi.com.tr\/index.php\/wp-json\/wp\/v2\/media?parent=742588"}],"wp:term":[{"taxonomy":"product_brand","embeddable":true,"href":"https:\/\/roveyayinevi.com.tr\/index.php\/wp-json\/wp\/v2\/product_brand?post=742588"},{"taxonomy":"product_cat","embeddable":true,"href":"https:\/\/roveyayinevi.com.tr\/index.php\/wp-json\/wp\/v2\/product_cat?post=742588"},{"taxonomy":"product_tag","embeddable":true,"href":"https:\/\/roveyayinevi.com.tr\/index.php\/wp-json\/wp\/v2\/product_tag?post=742588"}],"curies":[{"name":"wp","href":"https:\/\/api.w.org\/{rel}","templated":true}]}}