{"id":742587,"date":"2025-08-28T01:15:11","date_gmt":"2025-08-27T22:15:11","guid":{"rendered":"https:\/\/roveyayinevi.com.tr\/index.php\/urun\/adan-zye-aromaterapi-karisimlari-1\/"},"modified":"2026-04-16T02:53:47","modified_gmt":"2026-04-15T23:53:47","slug":"adan-zye-aromaterapi-karisimlari-1","status":"publish","type":"product","link":"https:\/\/roveyayinevi.com.tr\/index.php\/urun\/adan-zye-aromaterapi-karisimlari-1\/","title":{"rendered":"A\u2019dan Z\u2019ye Aromaterapi Kar\u0131\u015f\u0131mlar\u0131-1"},"content":{"rendered":"<p>Tamamlay\u0131c\u0131 T\u0131pta \u00d6zg\u00fcn ve G\u00fcvenli Kullan\u0131mlar\u0131yla   A\u2019dan Z\u2019ye Aromaterapi Kar\u0131\u015f\u0131mlar\u0131 &#8211; 1 Sa\u00e7, Cilt ve V\u00fccut Bak\u0131m\u0131   D\u00f6rt profes\u00f6rden sa\u00e7, cilt ve v\u00fccut sa\u011fl\u0131\u011f\u0131n\u0131 iyile\u015ftirmede kullan\u0131labilecek 328 \u00f6zg\u00fcn kar\u0131\u015f\u0131m\u0131   Sa\u00e7 d\u00f6k\u00fclmesinden kepeklenmeye, sa\u00e7 derisi problemlerinden sa\u00e7 uzamas\u0131na yard\u0131mc\u0131 form\u00fcllere kadar farkl\u0131 ve kolay kar\u0131\u015f\u0131mlarla sa\u00e7 sorunlar\u0131na \u00f6zg\u00fcn \u00e7\u00f6z\u00fcmler\u2026   Leke gidericiden g\u00fcne\u015f kremine, ka\u015f kirpik g\u00fc\u00e7lendiriciden cilt gen\u00e7le\u015ftiriciye, k\u0131r\u0131\u015f\u0131kl\u0131k sorunlar\u0131ndan elastikiyet kayb\u0131na kadar her t\u00fcrl\u00fc cilt sorununa farkl\u0131 ve kolay kar\u0131\u015f\u0131mlarla \u00f6zg\u00fcn bak\u0131m form\u00fclleri&#8230;   Diz dirsek kuruluklar\u0131ndan topuk \u00e7atlaklar\u0131na, sel\u00fclit sorunlar\u0131ndan t\u0131rnak k\u0131r\u0131lmas\u0131na, el ve ayak nemlendiricisinden do\u011fal deodoranta kadar v\u00fccut bak\u0131m\u0131 i\u00e7in farkl\u0131 ve kolay kar\u0131\u015f\u0131mlarla \u00f6zg\u00fcn form\u00fcller\u2026   T\u0131bbi bitkiler, binlerce y\u0131ld\u0131r halk sa\u011fl\u0131\u011f\u0131 i\u00e7in \u00f6nemli bir kaynak olarak de\u011ferlendirilir. T\u0131bbi bitkilerden elde edilen u\u00e7ucu ya\u011flar ve \u00f6zellikle aromaterapi uygulamalar\u0131 t\u00fcm d\u00fcnyada yayg\u0131n bir \u015fekilde kullan\u0131lmaktad\u0131r. Bilimsel \u00e7al\u0131\u015fmalar, u\u00e7ucu ya\u011flar\u0131n bir\u00e7ok farkl\u0131 t\u0131bbi etkiye sahip olduklar\u0131n\u0131 ortaya koymu\u015ftur.   Aromaterapi, u\u00e7ucu ya\u011flar kullan\u0131larak yap\u0131lan, geleneksel ve tamamlay\u0131c\u0131 bir tedavi y\u00f6ntemidir. Hem bedensel hem de ruhsal sa\u011fl\u0131\u011f\u0131 iyile\u015ftirdi\u011fi ve enerji d\u00fczeyini g\u00fc\u00e7lendirdi\u011fi kabul edilir. G\u00fcn\u00fcm\u00fczde aromaterapi uygulamalar\u0131ndan hastal\u0131klar\u0131n tedavisinde, sa\u011fl\u0131\u011f\u0131n s\u00fcrd\u00fcr\u00fclmesinde ve hastal\u0131klardan korunmada yararlan\u0131l\u0131r.   Aromaterapi uygulamalar\u0131nda kullan\u0131lmak \u00fczere haz\u0131rlanan kar\u0131\u015f\u0131mlarda u\u00e7ucu ya\u011flar\u0131n yan\u0131 s\u0131ra aromatik sular, balsamlar, absol\u00fcler, maseratlar ve sabit ya\u011flar gibi \u00e7e\u015fitli do\u011fal \u00fcr\u00fcnler de yer almaktad\u0131r.   Bu kitap, aralar\u0131nda Avrupa Farmokopesi (European Directorate for the Ouality of Medicine-EDQM) 13\/B (Herbal Drugs and Herbal Drug Preparations) uzmanlar grubu \u00fcyesi bir profes\u00f6r ile Avrupa Bilimsel Fitoterapi Birli\u011fi (European Scientific Cooperative on Phytotherapy-ESCOP) bilimsel komitesi dan\u0131\u015fman edit\u00f6rler kurulu \u00fcyesi bir profes\u00f6r\u00fcn de bulundu\u011fu, yurti\u00e7inde ve yurt d\u0131\u015f\u0131nda bir\u00e7ok bilimsel dergide makaleleri yay\u0131nlanan, 4 profes\u00f6rden olu\u015fan bir grup taraf\u0131ndan haz\u0131rlanm\u0131\u015ft\u0131r. \u00c7e\u015fitli bilimsel kaynaklar ve konuya ili\u015fkin web siteleri \u00fczerinde yap\u0131lan inceleme ve de\u011ferlendirmeler sonucunda derlenen bilgilerin, yazarlar\u0131n uzun y\u0131llara dayanan bilgi birikimleri ve deneyimlerinin s\u00fczgecinden ge\u00e7irilmesi ile kaleme al\u0131narak okuyucuya sunulmu\u015ftur.   Ayn\u0131 zamanda T\u00fcrkiye\u2019de \u00e7ok satan, Tamamlay\u0131c\u0131 T\u0131p Onay\u0131 ve G\u00fcvenli Kullan\u0131m \u00d6nerileriyle bir ilk olan \u2018A\u2019dan Z\u2019ye T\u0131bbi Bitkiler\u2019 ve \u2018A\u2019dan Z\u2019ye T\u0131bbi Ya\u011flar ve Aromatik Sular\u2019 kitaplar\u0131n\u0131n yazarlar\u0131ndan da olan d\u00f6rt profes\u00f6r, 6 ciltten olu\u015fan \u2018A\u2019dan Z\u2019ye Aromaterapi Kar\u0131\u015f\u0131mlar\u0131\u2019 serisinin bu ilk kitab\u0131nda t\u0131bbi etkinlikleri bilimsel olarak kan\u0131tlanm\u0131\u015f u\u00e7ucu ya\u011flardan ve di\u011fer do\u011fal \u00fcr\u00fcnlerden hareketle haz\u0131rlanan sa\u00e7, cilt ve v\u00fccut bak\u0131mlar\u0131nda ve sa\u011fl\u0131\u011f\u0131n\u0131 iyile\u015ftirmede kullan\u0131labilecek 328 \u00f6zg\u00fcn kar\u0131\u015f\u0131m\u0131 bizlere sunmaktad\u0131r.   Bu re\u00e7etelerin okurlar\u0131m\u0131z\u0131n v\u00fccut, zihin ve ruh sa\u011fl\u0131\u011f\u0131na iyi gelmesini dileriz.<\/p>\n","protected":false},"excerpt":{"rendered":"<p>Tamamlay\u0131c\u0131 T\u0131pta \u00d6zg\u00fcn ve G\u00fcvenli Kullan\u0131mlar\u0131yla A\u2019dan Z\u2019ye Aromaterapi Kar\u0131\u015f\u0131mlar\u0131 &#8211; 1 Sa\u00e7, Cilt ve V\u00fccut Bak\u0131m\u0131 D\u00f6rt profes\u00f6rden sa\u00e7, cilt ve v\u00fccut sa\u011fl\u0131\u011f\u0131n\u0131 iyile\u015ftirmede kullan\u0131labilecek<span class=\"excerpt-hellip\"> [\u2026]<\/span><\/p>\n","protected":false},"featured_media":0,"template":"","meta":{"_monsterinsights_skip_tracking":false,"_monsterinsights_sitenote_active":false,"_monsterinsights_sitenote_note":"","_monsterinsights_sitenote_category":0},"product_brand":[],"product_cat":[13397,13365],"product_tag":[],"class_list":{"0":"post-742587","1":"product","2":"type-product","3":"status-publish","5":"product_cat-alternatif-tip-sifali-bitkiler","6":"product_cat-saglik","7":"pa_cilt-ciltsiz","8":"pa_tur-kitap","9":"pa_yayinevi-hayykitap","10":"pa_yazar-kolektif","12":"first","13":"instock","14":"sale","15":"shipping-taxable","16":"purchasable","17":"product-type-simple"},"_links":{"self":[{"href":"https:\/\/roveyayinevi.com.tr\/index.php\/wp-json\/wp\/v2\/product\/742587","targetHints":{"allow":["GET"]}}],"collection":[{"href":"https:\/\/roveyayinevi.com.tr\/index.php\/wp-json\/wp\/v2\/product"}],"about":[{"href":"https:\/\/roveyayinevi.com.tr\/index.php\/wp-json\/wp\/v2\/types\/product"}],"wp:attachment":[{"href":"https:\/\/roveyayinevi.com.tr\/index.php\/wp-json\/wp\/v2\/media?parent=742587"}],"wp:term":[{"taxonomy":"product_brand","embeddable":true,"href":"https:\/\/roveyayinevi.com.tr\/index.php\/wp-json\/wp\/v2\/product_brand?post=742587"},{"taxonomy":"product_cat","embeddable":true,"href":"https:\/\/roveyayinevi.com.tr\/index.php\/wp-json\/wp\/v2\/product_cat?post=742587"},{"taxonomy":"product_tag","embeddable":true,"href":"https:\/\/roveyayinevi.com.tr\/index.php\/wp-json\/wp\/v2\/product_tag?post=742587"}],"curies":[{"name":"wp","href":"https:\/\/api.w.org\/{rel}","templated":true}]}}