{"id":742586,"date":"2025-08-28T01:15:10","date_gmt":"2025-08-27T22:15:10","guid":{"rendered":"https:\/\/roveyayinevi.com.tr\/index.php\/urun\/kendini-kabule-giden-yol\/"},"modified":"2026-04-12T02:57:49","modified_gmt":"2026-04-11T23:57:49","slug":"kendini-kabule-giden-yol","status":"publish","type":"product","link":"https:\/\/roveyayinevi.com.tr\/index.php\/urun\/kendini-kabule-giden-yol\/","title":{"rendered":"Kendini Kabule Giden Yol"},"content":{"rendered":"<p>Hepimiz ge\u00e7mi\u015ften bug\u00fcne hikayeler ta\u015f\u0131r\u0131z, kimi zaman travmalar, kimi zaman zorluklar\u2026 Peki bu hikayeler bizi nas\u0131l tan\u0131mlar? Ger\u00e7ek do\u011fam\u0131z\u0131 nas\u0131l gizler? Ge\u00e7mi\u015fi iyile\u015ftirmek ve daha iyi bir gelecek yaratmak nas\u0131l m\u00fcmk\u00fcn olabilir?   Terapist, yazar Lisa Olivera Kendine Kabule Giden Yol kitab\u0131nda sizleri \u00f6z-\u015fefkat ve kendini kabul etmeye y\u00f6nelik anlay\u0131\u015fl\u0131 ve derin bir yolculu\u011fa \u00e7\u0131kar\u0131yor. Do\u011fumundan birka\u00e7 saat sonra bir ormanda kayal\u0131klarda terk edilen ve sonras\u0131nda evlat edinilen Lisa Olivera, kendi ki\u015fisel deneyimini anlatarak, ait olamama, lay\u0131k olamama ve de\u011fersizlik duygular\u0131n\u0131z\u0131 nas\u0131l d\u00f6n\u00fc\u015ft\u00fcrebilece\u011finizi ortaya koyuyor. Ge\u00e7mi\u015fteki deneyimlerinizi yeni bir bak\u0131\u015f a\u00e7\u0131s\u0131yla ele alarak, hayatlar\u0131n\u0131za yeniden y\u00f6n vermek i\u00e7in size, cesaretlendirirken,  yeni bir umuda sar\u0131lman\u0131n do\u011furaca\u011f\u0131 mucizelerle size rehberlik ediyor. B\u00f6ylelikle en ba\u015f\u0131ndan beri sizde olan cevaplar\u0131 hat\u0131rlaman\u0131z\u0131 sa\u011fl\u0131yor.   Bu kitap, kendi hikayelerinizin yazar\u0131 oldu\u011funuzun g\u00fc\u00e7l\u00fc bir hat\u0131rlat\u0131c\u0131s\u0131d\u0131r.  <\/p>\n","protected":false},"excerpt":{"rendered":"<p>Hepimiz ge\u00e7mi\u015ften bug\u00fcne hikayeler ta\u015f\u0131r\u0131z, kimi zaman travmalar, kimi zaman zorluklar\u2026 Peki bu hikayeler bizi nas\u0131l tan\u0131mlar? Ger\u00e7ek do\u011fam\u0131z\u0131 nas\u0131l gizler? Ge\u00e7mi\u015fi iyile\u015ftirmek ve daha iyi<span class=\"excerpt-hellip\"> [\u2026]<\/span><\/p>\n","protected":false},"featured_media":0,"template":"","meta":{"_monsterinsights_skip_tracking":false,"_monsterinsights_sitenote_active":false,"_monsterinsights_sitenote_note":"","_monsterinsights_sitenote_category":0},"product_brand":[],"product_cat":[12364,12376],"product_tag":[],"class_list":{"0":"post-742586","1":"product","2":"type-product","3":"status-publish","5":"product_cat-genel-konular","6":"product_cat-kisisel-gelisim","7":"pa_cilt-ciltsiz","8":"pa_tur-kitap","9":"pa_yayinevi-serenad-yayinevi","10":"pa_yazar-lisa-olivera","12":"first","13":"instock","14":"sale","15":"shipping-taxable","16":"purchasable","17":"product-type-simple"},"_links":{"self":[{"href":"https:\/\/roveyayinevi.com.tr\/index.php\/wp-json\/wp\/v2\/product\/742586","targetHints":{"allow":["GET"]}}],"collection":[{"href":"https:\/\/roveyayinevi.com.tr\/index.php\/wp-json\/wp\/v2\/product"}],"about":[{"href":"https:\/\/roveyayinevi.com.tr\/index.php\/wp-json\/wp\/v2\/types\/product"}],"wp:attachment":[{"href":"https:\/\/roveyayinevi.com.tr\/index.php\/wp-json\/wp\/v2\/media?parent=742586"}],"wp:term":[{"taxonomy":"product_brand","embeddable":true,"href":"https:\/\/roveyayinevi.com.tr\/index.php\/wp-json\/wp\/v2\/product_brand?post=742586"},{"taxonomy":"product_cat","embeddable":true,"href":"https:\/\/roveyayinevi.com.tr\/index.php\/wp-json\/wp\/v2\/product_cat?post=742586"},{"taxonomy":"product_tag","embeddable":true,"href":"https:\/\/roveyayinevi.com.tr\/index.php\/wp-json\/wp\/v2\/product_tag?post=742586"}],"curies":[{"name":"wp","href":"https:\/\/api.w.org\/{rel}","templated":true}]}}