{"id":742585,"date":"2025-08-28T01:15:09","date_gmt":"2025-08-27T22:15:09","guid":{"rendered":"https:\/\/roveyayinevi.com.tr\/index.php\/urun\/mehmet-ali-aybar\/"},"modified":"2026-04-16T02:53:47","modified_gmt":"2026-04-15T23:53:47","slug":"mehmet-ali-aybar","status":"publish","type":"product","link":"https:\/\/roveyayinevi.com.tr\/index.php\/urun\/mehmet-ali-aybar\/","title":{"rendered":"Mehmet Ali Aybar"},"content":{"rendered":"<p>T\u00fcrkiye\u2019deki az say\u0131daki \u00f6zg\u00fcn ve yerli sol\/sosyalist d\u00fc\u015f\u00fcnceinsan\u0131ndan biri olan Mehmet Ali Aybar \u00f6nderi oldu\u011fu T\u00fcrkiye \u0130\u015f\u00e7iPartisi ile bir d\u00f6neme -kelimenin tam anlam\u0131yla- damga vurmu\u015ftu:T\u0130P, T\u00fcrkiye sol tarihinde e\u015fi benzeri g\u00f6r\u00fclmemi\u015f bir ba\u015far\u0131yla 1965se\u00e7imlerinde meclise 15 milletvekili sokmu\u015f; Aybar\u2019\u0131n kulland\u0131\u011f\u0131\u201cg\u00fcler y\u00fczl\u00fc sosyalizm\u201d, \u201cT\u00fcrkiye\u2019ye \u00f6zg\u00fc sosyalizm\u201d, \u201c\u00f6zg\u00fcrl\u00fck\u00e7\u00fcsosyalizm\u201d kavramlar\u0131 hem \u00f6nemli tart\u0131\u015fmalara hem b\u00f6l\u00fcnmelereyol a\u00e7m\u0131\u015ft\u0131.Bar\u0131\u015f \u00dcnl\u00fc bu kapsaml\u0131 incelemesinde sadece akademisyenli\u011findenhukuk\u00e7ulu\u011funa, gazetecili\u011finden siyaset\u00e7ili\u011fine detayl\u0131 bir MehmetAli Aybar biyografisi sunmakla kalm\u0131yor, esas olarak onun bir\u201csiyasal d\u00fc\u015f\u00fcn\u00fcr\u201d olarak portresini \u00e7iziyor. B\u00f6ylece Aybar \u00fczerindenasl\u0131nda T\u00fcrkiye\u2019nin ve solun ge\u00e7irdi\u011fi \u00e7e\u015fitli d\u00f6nemlerin tasviriniizlemek de m\u00fcmk\u00fcn hale geliyor.T\u00fcrkiye sol siyasetinin seyri her s\u00f6z konusu oldu\u011funda mutlakad\u00f6n\u00fcp bak\u0131lmas\u0131 gereken biri olan Mehmet Ali Aybar\u2019\u0131n siyasi ved\u00fc\u015f\u00fcnsel \u00e7izgisini anlamak i\u00e7in \u00e7ok \u00f6nemli bir kaynak&#8230;<\/p>\n","protected":false},"excerpt":{"rendered":"<p>T\u00fcrkiye\u2019deki az say\u0131daki \u00f6zg\u00fcn ve yerli sol\/sosyalist d\u00fc\u015f\u00fcnceinsan\u0131ndan biri olan Mehmet Ali Aybar \u00f6nderi oldu\u011fu T\u00fcrkiye \u0130\u015f\u00e7iPartisi ile bir d\u00f6neme -kelimenin tam anlam\u0131yla- damga vurmu\u015ftu:T\u0130P, T\u00fcrkiye<span class=\"excerpt-hellip\"> [\u2026]<\/span><\/p>\n","protected":false},"featured_media":0,"template":"","meta":{"_monsterinsights_skip_tracking":false,"_monsterinsights_sitenote_active":false,"_monsterinsights_sitenote_note":"","_monsterinsights_sitenote_category":0},"product_brand":[],"product_cat":[14009,12291],"product_tag":[],"class_list":{"0":"post-742585","1":"product","2":"type-product","3":"status-publish","5":"product_cat-biyografi-otobiyografi-edebiyat","6":"product_cat-edebiyat","7":"pa_cilt-ciltsiz","8":"pa_tur-kitap","9":"pa_yayinevi-iletisim-yayinlari","10":"pa_yazar-baris-unlu","12":"first","13":"instock","14":"sale","15":"shipping-taxable","16":"purchasable","17":"product-type-simple"},"_links":{"self":[{"href":"https:\/\/roveyayinevi.com.tr\/index.php\/wp-json\/wp\/v2\/product\/742585","targetHints":{"allow":["GET"]}}],"collection":[{"href":"https:\/\/roveyayinevi.com.tr\/index.php\/wp-json\/wp\/v2\/product"}],"about":[{"href":"https:\/\/roveyayinevi.com.tr\/index.php\/wp-json\/wp\/v2\/types\/product"}],"wp:attachment":[{"href":"https:\/\/roveyayinevi.com.tr\/index.php\/wp-json\/wp\/v2\/media?parent=742585"}],"wp:term":[{"taxonomy":"product_brand","embeddable":true,"href":"https:\/\/roveyayinevi.com.tr\/index.php\/wp-json\/wp\/v2\/product_brand?post=742585"},{"taxonomy":"product_cat","embeddable":true,"href":"https:\/\/roveyayinevi.com.tr\/index.php\/wp-json\/wp\/v2\/product_cat?post=742585"},{"taxonomy":"product_tag","embeddable":true,"href":"https:\/\/roveyayinevi.com.tr\/index.php\/wp-json\/wp\/v2\/product_tag?post=742585"}],"curies":[{"name":"wp","href":"https:\/\/api.w.org\/{rel}","templated":true}]}}