{"id":742584,"date":"2025-08-28T01:15:08","date_gmt":"2025-08-27T22:15:08","guid":{"rendered":"https:\/\/roveyayinevi.com.tr\/index.php\/urun\/istanbul-aglayan-sehir\/"},"modified":"2026-04-16T02:53:47","modified_gmt":"2026-04-15T23:53:47","slug":"istanbul-aglayan-sehir","status":"publish","type":"product","link":"https:\/\/roveyayinevi.com.tr\/index.php\/urun\/istanbul-aglayan-sehir\/","title":{"rendered":"\u0130stanbul A\u011flayan \u015eehir"},"content":{"rendered":"<p>\u0130stanbul! B\u00fcy\u00fcl\u00fc, masals\u0131 bir \u015fehir. Ayasofya, Sultanahmet, S\u00fcleymaniye, Fatih camileri. Semtlerden semtlere de\u011fi\u015fen iklim g\u00fczelli\u011fi. Galata Kulesi, K\u0131z Kulesi, \u00dcsk\u00fcdar, \u00c7engelk\u00f6y, \u0130stinye, Kanl\u0131ca, Kalam\u0131\u015f\u2026 \u015eiirlerde, \u015fark\u0131larda, kitaplarda, hat\u0131ralarda kalm\u0131\u015f, eski \u0130stanbul.\u015eimdi kaotik bir metropol. Gittik\u00e7e kendi dengesini yitiren bir dev.Bu kitapta eski \u0130stanbul\u2019a ait pek \u00e7ok renkle, ahenkle, sesle, motifle, desenle, dekorla kar\u015f\u0131la\u015facaks\u0131n\u0131z.\u0130stanbul\u2019un bir taraf\u0131 g\u00fclerken, di\u011fer taraf\u0131 hep i\u00e7li g\u00f6zya\u015flar\u0131 d\u00f6ker.Bitmez t\u00fckenmez \u0130stanbul\u2019a bir mersiye oldu\u011fu kadar bir g\u00f6zya\u015f\u0131 kasidesi.Haldun H\u00fcrel i\u00e7tenli\u011fiyle\u2026<\/p>\n","protected":false},"excerpt":{"rendered":"<p>\u0130stanbul! B\u00fcy\u00fcl\u00fc, masals\u0131 bir \u015fehir. Ayasofya, Sultanahmet, S\u00fcleymaniye, Fatih camileri. Semtlerden semtlere de\u011fi\u015fen iklim g\u00fczelli\u011fi. Galata Kulesi, K\u0131z Kulesi, \u00dcsk\u00fcdar, \u00c7engelk\u00f6y, \u0130stinye, Kanl\u0131ca, Kalam\u0131\u015f\u2026 \u015eiirlerde, \u015fark\u0131larda,<span class=\"excerpt-hellip\"> [\u2026]<\/span><\/p>\n","protected":false},"featured_media":0,"template":"","meta":{"_monsterinsights_skip_tracking":false,"_monsterinsights_sitenote_active":false,"_monsterinsights_sitenote_note":"","_monsterinsights_sitenote_category":0},"product_brand":[],"product_cat":[13054,20153],"product_tag":[],"class_list":{"0":"post-742584","1":"product","2":"type-product","3":"status-publish","5":"product_cat-gezi-ve-rehber-kitaplari","6":"product_cat-istanbul-rehberi","7":"pa_cilt-ciltsiz","8":"pa_tur-kitap","9":"pa_yayinevi-kapi-yayinlari","10":"pa_yazar-haldun-hurel","12":"first","13":"instock","14":"sale","15":"shipping-taxable","16":"purchasable","17":"product-type-simple"},"_links":{"self":[{"href":"https:\/\/roveyayinevi.com.tr\/index.php\/wp-json\/wp\/v2\/product\/742584","targetHints":{"allow":["GET"]}}],"collection":[{"href":"https:\/\/roveyayinevi.com.tr\/index.php\/wp-json\/wp\/v2\/product"}],"about":[{"href":"https:\/\/roveyayinevi.com.tr\/index.php\/wp-json\/wp\/v2\/types\/product"}],"wp:attachment":[{"href":"https:\/\/roveyayinevi.com.tr\/index.php\/wp-json\/wp\/v2\/media?parent=742584"}],"wp:term":[{"taxonomy":"product_brand","embeddable":true,"href":"https:\/\/roveyayinevi.com.tr\/index.php\/wp-json\/wp\/v2\/product_brand?post=742584"},{"taxonomy":"product_cat","embeddable":true,"href":"https:\/\/roveyayinevi.com.tr\/index.php\/wp-json\/wp\/v2\/product_cat?post=742584"},{"taxonomy":"product_tag","embeddable":true,"href":"https:\/\/roveyayinevi.com.tr\/index.php\/wp-json\/wp\/v2\/product_tag?post=742584"}],"curies":[{"name":"wp","href":"https:\/\/api.w.org\/{rel}","templated":true}]}}