{"id":742583,"date":"2025-08-28T01:15:07","date_gmt":"2025-08-27T22:15:07","guid":{"rendered":"https:\/\/roveyayinevi.com.tr\/index.php\/urun\/bu-kitap-senin-icin\/"},"modified":"2026-04-16T02:53:47","modified_gmt":"2026-04-15T23:53:47","slug":"bu-kitap-senin-icin","status":"publish","type":"product","link":"https:\/\/roveyayinevi.com.tr\/index.php\/urun\/bu-kitap-senin-icin\/","title":{"rendered":"Bu Kitap Senin \u0130\u00e7in"},"content":{"rendered":"<p>Sevilen \u00e7izer Worry Lines bu kitab\u0131nda umut, kayg\u0131 ve damla \u00e7ikolatal\u0131 kurabiyeleri; tad\u0131ndan yenmeyecek kadar e\u011flenceli ve herkesin muhakkak kendinden bir \u015feyler bulabilece\u011fi resimli bir \u00f6yk\u00fcyle anlat\u0131yor. Instagram\u2019da g\u00fcnl\u00fck olarak payla\u015ft\u0131\u011f\u0131 \u00e7izimleriyle y\u00fcrekleri fetheden Worry Lines, hayranlar\u0131n\u0131n en \u00e7ok be\u011fendi\u011fi konular\u0131 al\u0131p i\u015fleyerek ortaya, kitab\u0131n yap\u0131m a\u015famalar\u0131n\u0131 da dahil etti\u011fi bamba\u015fka bir \u00f6yk\u00fc \u00e7\u0131kard\u0131. Anksiyetenin pen\u00e7esinde at\u0131lan ilk ad\u0131mlardan, umut dolu, sonuna kadar t\u00fcm yarat\u0131m s\u00fcre\u00e7lerine tan\u0131k olabildi\u011fimiz Bu Kitap Senin \u0130\u00e7in, kayg\u0131 denen \u015feyin cana yak\u0131n ve a\u00e7\u0131k y\u00fcrekli bir resmini \u00e7iziyor. A\u015fa\u011f\u0131dakilerden biri ya da birka\u00e7\u0131 sana uyuyorsa bu kitap tam senin i\u00e7in demektir: 1. Cesur Kayg\u0131c\u0131 (CK) 2. Tam Bir Efsane (TBE) 3. Herhangi Bir \u015eeyi Hafiften Dert Eden (HB\u015eHDE) ve Her \u015eeyden Dibine Kadar Endi\u015felenen (H\u015eDKE) aras\u0131nda bir yerlerdeysen.<\/p>\n","protected":false},"excerpt":{"rendered":"<p>Sevilen \u00e7izer Worry Lines bu kitab\u0131nda umut, kayg\u0131 ve damla \u00e7ikolatal\u0131 kurabiyeleri; tad\u0131ndan yenmeyecek kadar e\u011flenceli ve herkesin muhakkak kendinden bir \u015feyler bulabilece\u011fi resimli bir \u00f6yk\u00fcyle<span class=\"excerpt-hellip\"> [\u2026]<\/span><\/p>\n","protected":false},"featured_media":0,"template":"","meta":{"_monsterinsights_skip_tracking":false,"_monsterinsights_sitenote_active":false,"_monsterinsights_sitenote_note":"","_monsterinsights_sitenote_category":0},"product_brand":[],"product_cat":[20502,12357],"product_tag":[],"class_list":{"0":"post-742583","1":"product","2":"type-product","3":"status-publish","5":"product_cat-basvuru-kitaplari-psikoloji","6":"product_cat-psikoloji","7":"pa_cilt-ciltsiz","8":"pa_tur-kitap","9":"pa_yayinevi-serenad-yayinevi","10":"pa_yazar-worry-lines","12":"first","13":"instock","14":"sale","15":"shipping-taxable","16":"purchasable","17":"product-type-simple"},"_links":{"self":[{"href":"https:\/\/roveyayinevi.com.tr\/index.php\/wp-json\/wp\/v2\/product\/742583","targetHints":{"allow":["GET"]}}],"collection":[{"href":"https:\/\/roveyayinevi.com.tr\/index.php\/wp-json\/wp\/v2\/product"}],"about":[{"href":"https:\/\/roveyayinevi.com.tr\/index.php\/wp-json\/wp\/v2\/types\/product"}],"wp:attachment":[{"href":"https:\/\/roveyayinevi.com.tr\/index.php\/wp-json\/wp\/v2\/media?parent=742583"}],"wp:term":[{"taxonomy":"product_brand","embeddable":true,"href":"https:\/\/roveyayinevi.com.tr\/index.php\/wp-json\/wp\/v2\/product_brand?post=742583"},{"taxonomy":"product_cat","embeddable":true,"href":"https:\/\/roveyayinevi.com.tr\/index.php\/wp-json\/wp\/v2\/product_cat?post=742583"},{"taxonomy":"product_tag","embeddable":true,"href":"https:\/\/roveyayinevi.com.tr\/index.php\/wp-json\/wp\/v2\/product_tag?post=742583"}],"curies":[{"name":"wp","href":"https:\/\/api.w.org\/{rel}","templated":true}]}}