{"id":742580,"date":"2025-08-28T01:15:04","date_gmt":"2025-08-27T22:15:04","guid":{"rendered":"https:\/\/roveyayinevi.com.tr\/index.php\/urun\/bir-subayin-28-subat-hatirati\/"},"modified":"2026-04-16T02:53:47","modified_gmt":"2026-04-15T23:53:47","slug":"bir-subayin-28-subat-hatirati","status":"publish","type":"product","link":"https:\/\/roveyayinevi.com.tr\/index.php\/urun\/bir-subayin-28-subat-hatirati\/","title":{"rendered":"Bir Subay\u0131n 28 \u015eubat Hat\u0131rat\u0131"},"content":{"rendered":"<p>Bu kitap; \u00fclkemizde ya\u015fanan darbeler zincirinin bir halkas\u0131 olan 28 \u015eubat postmodern darbesini bir asker olarak ya\u015fam\u0131\u015f ve sine-i millete ihra\u00e7 edilmi\u015f bir y\u00fczba\u015f\u0131 taraf\u0131ndan kaleme al\u0131nd\u0131. Kitap, sadece 28 \u015eubat\u2019\u0131 de\u011fil, b\u00fct\u00fcn darbeleri, bu darbelerin arka plan\u0131ndaki ger\u00e7ek akt\u00f6rlerin kim oldu\u011funu, bu akt\u00f6rlerin \u201cbizim \u00e7ocuklar ba\u015fard\u0131\u201d c\u00fcmlesi ile tan\u0131mlad\u0131\u011f\u0131 ordumuzda milli iradeye kar\u015f\u0131 su\u00e7 i\u015fleyen ve demokratik s\u00fcre\u00e7leri kesintiye u\u011fratan darbeci zihniyetin ideolojik olarak nas\u0131l kodland\u0131\u011f\u0131n\u0131, darbelere nas\u0131l ortam haz\u0131rland\u0131\u011f\u0131n\u0131 de\u015fifre ediyor. 12 Eyl\u00fcl Darbesi yap\u0131ld\u0131\u011f\u0131nda hen\u00fcz bir askeri lise \u00f6\u011frencisi olan yazar, bir Peygamber Oca\u011f\u0131 olan ordumuzun hiyerar\u015fik yap\u0131s\u0131na musallat olan 28 \u015eubat zihniyetinin, mensubu oldu\u011fumuz bu aziz milletin milli, tarihi ve manevi t\u00fcm inan\u00e7 ve de\u011ferlerine ba\u011fl\u0131 olanlara nas\u0131l bir fatura \u00f6dettiklerini kendi ya\u015fad\u0131klar\u0131ndan kesitler sunarak ortaya koyuyor. Bu kitap ge\u00e7mi\u015fe bir ayna, gelece\u011fe bir \u0131\u015f\u0131k tutan tarihi bir vesikad\u0131r. \u201cGenel askeri tutum ve davran\u0131\u015flar\u0131n\u0131z\u0131n, ald\u0131\u011f\u0131n\u0131z emirlere reaksiyon s\u00fcrati ve g\u00f6revi ba\u015farmadaki gayretiniz, meslek sevginiz, emirlere ba\u011fl\u0131l\u0131\u011f\u0131n\u0131z ve sadakatiniz, mazbut aile ya\u015fant\u0131n\u0131z, sosyal faaliyetlere katk\u0131n\u0131z b\u00fct\u00fcn astlar\u0131n\u0131za \u00f6rnek olacak seviyededir\u201d \u015feklinde ve benzeri 21 adet takdirname ile \u00f6d\u00fcllendirilen disiplinli bir subay\u0131n, neden \u201cdisiplinsizlik\u201dten ihra\u00e7 edildi\u011fini, ordudan \u00e7\u0131kar\u0131lan bu ger\u00e7ek vatan evlatlar\u0131 harcanarak, ger\u00e7ekte kimlere yol a\u00e7\u0131ld\u0131\u011f\u0131n\u0131 ibretle ve hayretle okuyacaks\u0131n\u0131z. 28 \u015eubat askeri darbesi ile 15 Temmuz ba\u015far\u0131s\u0131z darbe giri\u015fimine nas\u0131l zemin haz\u0131rland\u0131\u011f\u0131na bizzat \u015fahit olacaks\u0131n\u0131z. <\/p>\n","protected":false},"excerpt":{"rendered":"<p>Bu kitap; \u00fclkemizde ya\u015fanan darbeler zincirinin bir halkas\u0131 olan 28 \u015eubat postmodern darbesini bir asker olarak ya\u015fam\u0131\u015f ve sine-i millete ihra\u00e7 edilmi\u015f bir y\u00fczba\u015f\u0131 taraf\u0131ndan kaleme<span class=\"excerpt-hellip\"> [\u2026]<\/span><\/p>\n","protected":false},"featured_media":0,"template":"","meta":{"_monsterinsights_skip_tracking":false,"_monsterinsights_sitenote_active":false,"_monsterinsights_sitenote_note":"","_monsterinsights_sitenote_category":0},"product_brand":[],"product_cat":[12304],"product_tag":[],"class_list":{"0":"post-742580","1":"product","2":"type-product","3":"status-publish","5":"product_cat-tarih","6":"pa_cilt-ciltsiz","7":"pa_tur-kitap","8":"pa_yayinevi-caglayan-kitap","9":"pa_yazar-yuzbasi-sadik-guray-balatekin","11":"first","12":"instock","13":"sale","14":"shipping-taxable","15":"purchasable","16":"product-type-simple"},"_links":{"self":[{"href":"https:\/\/roveyayinevi.com.tr\/index.php\/wp-json\/wp\/v2\/product\/742580","targetHints":{"allow":["GET"]}}],"collection":[{"href":"https:\/\/roveyayinevi.com.tr\/index.php\/wp-json\/wp\/v2\/product"}],"about":[{"href":"https:\/\/roveyayinevi.com.tr\/index.php\/wp-json\/wp\/v2\/types\/product"}],"wp:attachment":[{"href":"https:\/\/roveyayinevi.com.tr\/index.php\/wp-json\/wp\/v2\/media?parent=742580"}],"wp:term":[{"taxonomy":"product_brand","embeddable":true,"href":"https:\/\/roveyayinevi.com.tr\/index.php\/wp-json\/wp\/v2\/product_brand?post=742580"},{"taxonomy":"product_cat","embeddable":true,"href":"https:\/\/roveyayinevi.com.tr\/index.php\/wp-json\/wp\/v2\/product_cat?post=742580"},{"taxonomy":"product_tag","embeddable":true,"href":"https:\/\/roveyayinevi.com.tr\/index.php\/wp-json\/wp\/v2\/product_tag?post=742580"}],"curies":[{"name":"wp","href":"https:\/\/api.w.org\/{rel}","templated":true}]}}