{"id":742579,"date":"2025-08-28T01:15:03","date_gmt":"2025-08-27T22:15:03","guid":{"rendered":"https:\/\/roveyayinevi.com.tr\/index.php\/urun\/iliskim-bitmeli-mi-bitmemeli-mi\/"},"modified":"2026-04-16T02:53:47","modified_gmt":"2026-04-15T23:53:47","slug":"iliskim-bitmeli-mi-bitmemeli-mi","status":"publish","type":"product","link":"https:\/\/roveyayinevi.com.tr\/index.php\/urun\/iliskim-bitmeli-mi-bitmemeli-mi\/","title":{"rendered":"\u0130li\u015fkim Bitmeli mi Bitmemeli mi?"},"content":{"rendered":"<p>\u00c7o\u011fumuz \u00e2\u015f\u0131k olmak ve ili\u015fkiye ba\u015flamak konusunda ak\u0131\u015fta olsak da ili\u015fkimiz yara ald\u0131\u011f\u0131nda veya bir \u015feyler istedi\u011fimiz gibi gitmedi\u011finde ayr\u0131l\u0131k karar\u0131 almakla ili\u015fkiyi kurtarmak aras\u0131nda karars\u0131zl\u0131\u011fa d\u00fc\u015feriz. Bu kitap bu karars\u0131zl\u0131\u011f\u0131n\u0131z\u0131 en verimli \u015fekilde net bir karara d\u00f6n\u00fc\u015ft\u00fcrme yolculu\u011funuzda rehberlik ederken hayat\u0131n\u0131za ve kendinize dair do\u011fru hareketin tam olarak ne oldu\u011funu bulman\u0131z i\u00e7in gereken ara\u00e7lar\u0131 sa\u011fl\u0131yor. Karen Lin ileriye d\u00f6n\u00fck basit ve nazik yol i\u00e7in size bir art\u0131 eksi listesi sunmuyor. Daha detayl\u0131 bir \u015fekilde bir yol haritas\u0131 \u00e7izmenizi sa\u011flayacak plan\u0131n\u0131 payla\u015f\u0131yor. -Su\u00e7luluk veya korku duymadan bir karar verin, -\u015e\u00fcphe ve belirsizlikle kendinize i\u015fkence etmeyi b\u0131rak\u0131n, -\u0130li\u015fkiden ihtiya\u00e7 duydu\u011funuz \u015feyi elde edip etmeyece\u011finizi de\u011ferlendirin, -Ne yapaca\u011f\u0131n\u0131za karar vermenin duygusal y\u00fck\u00fcn\u00fcn \u00fcstesinden gelin, -Sonuca g\u00fcvenmek i\u00e7in ko\u015fullar\u0131 yarat\u0131n. Sizin i\u00e7in karar zaman\u0131. Karen Lin ile ili\u015fkinizin bir sonraki ad\u0131m\u0131n\u0131 ke\u015ffedin!<\/p>\n","protected":false},"excerpt":{"rendered":"<p>\u00c7o\u011fumuz \u00e2\u015f\u0131k olmak ve ili\u015fkiye ba\u015flamak konusunda ak\u0131\u015fta olsak da ili\u015fkimiz yara ald\u0131\u011f\u0131nda veya bir \u015feyler istedi\u011fimiz gibi gitmedi\u011finde ayr\u0131l\u0131k karar\u0131 almakla ili\u015fkiyi kurtarmak aras\u0131nda karars\u0131zl\u0131\u011fa<span class=\"excerpt-hellip\"> [\u2026]<\/span><\/p>\n","protected":false},"featured_media":0,"template":"","meta":{"_monsterinsights_skip_tracking":false,"_monsterinsights_sitenote_active":false,"_monsterinsights_sitenote_note":"","_monsterinsights_sitenote_category":0},"product_brand":[],"product_cat":[20502,12357],"product_tag":[],"class_list":{"0":"post-742579","1":"product","2":"type-product","3":"status-publish","5":"product_cat-basvuru-kitaplari-psikoloji","6":"product_cat-psikoloji","7":"pa_cilt-ciltsiz","8":"pa_tur-kitap","9":"pa_yayinevi-sola-unitas","10":"pa_yazar-karen-lin","12":"first","13":"instock","14":"sale","15":"shipping-taxable","16":"purchasable","17":"product-type-simple"},"_links":{"self":[{"href":"https:\/\/roveyayinevi.com.tr\/index.php\/wp-json\/wp\/v2\/product\/742579","targetHints":{"allow":["GET"]}}],"collection":[{"href":"https:\/\/roveyayinevi.com.tr\/index.php\/wp-json\/wp\/v2\/product"}],"about":[{"href":"https:\/\/roveyayinevi.com.tr\/index.php\/wp-json\/wp\/v2\/types\/product"}],"wp:attachment":[{"href":"https:\/\/roveyayinevi.com.tr\/index.php\/wp-json\/wp\/v2\/media?parent=742579"}],"wp:term":[{"taxonomy":"product_brand","embeddable":true,"href":"https:\/\/roveyayinevi.com.tr\/index.php\/wp-json\/wp\/v2\/product_brand?post=742579"},{"taxonomy":"product_cat","embeddable":true,"href":"https:\/\/roveyayinevi.com.tr\/index.php\/wp-json\/wp\/v2\/product_cat?post=742579"},{"taxonomy":"product_tag","embeddable":true,"href":"https:\/\/roveyayinevi.com.tr\/index.php\/wp-json\/wp\/v2\/product_tag?post=742579"}],"curies":[{"name":"wp","href":"https:\/\/api.w.org\/{rel}","templated":true}]}}