{"id":742578,"date":"2025-08-28T01:15:01","date_gmt":"2025-08-27T22:15:01","guid":{"rendered":"https:\/\/roveyayinevi.com.tr\/index.php\/urun\/mavi-karga\/"},"modified":"2026-04-05T02:59:00","modified_gmt":"2026-04-04T23:59:00","slug":"mavi-karga","status":"publish","type":"product","link":"https:\/\/roveyayinevi.com.tr\/index.php\/urun\/mavi-karga\/","title":{"rendered":"Mavi Karga"},"content":{"rendered":"<p>\u201cBalinan\u0131n karn\u0131nda s\u00fcr\u00fcp giden g\u00fcnlerde kimisi pembeye, kimisi ye\u015file, kimisi sar\u0131ya, kimisi de mora, turuncuya d\u00f6n\u00fc\u015fmeye ba\u015flayan reng\u00e2renk bir ku\u015f ordusuyduk art\u0131k. R\u00fczg\u00e2r\u0131n ard\u0131ndan s\u00f6k\u00fcn eden ya\u011fmurun y\u0131kad\u0131\u011f\u0131 t\u00fcylerimizden akan renkli sular, g\u00f6\u011f\u00fcn bo\u015flu\u011fundan yerin y\u00fcz\u00fcne sa\u011fanak halinde iniyordu. I\u015f\u0131k huzmeleri, g\u00f6\u011f\u00fc ve yeri birbirine ba\u011flayan bir s\u00fctuna d\u00f6n\u00fc\u015fm\u00fc\u015ft\u00fc. Ac\u0131 \u00e7\u0131\u011fl\u0131klarla sallanan g\u00f6k bir daha yere d\u00fc\u015fmeyecekti. Ve d\u00fcnya art\u0131k siyah beyaz de\u011fildi.\u201d Prangalar i\u00e7inde \u00f6lmeye yat\u0131r\u0131lm\u0131\u015f bir kad\u0131na hik\u00e2yeler anlat\u0131yor bir karga: Ulu ceviz a\u011fac\u0131n\u0131n alt\u0131nda, Kargaba\u015f\u2019\u0131n Kutsal Mezbele\u2019sinde le\u015fle beslenip yery\u00fcz\u00fcn\u00fc bir\u00f6rnek \u00f6t\u00fc\u015fleriyle dolduran ve Di\u015fikargaba\u015f\u2019\u0131n t\u00fcylerinin y\u0131ld\u0131zlardan bile parlak olmas\u0131 i\u00e7in mutsuz g\u00f6zya\u015flar\u0131 d\u00f6ken kargalar; g\u00fcn\u00fcn birinde sevmek, \u00e2\u015f\u0131k olmak, hep bir a\u011f\u0131zdan \u015fark\u0131 s\u00f6ylemek, baldan tatl\u0131 dutlar\u0131 yemek, kanatlar\u0131yla g\u00f6ky\u00fcz\u00fcne resimler \u00e7izmek istediklerinde Kargaba\u015f\u2019\u0131n kara saltanat\u0131n\u0131 y\u0131k\u0131yorlar. G\u00f6ky\u00fcz\u00fcn\u00fc bir \u015fenlik yerine d\u00f6n\u00fc\u015ft\u00fcr\u00fcyorlar. T\u00fcrkan El\u00e7i\u2019den y\u00fcre\u011finize seslenecek bir roman. <\/p>\n","protected":false},"excerpt":{"rendered":"<p>\u201cBalinan\u0131n karn\u0131nda s\u00fcr\u00fcp giden g\u00fcnlerde kimisi pembeye, kimisi ye\u015file, kimisi sar\u0131ya, kimisi de mora, turuncuya d\u00f6n\u00fc\u015fmeye ba\u015flayan reng\u00e2renk bir ku\u015f ordusuyduk art\u0131k. R\u00fczg\u00e2r\u0131n ard\u0131ndan s\u00f6k\u00fcn eden<span class=\"excerpt-hellip\"> [\u2026]<\/span><\/p>\n","protected":false},"featured_media":0,"template":"","meta":{"_monsterinsights_skip_tracking":false,"_monsterinsights_sitenote_active":false,"_monsterinsights_sitenote_note":"","_monsterinsights_sitenote_category":0},"product_brand":[],"product_cat":[12291,12711],"product_tag":[],"class_list":{"0":"post-742578","1":"product","2":"type-product","3":"status-publish","5":"product_cat-edebiyat","6":"product_cat-roman-oyku","7":"pa_cilt-ciltsiz","8":"pa_tur-kitap","9":"pa_yayinevi-dogan-kitap","10":"pa_yazar-turkan-elci","12":"first","13":"instock","14":"sale","15":"shipping-taxable","16":"purchasable","17":"product-type-simple"},"_links":{"self":[{"href":"https:\/\/roveyayinevi.com.tr\/index.php\/wp-json\/wp\/v2\/product\/742578","targetHints":{"allow":["GET"]}}],"collection":[{"href":"https:\/\/roveyayinevi.com.tr\/index.php\/wp-json\/wp\/v2\/product"}],"about":[{"href":"https:\/\/roveyayinevi.com.tr\/index.php\/wp-json\/wp\/v2\/types\/product"}],"wp:attachment":[{"href":"https:\/\/roveyayinevi.com.tr\/index.php\/wp-json\/wp\/v2\/media?parent=742578"}],"wp:term":[{"taxonomy":"product_brand","embeddable":true,"href":"https:\/\/roveyayinevi.com.tr\/index.php\/wp-json\/wp\/v2\/product_brand?post=742578"},{"taxonomy":"product_cat","embeddable":true,"href":"https:\/\/roveyayinevi.com.tr\/index.php\/wp-json\/wp\/v2\/product_cat?post=742578"},{"taxonomy":"product_tag","embeddable":true,"href":"https:\/\/roveyayinevi.com.tr\/index.php\/wp-json\/wp\/v2\/product_tag?post=742578"}],"curies":[{"name":"wp","href":"https:\/\/api.w.org\/{rel}","templated":true}]}}