{"id":742577,"date":"2025-08-28T01:15:00","date_gmt":"2025-08-27T22:15:00","guid":{"rendered":"https:\/\/roveyayinevi.com.tr\/index.php\/urun\/sufinin-yolu\/"},"modified":"2026-04-16T02:53:47","modified_gmt":"2026-04-15T23:53:47","slug":"sufinin-yolu","status":"publish","type":"product","link":"https:\/\/roveyayinevi.com.tr\/index.php\/urun\/sufinin-yolu\/","title":{"rendered":"Sufi&#8217;nin Yolu"},"content":{"rendered":"<p>Sufi, Gerekti\u011finde Ba\u015fkalar\u0131n\u0131n Yapt\u0131\u011f\u0131n\u0131 Yapand\u0131r. Gerekti\u011finde \u0130se Ba\u015fkalar\u0131n\u0131n Yapamad\u0131\u011f\u0131n\u0131 Da Yapand\u0131r.\u201dO, yery\u00fcz\u00fcn\u00fc \u00e7e\u015fitli k\u0131l\u0131klarda, sizin bilmedi\u011finiz vas\u0131talarla dola\u015fan H\u0131z\u0131r gibidir. E\u011fer b\u00f6yleyse, onu bir g\u00fcn koyun otlat\u0131rken g\u00f6r\u00fcrs\u00fcn\u00fcz, ertesi g\u00fcn alt\u0131n bir kadehten yudumlarken.O senin rehberinse, parlakl\u0131\u011f\u0131ndan seni de yararland\u0131r\u0131r; sen bunu o s\u0131rada fark etsen de etmesen de.Onunla kar\u015f\u0131la\u015ft\u0131\u011f\u0131nda, bilsen de bilmesen de seni etkileyecektir. S\u00f6yledikleri veya yapt\u0131klar\u0131 sana tutars\u0131z hatta anla\u015f\u0131lmaz g\u00f6r\u00fcnebilir. Fakat anlaml\u0131d\u0131r. Seni \u015fa\u015f\u0131rtabilir veya sinirlendirebilir. Bu kas\u0131tl\u0131 ve gereklidir. \u0130yili\u011fe k\u00f6t\u00fcl\u00fckle, k\u00f6t\u00fcl\u00fc\u011fe iyilikle kar\u015f\u0131l\u0131k veriyor g\u00f6z\u00fckebilir. Fakat ne yapt\u0131\u011f\u0131n\u0131 yaln\u0131zca az say\u0131da ki\u015fi bilir. O Sufi\u2019dir ve Sufi \u201cA\u015fk\u201d demektir.Kitaplar\u0131 yirmi dile \u00e7evrilen ve d\u00fcnyada on be\u015f milyondan fazla satan Sufi d\u00fc\u015f\u00fcn\u00fcr \u0130dris \u015eah, Sufi gelene\u011finin derin ve zengin d\u00fcnyas\u0131n\u0131 modern bir anlat\u0131mla ele al\u0131yor. \u0130dris \u015eah, Sufizm\u2019i \u00e7e\u015fitli y\u00f6nleriyle incelerken, g\u00fcn\u00fcm\u00fcz felsefi inan\u0131\u015f ve \u00f6\u011fretilerine etkilerini g\u00f6zler \u00f6n\u00fcne seriyor. Mevlana, \u00d6mer Hayyam, Bayezid Bistami ve daha pek \u00e7ok b\u00fcy\u00fck Sufi\u2019nin ilkeleriyle \u00f6rd\u00fc\u011f\u00fc bu kitapla aray\u0131\u015f\u0131n\u0131z\u0131 ayd\u0131nlatacak bir mum yak\u0131yor.<\/p>\n","protected":false},"excerpt":{"rendered":"<p>Sufi, Gerekti\u011finde Ba\u015fkalar\u0131n\u0131n Yapt\u0131\u011f\u0131n\u0131 Yapand\u0131r. Gerekti\u011finde \u0130se Ba\u015fkalar\u0131n\u0131n Yapamad\u0131\u011f\u0131n\u0131 Da Yapand\u0131r.\u201dO, yery\u00fcz\u00fcn\u00fc \u00e7e\u015fitli k\u0131l\u0131klarda, sizin bilmedi\u011finiz vas\u0131talarla dola\u015fan H\u0131z\u0131r gibidir. E\u011fer b\u00f6yleyse, onu bir g\u00fcn koyun<span class=\"excerpt-hellip\"> [\u2026]<\/span><\/p>\n","protected":false},"featured_media":0,"template":"","meta":{"_monsterinsights_skip_tracking":false,"_monsterinsights_sitenote_active":false,"_monsterinsights_sitenote_note":"","_monsterinsights_sitenote_category":0},"product_brand":[],"product_cat":[12718,12719],"product_tag":[],"class_list":{"0":"post-742577","1":"product","2":"type-product","3":"status-publish","5":"product_cat-din","6":"product_cat-islam","7":"pa_cilt-ciltsiz","8":"pa_tur-kitap","9":"pa_yayinevi-beyaz-baykus-yayinlari","10":"pa_yazar-idris-sah","12":"first","13":"instock","14":"sale","15":"shipping-taxable","16":"purchasable","17":"product-type-simple"},"_links":{"self":[{"href":"https:\/\/roveyayinevi.com.tr\/index.php\/wp-json\/wp\/v2\/product\/742577","targetHints":{"allow":["GET"]}}],"collection":[{"href":"https:\/\/roveyayinevi.com.tr\/index.php\/wp-json\/wp\/v2\/product"}],"about":[{"href":"https:\/\/roveyayinevi.com.tr\/index.php\/wp-json\/wp\/v2\/types\/product"}],"wp:attachment":[{"href":"https:\/\/roveyayinevi.com.tr\/index.php\/wp-json\/wp\/v2\/media?parent=742577"}],"wp:term":[{"taxonomy":"product_brand","embeddable":true,"href":"https:\/\/roveyayinevi.com.tr\/index.php\/wp-json\/wp\/v2\/product_brand?post=742577"},{"taxonomy":"product_cat","embeddable":true,"href":"https:\/\/roveyayinevi.com.tr\/index.php\/wp-json\/wp\/v2\/product_cat?post=742577"},{"taxonomy":"product_tag","embeddable":true,"href":"https:\/\/roveyayinevi.com.tr\/index.php\/wp-json\/wp\/v2\/product_tag?post=742577"}],"curies":[{"name":"wp","href":"https:\/\/api.w.org\/{rel}","templated":true}]}}