{"id":742576,"date":"2025-08-28T01:14:59","date_gmt":"2025-08-27T22:14:59","guid":{"rendered":"https:\/\/roveyayinevi.com.tr\/index.php\/urun\/katil\/"},"modified":"2026-04-16T02:53:47","modified_gmt":"2026-04-15T23:53:47","slug":"katil","status":"publish","type":"product","link":"https:\/\/roveyayinevi.com.tr\/index.php\/urun\/katil\/","title":{"rendered":"Katil"},"content":{"rendered":"<p>Tokyo\u2019dan be\u015f \u00f6\u011frenci, birlikte uzak bir k\u00f6yde birka\u00e7 g\u00fcn ge\u00e7irmek \u00fczere keyifle yola \u00e7\u0131karlar. G\u00fczel ba\u015flayan tatilleri f\u0131rt\u0131nal\u0131 bir gecenin sonunda tamamen de\u011fi\u015fir. \u00dc\u00e7 y\u0131l sonra hepsi onlar\u0131 katil olmakla su\u00e7layan isimsiz mektuplar al\u0131nca eski s\u0131n\u0131f arkada\u015flar\u0131 yeniden bir araya gelir.    Mektuplar\u0131 g\u00f6nderen kim? Katil kim? Su\u00e7lu kim?   \u0130tiraflar ile d\u00fcnya \u00e7ap\u0131nda b\u00fcy\u00fck be\u011feni kazanan Japon yazar Kanae Minato, \u00f6l\u00fcmc\u00fcl bir kazaya yol a\u00e7an say\u0131s\u0131z zinciri zekice birbirine ekliyor ve trajik ger\u00e7ek nihayet g\u00fcn \u0131\u015f\u0131\u011f\u0131na \u00e7\u0131kana kadar okuru ustaca yanl\u0131\u015f yola \u00e7ekiyor. Tam \u00e7\u00f6z\u00fcld\u00fc\u011f\u00fc anda d\u00fc\u011f\u00fcm\u00fcn asl\u0131nda \u00e7ok daha gerilerde oldu\u011funu g\u00f6recek, okuduk\u00e7a daha da i\u00e7ine \u00e7ekileceksiniz.   Kanae Minato insan do\u011fas\u0131n\u0131n karanl\u0131k y\u00f6nlerine e\u011fildi\u011fi kitaplar\u0131yla Japonya\u2019da polisiye t\u00fcr\u00fcn\u00fcn krali\u00e7esi olarak adland\u0131r\u0131l\u0131yor. Minato\u2019nun \u00e7ok satanlar listesinde yer alan ilk roman\u0131 \u0130tiraflar Do\u011fan Kitap taraf\u0131ndan yay\u0131mland\u0131.  <\/p>\n","protected":false},"excerpt":{"rendered":"<p>Tokyo\u2019dan be\u015f \u00f6\u011frenci, birlikte uzak bir k\u00f6yde birka\u00e7 g\u00fcn ge\u00e7irmek \u00fczere keyifle yola \u00e7\u0131karlar. G\u00fczel ba\u015flayan tatilleri f\u0131rt\u0131nal\u0131 bir gecenin sonunda tamamen de\u011fi\u015fir. \u00dc\u00e7 y\u0131l sonra<span class=\"excerpt-hellip\"> [\u2026]<\/span><\/p>\n","protected":false},"featured_media":0,"template":"","meta":{"_monsterinsights_skip_tracking":false,"_monsterinsights_sitenote_active":false,"_monsterinsights_sitenote_note":"","_monsterinsights_sitenote_category":0},"product_brand":[],"product_cat":[12291,12711],"product_tag":[],"class_list":{"0":"post-742576","1":"product","2":"type-product","3":"status-publish","5":"product_cat-edebiyat","6":"product_cat-roman-oyku","7":"pa_cilt-ciltsiz","8":"pa_tur-kitap","9":"pa_yayinevi-dogan-kitap","10":"pa_yazar-kaneo-minato","12":"first","13":"instock","14":"sale","15":"shipping-taxable","16":"purchasable","17":"product-type-simple"},"_links":{"self":[{"href":"https:\/\/roveyayinevi.com.tr\/index.php\/wp-json\/wp\/v2\/product\/742576","targetHints":{"allow":["GET"]}}],"collection":[{"href":"https:\/\/roveyayinevi.com.tr\/index.php\/wp-json\/wp\/v2\/product"}],"about":[{"href":"https:\/\/roveyayinevi.com.tr\/index.php\/wp-json\/wp\/v2\/types\/product"}],"wp:attachment":[{"href":"https:\/\/roveyayinevi.com.tr\/index.php\/wp-json\/wp\/v2\/media?parent=742576"}],"wp:term":[{"taxonomy":"product_brand","embeddable":true,"href":"https:\/\/roveyayinevi.com.tr\/index.php\/wp-json\/wp\/v2\/product_brand?post=742576"},{"taxonomy":"product_cat","embeddable":true,"href":"https:\/\/roveyayinevi.com.tr\/index.php\/wp-json\/wp\/v2\/product_cat?post=742576"},{"taxonomy":"product_tag","embeddable":true,"href":"https:\/\/roveyayinevi.com.tr\/index.php\/wp-json\/wp\/v2\/product_tag?post=742576"}],"curies":[{"name":"wp","href":"https:\/\/api.w.org\/{rel}","templated":true}]}}