{"id":742575,"date":"2025-08-28T01:14:57","date_gmt":"2025-08-27T22:14:57","guid":{"rendered":"https:\/\/roveyayinevi.com.tr\/index.php\/urun\/bay-todun-masali\/"},"modified":"2026-04-16T02:53:47","modified_gmt":"2026-04-15T23:53:47","slug":"bay-todun-masali","status":"publish","type":"product","link":"https:\/\/roveyayinevi.com.tr\/index.php\/urun\/bay-todun-masali\/","title":{"rendered":"Bay Tod&#8217;un Masal\u0131"},"content":{"rendered":"<p>Beatrix Potter\u2019\u0131n en sevilen kahramanlar\u0131 Tav\u015fan Peter ve Tav\u015fan Benjamin bu kez yavru tav\u015fanlar\u0131 kurtarma g\u00f6revinde. Kurnaz Bay Tod, evine izinsiz giren Porsuk Tommy\u2019nin keskin pen\u00e7elerinden uzak durarak onu alt etmeye kararl\u0131yken yavrular\u0131 \u00e7alan porsuk, herkesin keyfini ka\u00e7\u0131r\u0131yor. Neyse ki birbirinden ho\u015flanmayan iki aksi hayvan\u0131n aras\u0131ndaki m\u00fccadele tav\u015fanc\u0131klar\u0131n kurtulu\u015fuyla sonu\u00e7lan\u0131yor. Beatrix Potter\u2019\u0131n ola\u011fan\u00fcst\u00fc \u00e7izimleriyle s\u00fcsl\u00fc kitap, nesillerdir \u00e7ocuklar\u0131n hayal g\u00fcc\u00fcn\u00fc zenginle\u015ftiren zamans\u0131z bir klasik. \u201cTerbiyeli ki\u015filerle ilgili pek \u00e7ok kitap yazd\u0131m. \u015eimdi de\u011fi\u015fiklik olarak, adlar\u0131 Porsuk Tommy ve Bay Tod olan iki huysuzla ilgili bir hik\u00e2ye anlataca\u011f\u0131m sizlere.\u201d<\/p>\n","protected":false},"excerpt":{"rendered":"<p>Beatrix Potter\u2019\u0131n en sevilen kahramanlar\u0131 Tav\u015fan Peter ve Tav\u015fan Benjamin bu kez yavru tav\u015fanlar\u0131 kurtarma g\u00f6revinde. Kurnaz Bay Tod, evine izinsiz giren Porsuk Tommy\u2019nin keskin pen\u00e7elerinden<span class=\"excerpt-hellip\"> [\u2026]<\/span><\/p>\n","protected":false},"featured_media":0,"template":"","meta":{"_monsterinsights_skip_tracking":false,"_monsterinsights_sitenote_active":false,"_monsterinsights_sitenote_note":"","_monsterinsights_sitenote_category":0},"product_brand":[],"product_cat":[12274,12284],"product_tag":[],"class_list":{"0":"post-742575","1":"product","2":"type-product","3":"status-publish","5":"product_cat-cocuk-ve-genclik-kitaplari","6":"product_cat-hikayeler","7":"pa_cilt-ciltsiz","8":"pa_tur-kitap","9":"pa_yayinevi-buyulu-fener-yayinlari","10":"pa_yazar-beatrix-potter","12":"first","13":"instock","14":"sale","15":"shipping-taxable","16":"purchasable","17":"product-type-simple"},"_links":{"self":[{"href":"https:\/\/roveyayinevi.com.tr\/index.php\/wp-json\/wp\/v2\/product\/742575","targetHints":{"allow":["GET"]}}],"collection":[{"href":"https:\/\/roveyayinevi.com.tr\/index.php\/wp-json\/wp\/v2\/product"}],"about":[{"href":"https:\/\/roveyayinevi.com.tr\/index.php\/wp-json\/wp\/v2\/types\/product"}],"wp:attachment":[{"href":"https:\/\/roveyayinevi.com.tr\/index.php\/wp-json\/wp\/v2\/media?parent=742575"}],"wp:term":[{"taxonomy":"product_brand","embeddable":true,"href":"https:\/\/roveyayinevi.com.tr\/index.php\/wp-json\/wp\/v2\/product_brand?post=742575"},{"taxonomy":"product_cat","embeddable":true,"href":"https:\/\/roveyayinevi.com.tr\/index.php\/wp-json\/wp\/v2\/product_cat?post=742575"},{"taxonomy":"product_tag","embeddable":true,"href":"https:\/\/roveyayinevi.com.tr\/index.php\/wp-json\/wp\/v2\/product_tag?post=742575"}],"curies":[{"name":"wp","href":"https:\/\/api.w.org\/{rel}","templated":true}]}}