{"id":742573,"date":"2025-08-28T01:14:55","date_gmt":"2025-08-27T22:14:55","guid":{"rendered":"https:\/\/roveyayinevi.com.tr\/index.php\/urun\/bir-kucucuk-biz\/"},"modified":"2026-04-16T02:53:47","modified_gmt":"2026-04-15T23:53:47","slug":"bir-kucucuk-biz","status":"publish","type":"product","link":"https:\/\/roveyayinevi.com.tr\/index.php\/urun\/bir-kucucuk-biz\/","title":{"rendered":"Bir K\u00fc\u00e7\u00fcc\u00fck B\u0130Z"},"content":{"rendered":"<p>&#8220;Biz olabilmek&#8221; nedir? Hayat\u0131m\u0131zda neleri de\u011fi\u015ftirir? \u0130li\u015fkilerimize neler zarar verir? Ne yaparsak ba\u011flar\u0131m\u0131z tekrar g\u00fc\u00e7lenir? Hangi s\u00f6zc\u00fckler ili\u015fkilerimizi yaralar, hangileri onar\u0131r?                                                                                                                                                                    Bir K\u00fc\u00e7\u00fcc\u00fck B\u0130Z kitab\u0131, t\u00fcm bu sorulara pratik cevaplar sunuyor. G\u00fczel bir kurgu i\u00e7inde soyut olan pek \u00e7ok kavram\u0131 somutla\u015ft\u0131r\u0131yor. &#8220;Biz olabilmek&#8221;  kavram\u0131n\u0131 \u00e7ok e\u011flenceli bir dille anlat\u0131yor. Hem k\u00fc\u00e7\u00fcklere, hem b\u00fcy\u00fcklere&#8230;<\/p>\n","protected":false},"excerpt":{"rendered":"<p>&#8220;Biz olabilmek&#8221; nedir? Hayat\u0131m\u0131zda neleri de\u011fi\u015ftirir? \u0130li\u015fkilerimize neler zarar verir? Ne yaparsak ba\u011flar\u0131m\u0131z tekrar g\u00fc\u00e7lenir? Hangi s\u00f6zc\u00fckler ili\u015fkilerimizi yaralar, hangileri onar\u0131r? Bir K\u00fc\u00e7\u00fcc\u00fck B\u0130Z kitab\u0131, t\u00fcm<span class=\"excerpt-hellip\"> [\u2026]<\/span><\/p>\n","protected":false},"featured_media":0,"template":"","meta":{"_monsterinsights_skip_tracking":false,"_monsterinsights_sitenote_active":false,"_monsterinsights_sitenote_note":"","_monsterinsights_sitenote_category":0},"product_brand":[],"product_cat":[12274,15842],"product_tag":[],"class_list":{"0":"post-742573","1":"product","2":"type-product","3":"status-publish","5":"product_cat-cocuk-ve-genclik-kitaplari","6":"product_cat-egitici-kitaplar","7":"pa_cilt-ciltsiz","8":"pa_tur-kitap","9":"pa_yayinevi-nito-kitap","10":"pa_yazar-daniela-kunkel","12":"first","13":"instock","14":"sale","15":"shipping-taxable","16":"purchasable","17":"product-type-simple"},"_links":{"self":[{"href":"https:\/\/roveyayinevi.com.tr\/index.php\/wp-json\/wp\/v2\/product\/742573","targetHints":{"allow":["GET"]}}],"collection":[{"href":"https:\/\/roveyayinevi.com.tr\/index.php\/wp-json\/wp\/v2\/product"}],"about":[{"href":"https:\/\/roveyayinevi.com.tr\/index.php\/wp-json\/wp\/v2\/types\/product"}],"wp:attachment":[{"href":"https:\/\/roveyayinevi.com.tr\/index.php\/wp-json\/wp\/v2\/media?parent=742573"}],"wp:term":[{"taxonomy":"product_brand","embeddable":true,"href":"https:\/\/roveyayinevi.com.tr\/index.php\/wp-json\/wp\/v2\/product_brand?post=742573"},{"taxonomy":"product_cat","embeddable":true,"href":"https:\/\/roveyayinevi.com.tr\/index.php\/wp-json\/wp\/v2\/product_cat?post=742573"},{"taxonomy":"product_tag","embeddable":true,"href":"https:\/\/roveyayinevi.com.tr\/index.php\/wp-json\/wp\/v2\/product_tag?post=742573"}],"curies":[{"name":"wp","href":"https:\/\/api.w.org\/{rel}","templated":true}]}}