{"id":742569,"date":"2025-08-28T01:14:50","date_gmt":"2025-08-27T22:14:50","guid":{"rendered":"https:\/\/roveyayinevi.com.tr\/index.php\/urun\/ayi-ve-balon\/"},"modified":"2026-04-16T02:53:47","modified_gmt":"2026-04-15T23:53:47","slug":"ayi-ve-balon","status":"publish","type":"product","link":"https:\/\/roveyayinevi.com.tr\/index.php\/urun\/ayi-ve-balon\/","title":{"rendered":"Ay\u0131 ve Balon"},"content":{"rendered":"<p>Bir kirpi&#8230;Bir tav\u015fan&#8230;Bir ay\u0131&#8230;U\u00e7an bir balon&#8230; SESS\u0130Z K\u0130TAP NASIL OKUNMALI?Sessiz ya da yaz\u0131s\u0131z olarak nitelendirilen kitaplar \u00e7ocuklar\u0131n d\u00fcnyas\u0131nda en az yaz\u0131l\u0131 olanlar kadar etkili.Ya\u015f ve dil s\u0131n\u0131r\u0131 olmayan bu kitaplarda yer alan kurgu, \u00e7ocuklar\u0131n kendi hik\u00e2yesini olu\u015fturmas\u0131 a\u00e7\u0131s\u0131ndan sonderece k\u0131ymetli. \u00c7ocuklar\u0131n hayaliyle \u015fekilleniyor, canlan\u0131yor ve evrensel bir hik\u00e2ye olu\u015fuyor.Okuma bilmeyen \u00e7ocuklarla, \u201cBak, bu bir ay\u0131! Bu bir balon.\u201d gibi sadece s\u00f6z edilen nesne \u00fczerinden okumadevam ettirilebilir. G\u00f6rsellerde olup biteni bir kenara b\u0131rak\u0131p tek bir nesneye odaklanmak ve hik\u00e2yeyi onun\u00fczerine kurmak 3 ya\u015f alt\u0131 \u00e7ocuklar i\u00e7in de sessiz kitaplar\u0131n tercih nedeni olabilir. B\u00f6ylece yaratt\u0131\u011f\u0131n\u0131z basithik\u00e2yeyi \u00e7ocu\u011funuz kolayl\u0131kla takip edebilir.Daha b\u00fcy\u00fck \u00e7ocuklar i\u00e7inse her seferinde yeni bir hik\u00e2ye yarat\u0131c\u0131l\u0131\u011f\u0131n en g\u00fczel y\u00f6n\u00fc.Bir ay\u0131n\u0131n, bir tav\u015fan\u0131n ve bir kirpinin k\u0131rm\u0131z\u0131 balona ula\u015fma \u00e7abas\u0131n\u0131 anlatan bu sessiz kitap, yal\u0131n\u00e7izimleriyle hepimizi b\u00fcy\u00fcl\u00fcyor&#8230;Bu kitab\u0131 be\u011fendiyseniz Ay\u0131 ve Hurma A\u011fac\u0131 kitab\u0131n\u0131 da okuyabilirsiniz.<\/p>\n","protected":false},"excerpt":{"rendered":"<p>Bir kirpi&#8230;Bir tav\u015fan&#8230;Bir ay\u0131&#8230;U\u00e7an bir balon&#8230; SESS\u0130Z K\u0130TAP NASIL OKUNMALI?Sessiz ya da yaz\u0131s\u0131z olarak nitelendirilen kitaplar \u00e7ocuklar\u0131n d\u00fcnyas\u0131nda en az yaz\u0131l\u0131 olanlar kadar etkili.Ya\u015f ve dil<span class=\"excerpt-hellip\"> [\u2026]<\/span><\/p>\n","protected":false},"featured_media":0,"template":"","meta":{"_monsterinsights_skip_tracking":false,"_monsterinsights_sitenote_active":false,"_monsterinsights_sitenote_note":"","_monsterinsights_sitenote_category":0},"product_brand":[],"product_cat":[12913,12274],"product_tag":[],"class_list":{"0":"post-742569","1":"product","2":"type-product","3":"status-publish","5":"product_cat-3-6-yas-kitaplari","6":"product_cat-cocuk-ve-genclik-kitaplari","7":"pa_cilt-ciltsiz","8":"pa_tur-kitap","9":"pa_yayinevi-masalperest","10":"pa_yazar-omer-fener","12":"first","13":"instock","14":"sale","15":"shipping-taxable","16":"purchasable","17":"product-type-simple"},"_links":{"self":[{"href":"https:\/\/roveyayinevi.com.tr\/index.php\/wp-json\/wp\/v2\/product\/742569","targetHints":{"allow":["GET"]}}],"collection":[{"href":"https:\/\/roveyayinevi.com.tr\/index.php\/wp-json\/wp\/v2\/product"}],"about":[{"href":"https:\/\/roveyayinevi.com.tr\/index.php\/wp-json\/wp\/v2\/types\/product"}],"wp:attachment":[{"href":"https:\/\/roveyayinevi.com.tr\/index.php\/wp-json\/wp\/v2\/media?parent=742569"}],"wp:term":[{"taxonomy":"product_brand","embeddable":true,"href":"https:\/\/roveyayinevi.com.tr\/index.php\/wp-json\/wp\/v2\/product_brand?post=742569"},{"taxonomy":"product_cat","embeddable":true,"href":"https:\/\/roveyayinevi.com.tr\/index.php\/wp-json\/wp\/v2\/product_cat?post=742569"},{"taxonomy":"product_tag","embeddable":true,"href":"https:\/\/roveyayinevi.com.tr\/index.php\/wp-json\/wp\/v2\/product_tag?post=742569"}],"curies":[{"name":"wp","href":"https:\/\/api.w.org\/{rel}","templated":true}]}}