{"id":742568,"date":"2025-08-28T01:14:49","date_gmt":"2025-08-27T22:14:49","guid":{"rendered":"https:\/\/roveyayinevi.com.tr\/index.php\/urun\/sihirli-agac-evi-cizgi-roman-2-gizemli-sovalye\/"},"modified":"2026-04-16T02:53:47","modified_gmt":"2026-04-15T23:53:47","slug":"sihirli-agac-evi-cizgi-roman-2-gizemli-sovalye","status":"publish","type":"product","link":"https:\/\/roveyayinevi.com.tr\/index.php\/urun\/sihirli-agac-evi-cizgi-roman-2-gizemli-sovalye\/","title":{"rendered":"Sihirli A\u011fa\u00e7 Evi -\u00c7izgi Roman- 2: Gizemli \u015e\u00f6valye"},"content":{"rendered":"<p>HER \u015eATONUN B\u0130R G\u0130ZL\u0130 GE\u00c7\u0130D\u0130 VARDIR&#8230;   Yeni ser\u00fcvenimizde Sihirli A\u011fa\u00e7 Evi, Tim ve Lea\u2019y\u0131 Orta \u00c7a\u011f\u2019a u\u00e7uruyor. \u015e\u00f6valyeler, \u015fatolar, \u015fenlikler ve b\u00fcy\u00fcl\u00fc bir asa burada onlar\u0131 bekliyor. Ama casus san\u0131l\u0131p yakaland\u0131klar\u0131nda, e\u011flenceleri ger\u00e7ek bir maceraya d\u00f6n\u00fc\u015fecek. Ka\u00e7\u0131\u015f i\u00e7in \u00e7ok iyi bir plana ihtiya\u00e7lar\u0131 var!   Sihirli A\u011fa\u00e7 Evi serisi hakk\u0131nda: K\u00fc\u00e7\u00fck okurlar\u0131 hem okuma keyfi hem de tarihteki farkl\u0131 k\u00fclt\u00fcrler ile tan\u0131\u015ft\u0131ran Sihirli A\u011fa\u00e7 Evi serisi, bu y\u00f6n\u00fcyle sadece d\u00fcnyan\u0131n d\u00f6rt bir yan\u0131ndaki \u00e7ocuklar\u0131n de\u011fil, anne babalar ve e\u011fitimcilerin de g\u00f6zdesi oldu.  New York Times \u00e7oksatanlar listesinde bir numaraya kadar \u00e7\u0131k\u0131p be\u015f y\u0131ldan uzun bir s\u00fcre bu listede kalmay\u0131 ba\u015faran, 33 dilde 130 milyondan fazla satan bu \u00f6d\u00fcll\u00fc seri \u015fimdi rengarenk ve soluksuz okutan \u00e7izimleriyle \u00e7izgi roman format\u0131nda okurunun kar\u015f\u0131s\u0131nda. <\/p>\n","protected":false},"excerpt":{"rendered":"<p>HER \u015eATONUN B\u0130R G\u0130ZL\u0130 GE\u00c7\u0130D\u0130 VARDIR&#8230; Yeni ser\u00fcvenimizde Sihirli A\u011fa\u00e7 Evi, Tim ve Lea\u2019y\u0131 Orta \u00c7a\u011f\u2019a u\u00e7uruyor. \u015e\u00f6valyeler, \u015fatolar, \u015fenlikler ve b\u00fcy\u00fcl\u00fc bir asa burada onlar\u0131<span class=\"excerpt-hellip\"> [\u2026]<\/span><\/p>\n","protected":false},"featured_media":0,"template":"","meta":{"_monsterinsights_skip_tracking":false,"_monsterinsights_sitenote_active":false,"_monsterinsights_sitenote_note":"","_monsterinsights_sitenote_category":0},"product_brand":[],"product_cat":[12689,12274],"product_tag":[],"class_list":{"0":"post-742568","1":"product","2":"type-product","3":"status-publish","5":"product_cat-cizgi-roman-cocuk-ve-genclik-kitaplari","6":"product_cat-cocuk-ve-genclik-kitaplari","7":"pa_cilt-ciltsiz","8":"pa_tur-kitap","9":"pa_yayinevi-domingo-yayinevi","10":"pa_yazar-mary-pope-osborne","12":"first","13":"instock","14":"sale","15":"shipping-taxable","16":"purchasable","17":"product-type-simple"},"_links":{"self":[{"href":"https:\/\/roveyayinevi.com.tr\/index.php\/wp-json\/wp\/v2\/product\/742568","targetHints":{"allow":["GET"]}}],"collection":[{"href":"https:\/\/roveyayinevi.com.tr\/index.php\/wp-json\/wp\/v2\/product"}],"about":[{"href":"https:\/\/roveyayinevi.com.tr\/index.php\/wp-json\/wp\/v2\/types\/product"}],"wp:attachment":[{"href":"https:\/\/roveyayinevi.com.tr\/index.php\/wp-json\/wp\/v2\/media?parent=742568"}],"wp:term":[{"taxonomy":"product_brand","embeddable":true,"href":"https:\/\/roveyayinevi.com.tr\/index.php\/wp-json\/wp\/v2\/product_brand?post=742568"},{"taxonomy":"product_cat","embeddable":true,"href":"https:\/\/roveyayinevi.com.tr\/index.php\/wp-json\/wp\/v2\/product_cat?post=742568"},{"taxonomy":"product_tag","embeddable":true,"href":"https:\/\/roveyayinevi.com.tr\/index.php\/wp-json\/wp\/v2\/product_tag?post=742568"}],"curies":[{"name":"wp","href":"https:\/\/api.w.org\/{rel}","templated":true}]}}