{"id":742565,"date":"2025-08-28T01:14:45","date_gmt":"2025-08-27T22:14:45","guid":{"rendered":"https:\/\/roveyayinevi.com.tr\/index.php\/urun\/secilmis-cadi\/"},"modified":"2026-04-16T02:53:46","modified_gmt":"2026-04-15T23:53:46","slug":"secilmis-cadi","status":"publish","type":"product","link":"https:\/\/roveyayinevi.com.tr\/index.php\/urun\/secilmis-cadi\/","title":{"rendered":"Se\u00e7ilmi\u015f cad\u0131"},"content":{"rendered":"<p>\u201cKitaplar unutulmayan hat\u0131ralar\u0131n berrak kalan k\u0131s\u0131mlar\u0131 gibidir.\u201c   Sera \u00fc\u00e7 y\u00fcz otuz ya\u015f\u0131nda, b\u00fcy\u00fcden uzak, kitap\u00e7\u0131 d\u00fckk\u00e2n\u0131yla ve bir \u00fcniversitede yapt\u0131\u011f\u0131 \u00f6\u011fretmenlikle bug\u00fcne kadar huzurla ya\u015fam\u0131\u015f bir cad\u0131yd\u0131. Bir g\u00fcn kitap\u00e7\u0131 d\u00fckk\u00e2n\u0131na gelerek Kehanetler Kitab\u0131&#8217;n\u0131 arad\u0131\u011f\u0131n\u0131 s\u00f6yleyen ve bir vampir olan Lucas ile Sera&#8217;n\u0131n o huzurlu hayat\u0131 son bulacakt\u0131. \u00c7\u00fcnk\u00fc akabinde \u00e7al\u0131\u015ft\u0131\u011f\u0131 \u00fcniversiteden bir k\u0131z da vampir sald\u0131r\u0131s\u0131na u\u011frayarak \u00f6ld\u00fcr\u00fclm\u00fc\u015ft\u00fc.   Sera bu olaylar geli\u015firken &#8216;Se\u00e7ilmi\u015f Ki\u015fi&#8217; oldu\u011funu ve Kehanetler Kitab\u0131&#8217;n\u0131 da can\u0131 pahas\u0131na korumas\u0131 gerekti\u011fini \u00f6\u011frenecekti. Sera kitapla a\u00e7\u0131lacak olan Cehennem Kap\u0131s\u0131&#8217;n\u0131 kapatmal\u0131yd\u0131. Fakat bir yandan d\u00fc\u015fman \u0131rktan olan vampir Lucas&#8217;a kar\u015f\u0131 hissetti\u011fi duygularla da sava\u015facakt\u0131.   \u201cGer\u00e7ek a\u015fk bazen bir soluk misali, yak\u0131n bir ate\u015f kadar yak\u0131c\u0131d\u0131r. Buldu\u011funu sand\u0131\u011f\u0131nda de\u011fil, ya\u015fad\u0131\u011f\u0131nda \u00e7\u00f6z\u00fcl\u00fcr hakikati.\u201c<\/p>\n","protected":false},"excerpt":{"rendered":"<p>\u201cKitaplar unutulmayan hat\u0131ralar\u0131n berrak kalan k\u0131s\u0131mlar\u0131 gibidir.\u201c Sera \u00fc\u00e7 y\u00fcz otuz ya\u015f\u0131nda, b\u00fcy\u00fcden uzak, kitap\u00e7\u0131 d\u00fckk\u00e2n\u0131yla ve bir \u00fcniversitede yapt\u0131\u011f\u0131 \u00f6\u011fretmenlikle bug\u00fcne kadar huzurla ya\u015fam\u0131\u015f bir<span class=\"excerpt-hellip\"> [\u2026]<\/span><\/p>\n","protected":false},"featured_media":0,"template":"","meta":{"_monsterinsights_skip_tracking":false,"_monsterinsights_sitenote_active":false,"_monsterinsights_sitenote_note":"","_monsterinsights_sitenote_category":0},"product_brand":[],"product_cat":[12291,14777],"product_tag":[],"class_list":{"0":"post-742565","1":"product","2":"type-product","3":"status-publish","5":"product_cat-edebiyat","6":"product_cat-fantastik","7":"pa_cilt-ciltsiz","8":"pa_tur-kitap","9":"pa_yayinevi-elpis-yayinlari","10":"pa_yazar-i-e-goda","12":"first","13":"instock","14":"sale","15":"shipping-taxable","16":"purchasable","17":"product-type-simple"},"_links":{"self":[{"href":"https:\/\/roveyayinevi.com.tr\/index.php\/wp-json\/wp\/v2\/product\/742565","targetHints":{"allow":["GET"]}}],"collection":[{"href":"https:\/\/roveyayinevi.com.tr\/index.php\/wp-json\/wp\/v2\/product"}],"about":[{"href":"https:\/\/roveyayinevi.com.tr\/index.php\/wp-json\/wp\/v2\/types\/product"}],"wp:attachment":[{"href":"https:\/\/roveyayinevi.com.tr\/index.php\/wp-json\/wp\/v2\/media?parent=742565"}],"wp:term":[{"taxonomy":"product_brand","embeddable":true,"href":"https:\/\/roveyayinevi.com.tr\/index.php\/wp-json\/wp\/v2\/product_brand?post=742565"},{"taxonomy":"product_cat","embeddable":true,"href":"https:\/\/roveyayinevi.com.tr\/index.php\/wp-json\/wp\/v2\/product_cat?post=742565"},{"taxonomy":"product_tag","embeddable":true,"href":"https:\/\/roveyayinevi.com.tr\/index.php\/wp-json\/wp\/v2\/product_tag?post=742565"}],"curies":[{"name":"wp","href":"https:\/\/api.w.org\/{rel}","templated":true}]}}