{"id":742562,"date":"2025-08-28T01:14:42","date_gmt":"2025-08-27T22:14:42","guid":{"rendered":"https:\/\/roveyayinevi.com.tr\/index.php\/urun\/turkiyede-egitimi-yeniden-dusunmek\/"},"modified":"2026-04-05T02:59:00","modified_gmt":"2026-04-04T23:59:00","slug":"turkiyede-egitimi-yeniden-dusunmek","status":"publish","type":"product","link":"https:\/\/roveyayinevi.com.tr\/index.php\/urun\/turkiyede-egitimi-yeniden-dusunmek\/","title":{"rendered":"T\u00fcrkiye\u2019de E\u011fitimi Yeniden D\u00fc\u015f\u00fcnmek"},"content":{"rendered":"<p>\u201cT\u00fcrkiye\u2019de e\u011fitimde son yirmi y\u0131lda devrim niteli\u011finde ilerlemeler sa\u011flanm\u0131\u015ft\u0131r. Temel e\u011fitim ve orta\u00f6\u011fretimde okulla\u015fma oranlar\u0131 2000\u2019li y\u0131llar\u0131n ba\u015f\u0131na g\u00f6re olduk\u00e7a artm\u0131\u015f ve e\u011fitimde evrenselle\u015fme b\u00fcy\u00fck \u00f6l\u00e7\u00fcde ger\u00e7ekle\u015ftirilmi\u015ftir. Derslik ba\u015f\u0131na ve \u00f6\u011fretmen ba\u015f\u0131na d\u00fc\u015fen \u00f6\u011frenci say\u0131s\u0131 da yine 2000\u2019li y\u0131llara g\u00f6re \u00e7ok daha iyi bir seviyeye ula\u015ft\u0131r\u0131larak ilk kez OECD ortalamas\u0131na yakla\u015fm\u0131\u015ft\u0131r. Her iki boyutta iyile\u015fmeyi sa\u011flayabilmek, bu d\u00f6nemde e\u011fitimde ya\u015fanan b\u00fcy\u00fcmenin kalite odakl\u0131 oldu\u011funun en \u00f6nemli kan\u0131t\u0131d\u0131r. Zaten bu kan\u0131t, PISA ve TIMSS gibi uluslararas\u0131 \u00f6\u011frenci ba\u015far\u0131 ara\u015ft\u0131rmalar\u0131n\u0131n her d\u00f6ng\u00fcs\u00fcnde tekrar tekrar ortaya konmaktad\u0131r.\u201d T\u00fcrkiye\u2019de e\u011fitim, g\u00fcncelli\u011fini daima koruyan ve yeniden d\u00fc\u015f\u00fcn\u00fclmesi gereken bir alan\u0131 i\u015faret eder. 2000\u2019li y\u0131llar, T\u00fcrkiye\u2019nin okul \u00f6ncesinden y\u00fcksek\u00f6\u011fretime kadar e\u011fitimin t\u00fcm kademelerinde pek \u00e7ok d\u00f6n\u00fc\u015f\u00fcme tan\u0131k oldu\u011fu y\u0131llard\u0131r. Bu kitap, okurlar\u0131 be\u015feri sermayeden e\u011fitimde f\u0131rsat e\u015fitli\u011fine, k\u0131z \u00e7ocuklar\u0131n\u0131n okulla\u015fma oran\u0131ndan e\u011fitimde kaliteli bir b\u00fcy\u00fcmenin imk\u00e2nlar\u0131na, y\u00fcksek\u00f6\u011fretime giri\u015fte kar\u015f\u0131la\u015f\u0131lan problemlerden okullar aras\u0131 ba\u015far\u0131 farklar\u0131na, g\u00fcvenli bir okul ikliminden \u00f6\u011fretmenlerin ya\u015fad\u0131klar\u0131 zorlu s\u00fcre\u00e7lere, Covid-19 d\u00f6neminde uzaktan e\u011fitimin sistemde sebep oldu\u011fu sorunlara kadar pek \u00e7ok g\u00fcncel ba\u015fl\u0131kla T\u00fcrkiye\u2019de e\u011fitim sisteminin a\u00e7mazlar\u0131n\u0131 yeniden d\u00fc\u015f\u00fcnmeye davet ediyor. Bunlar\u0131 yaparken sistemin i\u00e7inde kronikle\u015fmi\u015f bi\u00e7imde tekrarlanan retorikleri sorgulayarak iyile\u015fmesine ihtimal verilmeyen sorunlar\u0131n, iyi bir planlamayla nas\u0131l \u00e7\u00f6z\u00fclebilece\u011fine dikkat \u00e7ekiyor ve toplumun e\u011fitim konusundaki t\u00fcm payda\u015flar\u0131na \u201cba\u015fka bir e\u011fitim m\u00fcmk\u00fcn\u201d mesaj\u0131n\u0131 veriyor.<\/p>\n","protected":false},"excerpt":{"rendered":"<p>\u201cT\u00fcrkiye\u2019de e\u011fitimde son yirmi y\u0131lda devrim niteli\u011finde ilerlemeler sa\u011flanm\u0131\u015ft\u0131r. Temel e\u011fitim ve orta\u00f6\u011fretimde okulla\u015fma oranlar\u0131 2000\u2019li y\u0131llar\u0131n ba\u015f\u0131na g\u00f6re olduk\u00e7a artm\u0131\u015f ve e\u011fitimde evrenselle\u015fme b\u00fcy\u00fck \u00f6l\u00e7\u00fcde<span class=\"excerpt-hellip\"> [\u2026]<\/span><\/p>\n","protected":false},"featured_media":0,"template":"","meta":{"_monsterinsights_skip_tracking":false,"_monsterinsights_sitenote_active":false,"_monsterinsights_sitenote_note":"","_monsterinsights_sitenote_category":0},"product_brand":[],"product_cat":[12567,12566],"product_tag":[],"class_list":{"0":"post-742562","1":"product","2":"type-product","3":"status-publish","5":"product_cat-diger-egitim","6":"product_cat-egitim","7":"pa_cilt-ciltsiz","8":"pa_tur-kitap","9":"pa_yayinevi-vakifbank-kultur-yayinlari","10":"pa_yazar-mahmut-ozer","12":"first","13":"instock","14":"sale","15":"shipping-taxable","16":"purchasable","17":"product-type-simple"},"_links":{"self":[{"href":"https:\/\/roveyayinevi.com.tr\/index.php\/wp-json\/wp\/v2\/product\/742562","targetHints":{"allow":["GET"]}}],"collection":[{"href":"https:\/\/roveyayinevi.com.tr\/index.php\/wp-json\/wp\/v2\/product"}],"about":[{"href":"https:\/\/roveyayinevi.com.tr\/index.php\/wp-json\/wp\/v2\/types\/product"}],"wp:attachment":[{"href":"https:\/\/roveyayinevi.com.tr\/index.php\/wp-json\/wp\/v2\/media?parent=742562"}],"wp:term":[{"taxonomy":"product_brand","embeddable":true,"href":"https:\/\/roveyayinevi.com.tr\/index.php\/wp-json\/wp\/v2\/product_brand?post=742562"},{"taxonomy":"product_cat","embeddable":true,"href":"https:\/\/roveyayinevi.com.tr\/index.php\/wp-json\/wp\/v2\/product_cat?post=742562"},{"taxonomy":"product_tag","embeddable":true,"href":"https:\/\/roveyayinevi.com.tr\/index.php\/wp-json\/wp\/v2\/product_tag?post=742562"}],"curies":[{"name":"wp","href":"https:\/\/api.w.org\/{rel}","templated":true}]}}