{"id":742561,"date":"2025-08-28T01:14:40","date_gmt":"2025-08-27T22:14:40","guid":{"rendered":"https:\/\/roveyayinevi.com.tr\/index.php\/urun\/nibelung-yuzugu-1-ren-altini\/"},"modified":"2026-04-16T02:53:46","modified_gmt":"2026-04-15T23:53:46","slug":"nibelung-yuzugu-1-ren-altini","status":"publish","type":"product","link":"https:\/\/roveyayinevi.com.tr\/index.php\/urun\/nibelung-yuzugu-1-ren-altini\/","title":{"rendered":"Nibelung Y\u00fcz\u00fc\u011f\u00fc 1 Ren Alt\u0131n\u0131"},"content":{"rendered":"<p>Nas\u0131l ki bir lanetle bana geldiyse, Ayn\u0131 \u015fekilde lanet olsun y\u00fcz\u00fc\u011fe! Onun alt\u0131n\u0131 verdi bana \u00f6l\u00e7\u00fcs\u00fcz bir kudret, \u015eimdi onun sihri onu ta\u015f\u0131yana \u00f6l\u00fcm getirsin! Hi\u00e7bir k\u0131smetli ona sahip oldu diye sevinmesin Onun par\u0131lt\u0131s\u0131, hi\u00e7 kimseye mutluluk vermeyecektir, Kim ki onun sahibi, onun sorunu \u00e7ok olacak Ve ona sahip olamayan\u0131 ise k\u0131skan\u00e7l\u0131k kemirecektir! Alman besteci Richard Wagner taraf\u0131ndan bir opera olarak de\u011fil m\u00fczikli bir dram olarak kurgulanan Nibelung Y\u00fcz\u00fc\u011f\u00fc (Der Ring Des Nibelungen), konusu itibariyle J.R.R Tolkien\u2019in Y\u00fcz\u00fcklerin Efendisi (The Lord of the Rings) roman\u0131na da ilham kayna\u011f\u0131 olmu\u015f eserler aras\u0131ndad\u0131r. Nibelung Y\u00fcz\u00fc\u011f\u00fc, kayna\u011f\u0131n\u0131 Yunan ve \u0130skandinav mitolojilerinden alsa da Wagner\u2019in felsefi e\u011filimlerinin yan\u0131 s\u0131ra m\u00fczik, \u015fiir, dram ve dekorla birle\u015fince ortaya y\u0131llarca sahnelenecek bir opera klasi\u011fi \u00e7\u0131kar. Yunan tragedyalar\u0131ndaki baht d\u00f6n\u00fc\u015f\u00fcn\u00fcn, de\u011fi\u015fmez yasan\u0131n h\u00fckm\u00fcn\u00fcn yeniden kurguland\u0131\u011f\u0131 eserde kullan\u0131lan leitmotifler ve Wagner\u2019deki Schopenhauer etkisinin s\u0131kl\u0131kla g\u00f6r\u00fclebilece\u011fi alanlar bu eseri biricik k\u0131lan \u00f6zellikler aras\u0131nda yer al\u0131yor. \u015e\u00fcphesiz ki Nibelung Y\u00fcz\u00fc\u011f\u00fc I: Ren Alt\u0131n\u0131, konusu ve bi\u00e7imsel yenili\u011fiyle dikkat \u00e7eken, y\u00fczlerce y\u0131ld\u0131r sahnelenen ve sahnelenmeye devam edecek olan bir klasik olma vasf\u0131n\u0131 koruyor. Yazar Hakk\u0131nda: Esas olarak operalar\u0131yla tan\u0131nan Alman besteci, tiyatro y\u00f6netmeni, polemik\u00e7i ve orkestra \u015fefi. Ba\u015flang\u0131\u00e7ta Carl Maria von Weber ve Giacomo Meyerbeer&#8217;in Romantik tarz\u0131nda eserlerin bestecisi olarak \u00fcne kavu\u015fan Wagner, \u015fiirsel, g\u00f6rsel, m\u00fczikal ve dramatik sanatlar\u0131 sentezlemeye \u00e7al\u0131\u015ft\u0131\u011f\u0131 Gesamtkunstwerk (B\u00fct\u00fcnsel Sanat Eseri) kavram\u0131yla operada devrim yaratt\u0131. Ba\u015fl\u0131ca opera eserleri \u015funlard\u0131r: U\u00e7an Hollandal\u0131, Lohengrin, Tannh\u00e4user, Nibelung Y\u00fcz\u00fc\u011f\u00fc, Tristan ve Isolde, N\u00fcrnbergli Usta \u015eark\u0131c\u0131lar, Parsifal.<\/p>\n","protected":false},"excerpt":{"rendered":"<p>Nas\u0131l ki bir lanetle bana geldiyse, Ayn\u0131 \u015fekilde lanet olsun y\u00fcz\u00fc\u011fe! Onun alt\u0131n\u0131 verdi bana \u00f6l\u00e7\u00fcs\u00fcz bir kudret, \u015eimdi onun sihri onu ta\u015f\u0131yana \u00f6l\u00fcm getirsin! Hi\u00e7bir<span class=\"excerpt-hellip\"> [\u2026]<\/span><\/p>\n","protected":false},"featured_media":0,"template":"","meta":{"_monsterinsights_skip_tracking":false,"_monsterinsights_sitenote_active":false,"_monsterinsights_sitenote_note":"","_monsterinsights_sitenote_category":0},"product_brand":[],"product_cat":[14009,12291],"product_tag":[],"class_list":{"0":"post-742561","1":"product","2":"type-product","3":"status-publish","5":"product_cat-biyografi-otobiyografi-edebiyat","6":"product_cat-edebiyat","7":"pa_cilt-ciltsiz","8":"pa_tur-kitap","9":"pa_yayinevi-vakifbank-kultur-yayinlari","10":"pa_yazar-richard-wagner","12":"first","13":"instock","14":"sale","15":"shipping-taxable","16":"purchasable","17":"product-type-simple"},"_links":{"self":[{"href":"https:\/\/roveyayinevi.com.tr\/index.php\/wp-json\/wp\/v2\/product\/742561","targetHints":{"allow":["GET"]}}],"collection":[{"href":"https:\/\/roveyayinevi.com.tr\/index.php\/wp-json\/wp\/v2\/product"}],"about":[{"href":"https:\/\/roveyayinevi.com.tr\/index.php\/wp-json\/wp\/v2\/types\/product"}],"wp:attachment":[{"href":"https:\/\/roveyayinevi.com.tr\/index.php\/wp-json\/wp\/v2\/media?parent=742561"}],"wp:term":[{"taxonomy":"product_brand","embeddable":true,"href":"https:\/\/roveyayinevi.com.tr\/index.php\/wp-json\/wp\/v2\/product_brand?post=742561"},{"taxonomy":"product_cat","embeddable":true,"href":"https:\/\/roveyayinevi.com.tr\/index.php\/wp-json\/wp\/v2\/product_cat?post=742561"},{"taxonomy":"product_tag","embeddable":true,"href":"https:\/\/roveyayinevi.com.tr\/index.php\/wp-json\/wp\/v2\/product_tag?post=742561"}],"curies":[{"name":"wp","href":"https:\/\/api.w.org\/{rel}","templated":true}]}}