{"id":742556,"date":"2025-08-28T01:14:34","date_gmt":"2025-08-27T22:14:34","guid":{"rendered":"https:\/\/roveyayinevi.com.tr\/index.php\/urun\/merkez-sagda-liberalizm\/"},"modified":"2026-04-16T02:53:46","modified_gmt":"2026-04-15T23:53:46","slug":"merkez-sagda-liberalizm","status":"publish","type":"product","link":"https:\/\/roveyayinevi.com.tr\/index.php\/urun\/merkez-sagda-liberalizm\/","title":{"rendered":"Merkez Sa\u011fda Liberalizm"},"content":{"rendered":"<p>Modern ideolojilerden ilki ve bu y\u00f6nden de en k\u00f6kl\u00fc d\u00fc\u015f\u00fcnce gelene\u011fi olan liberalizmin Bat\u0131\u2019da ortaya \u00e7\u0131k\u0131p geli\u015fmesinden bu yana \u00fc\u00e7 y\u00fcz y\u0131ldan fazla bir zaman ge\u00e7mi\u015ftir. Bu a\u00e7\u0131dan sa\u011flam bir felsef\u00ee temel ile birlikte yo\u011fun bir k\u00fclliyata sahiptir. Fakat T\u00fcrkiye\u2019de bu gelenekten yeterince istifade edildi\u011fini s\u00f6ylemek imk\u00e2ns\u0131zd\u0131r.Liberalizm, T\u00fcrkiye\u2019de gerek fikr\u00ee gerekse siyas\u00ee arenada nispeten dar bir alan bulabilmi\u015ftir. Siyas\u00ee arenada tek ba\u015f\u0131na etkili bir hareket olamayan liberalizm d\u00f6nem d\u00f6nem farkl\u0131 siyas\u00ee hareketler i\u00e7erisinde kendisine alan a\u00e7m\u0131\u015ft\u0131r. Bu siyas\u00ee hareketlerden en \u00f6nemlisi de merkez sa\u011f gelenektir.Kitap, bu d\u00fc\u015f\u00fcnce do\u011frultusunda, T\u00fcrkiye\u2019de, bir anlamda, siyasetin rotas\u0131n\u0131 belirleyen merkez sa\u011f gelenek i\u00e7erisinde ideolojik bir unsur olarak liberalizmin de yer ald\u0131\u011f\u0131n\u0131 somut bir \u015fekilde ortaya koymaya \u00e7al\u0131\u015fmaktad\u0131r.<\/p>\n","protected":false},"excerpt":{"rendered":"<p>Modern ideolojilerden ilki ve bu y\u00f6nden de en k\u00f6kl\u00fc d\u00fc\u015f\u00fcnce gelene\u011fi olan liberalizmin Bat\u0131\u2019da ortaya \u00e7\u0131k\u0131p geli\u015fmesinden bu yana \u00fc\u00e7 y\u00fcz y\u0131ldan fazla bir zaman ge\u00e7mi\u015ftir.<span class=\"excerpt-hellip\"> [\u2026]<\/span><\/p>\n","protected":false},"featured_media":0,"template":"","meta":{"_monsterinsights_skip_tracking":false,"_monsterinsights_sitenote_active":false,"_monsterinsights_sitenote_note":"","_monsterinsights_sitenote_category":0},"product_brand":[],"product_cat":[13590,12337],"product_tag":[],"class_list":{"0":"post-742556","1":"product","2":"type-product","3":"status-publish","5":"product_cat-arastirma-inceleme-politika-siyaset","6":"product_cat-politika-siyaset","7":"pa_cilt-ciltsiz","8":"pa_tur-kitap","9":"pa_yayinevi-liberte-yayinlari","10":"pa_yazar-emre-turku","12":"first","13":"instock","14":"sale","15":"shipping-taxable","16":"purchasable","17":"product-type-simple"},"_links":{"self":[{"href":"https:\/\/roveyayinevi.com.tr\/index.php\/wp-json\/wp\/v2\/product\/742556","targetHints":{"allow":["GET"]}}],"collection":[{"href":"https:\/\/roveyayinevi.com.tr\/index.php\/wp-json\/wp\/v2\/product"}],"about":[{"href":"https:\/\/roveyayinevi.com.tr\/index.php\/wp-json\/wp\/v2\/types\/product"}],"wp:attachment":[{"href":"https:\/\/roveyayinevi.com.tr\/index.php\/wp-json\/wp\/v2\/media?parent=742556"}],"wp:term":[{"taxonomy":"product_brand","embeddable":true,"href":"https:\/\/roveyayinevi.com.tr\/index.php\/wp-json\/wp\/v2\/product_brand?post=742556"},{"taxonomy":"product_cat","embeddable":true,"href":"https:\/\/roveyayinevi.com.tr\/index.php\/wp-json\/wp\/v2\/product_cat?post=742556"},{"taxonomy":"product_tag","embeddable":true,"href":"https:\/\/roveyayinevi.com.tr\/index.php\/wp-json\/wp\/v2\/product_tag?post=742556"}],"curies":[{"name":"wp","href":"https:\/\/api.w.org\/{rel}","templated":true}]}}