{"id":742555,"date":"2025-08-28T01:14:33","date_gmt":"2025-08-27T22:14:33","guid":{"rendered":"https:\/\/roveyayinevi.com.tr\/index.php\/urun\/ucsuz-bucaksiz-coller\/"},"modified":"2026-04-16T02:53:46","modified_gmt":"2026-04-15T23:53:46","slug":"ucsuz-bucaksiz-coller","status":"publish","type":"product","link":"https:\/\/roveyayinevi.com.tr\/index.php\/urun\/ucsuz-bucaksiz-coller\/","title":{"rendered":"U\u00e7suz Bucaks\u0131z \u00c7\u00f6ller"},"content":{"rendered":"<p>Co\u011frafya sizi g\u0131c\u0131k m\u0131 ediyor? Haritalardan, kaya katmanlar\u0131ndan ve ilginizi \u00e7ekmeyen bilgilerden s\u0131k\u0131ld\u0131n\u0131z m\u0131? Art\u0131k s\u0131k\u0131c\u0131 co\u011frafya dersleriyle vedala\u015f\u0131n ve U\u00e7suz Bucaks\u0131z \u00c7\u00f6ller&#8217;in k\u0131zg\u0131n kumlar\u0131na ad\u0131m at\u0131n&#8230; Hayatta kalmak i\u00e7in deve idrar\u0131 i\u00e7en insanlar\u0131, t\u00fcm k\u00f6y\u00fc g\u00f6mebilen hareketli kum tepelerini, Timbuktu \u00c7\u00f6l\u00fc&#8217;n\u00fc ge\u00e7en macerac\u0131 k\u00e2\u015fifi bu kitapta okuyun.E\u011fer \u00e7\u00f6ller sizin i\u00e7in yeterli de\u011filse, deve s\u00fct\u00fcnden puding yapan\u0131n yollar\u0131n\u0131, kakt\u00fcs suyunun neden \u00f6l\u00fcmc\u00fcl bir i\u00e7ecek oldu\u011funu \u00f6\u011frenin. U\u00e7suz Bucaks\u0131z \u00c7\u00f6ller&#8217;de dola\u015fmaya var m\u0131s\u0131n\u0131z? Co\u011frafya hi\u00e7 bu kadar e\u011flenceli olmam\u0131\u015ft\u0131!<\/p>\n","protected":false},"excerpt":{"rendered":"<p>Co\u011frafya sizi g\u0131c\u0131k m\u0131 ediyor? Haritalardan, kaya katmanlar\u0131ndan ve ilginizi \u00e7ekmeyen bilgilerden s\u0131k\u0131ld\u0131n\u0131z m\u0131? Art\u0131k s\u0131k\u0131c\u0131 co\u011frafya dersleriyle vedala\u015f\u0131n ve U\u00e7suz Bucaks\u0131z \u00c7\u00f6ller&#8217;in k\u0131zg\u0131n kumlar\u0131na ad\u0131m<span class=\"excerpt-hellip\"> [\u2026]<\/span><\/p>\n","protected":false},"featured_media":0,"template":"","meta":{"_monsterinsights_skip_tracking":false,"_monsterinsights_sitenote_active":false,"_monsterinsights_sitenote_note":"","_monsterinsights_sitenote_category":0},"product_brand":[],"product_cat":[13829,12274],"product_tag":[],"class_list":{"0":"post-742555","1":"product","2":"type-product","3":"status-publish","5":"product_cat-bilimsel-kitaplar","6":"product_cat-cocuk-ve-genclik-kitaplari","7":"pa_cilt-ciltsiz","8":"pa_tur-kitap","9":"pa_yayinevi-timas-yayinlari","10":"pa_yazar-anita-ganeri","12":"first","13":"instock","14":"sale","15":"shipping-taxable","16":"purchasable","17":"product-type-simple"},"_links":{"self":[{"href":"https:\/\/roveyayinevi.com.tr\/index.php\/wp-json\/wp\/v2\/product\/742555","targetHints":{"allow":["GET"]}}],"collection":[{"href":"https:\/\/roveyayinevi.com.tr\/index.php\/wp-json\/wp\/v2\/product"}],"about":[{"href":"https:\/\/roveyayinevi.com.tr\/index.php\/wp-json\/wp\/v2\/types\/product"}],"wp:attachment":[{"href":"https:\/\/roveyayinevi.com.tr\/index.php\/wp-json\/wp\/v2\/media?parent=742555"}],"wp:term":[{"taxonomy":"product_brand","embeddable":true,"href":"https:\/\/roveyayinevi.com.tr\/index.php\/wp-json\/wp\/v2\/product_brand?post=742555"},{"taxonomy":"product_cat","embeddable":true,"href":"https:\/\/roveyayinevi.com.tr\/index.php\/wp-json\/wp\/v2\/product_cat?post=742555"},{"taxonomy":"product_tag","embeddable":true,"href":"https:\/\/roveyayinevi.com.tr\/index.php\/wp-json\/wp\/v2\/product_tag?post=742555"}],"curies":[{"name":"wp","href":"https:\/\/api.w.org\/{rel}","templated":true}]}}