{"id":742550,"date":"2025-08-28T01:14:27","date_gmt":"2025-08-27T22:14:27","guid":{"rendered":"https:\/\/roveyayinevi.com.tr\/index.php\/urun\/cocukluk-sirri\/"},"modified":"2026-04-16T02:53:46","modified_gmt":"2026-04-15T23:53:46","slug":"cocukluk-sirri","status":"publish","type":"product","link":"https:\/\/roveyayinevi.com.tr\/index.php\/urun\/cocukluk-sirri\/","title":{"rendered":"\u00c7ocukluk S\u0131rr\u0131"},"content":{"rendered":"<p>Her \u00e7ocu\u011fun \u00f6z\u00fcnde, onun nas\u0131l bir yeti\u015fkin olaca\u011f\u0131n\u0131n \u015fifrelerini bar\u0131nd\u0131ran \u2018\u00e7ocukluk s\u0131rr\u0131\u2019 vard\u0131r.Bu s\u0131r, \u2018buyurucu bir i\u00e7 k\u0131lavuz\u2019 olarak, m\u00fctevaz\u0131 bir sab\u0131rla, ad\u0131m ad\u0131m o \u00e7ocu\u011fun ki\u015filik ve karakterini olu\u015fturma m\u00fccadelesi verir.\u00c7ocuk yeti\u015ftirmek, \u2018\u00e7ocukluk s\u0131rr\u0131\u2019n\u0131n ortaya \u00e7\u0131kmas\u0131na yard\u0131mc\u0131 olmaktan ba\u015fka bir \u015fey de\u011fildir.Yeti\u015fkinler \u00e7ocu\u011fun \u00f6z\u00fcnde ger\u00e7ekle\u015fen bu ince yap\u0131lanmay\u0131 hesaba katmadan, kendi arzu ettikleri ki\u015fili\u011fi olu\u015fturma gayreti i\u00e7ine girerlerse \u00e7ocuk e\u011fitiminde sorunlar ya\u015fan\u0131r.Bu kitapta, \u00e7ocu\u011fa benli\u011fini zarara u\u011fratmadan, ki\u015filik ve karakterini bozmadan nas\u0131l rehberlik yap\u0131laca\u011f\u0131n\u0131 bulacaks\u0131n\u0131z&#8230;Adem G\u00fcne\u015f\u2019in Mevlana\u2019lar\u0131n, Hac\u0131 Bekta\u015f\u2019lar\u0131n, Yunus\u2019lar\u0131n, Fatih\u2019lerin yeti\u015fme s\u0131rr\u0131 olan Anadolu Pedagojisi \u00e7er\u00e7evesinde bir model ileri s\u00fcrd\u00fc\u011f\u00fc k\u00fclt kitab\u0131 \u00c7ocukluk S\u0131rr\u0131 yeni bask\u0131s\u0131yla yeniden sizlerle\u2026<\/p>\n","protected":false},"excerpt":{"rendered":"<p>Her \u00e7ocu\u011fun \u00f6z\u00fcnde, onun nas\u0131l bir yeti\u015fkin olaca\u011f\u0131n\u0131n \u015fifrelerini bar\u0131nd\u0131ran \u2018\u00e7ocukluk s\u0131rr\u0131\u2019 vard\u0131r.Bu s\u0131r, \u2018buyurucu bir i\u00e7 k\u0131lavuz\u2019 olarak, m\u00fctevaz\u0131 bir sab\u0131rla, ad\u0131m ad\u0131m o \u00e7ocu\u011fun<span class=\"excerpt-hellip\"> [\u2026]<\/span><\/p>\n","protected":false},"featured_media":0,"template":"","meta":{"_monsterinsights_skip_tracking":false,"_monsterinsights_sitenote_active":false,"_monsterinsights_sitenote_note":"","_monsterinsights_sitenote_category":0},"product_brand":[],"product_cat":[12831,12324],"product_tag":[],"class_list":{"0":"post-742550","1":"product","2":"type-product","3":"status-publish","5":"product_cat-aile-ve-cocuk","6":"product_cat-sosyoloji","7":"pa_cilt-ciltsiz","8":"pa_tur-kitap","9":"pa_yayinevi-timas-yayinlari","10":"pa_yazar-adem-gunes","12":"first","13":"instock","14":"sale","15":"shipping-taxable","16":"purchasable","17":"product-type-simple"},"_links":{"self":[{"href":"https:\/\/roveyayinevi.com.tr\/index.php\/wp-json\/wp\/v2\/product\/742550","targetHints":{"allow":["GET"]}}],"collection":[{"href":"https:\/\/roveyayinevi.com.tr\/index.php\/wp-json\/wp\/v2\/product"}],"about":[{"href":"https:\/\/roveyayinevi.com.tr\/index.php\/wp-json\/wp\/v2\/types\/product"}],"wp:attachment":[{"href":"https:\/\/roveyayinevi.com.tr\/index.php\/wp-json\/wp\/v2\/media?parent=742550"}],"wp:term":[{"taxonomy":"product_brand","embeddable":true,"href":"https:\/\/roveyayinevi.com.tr\/index.php\/wp-json\/wp\/v2\/product_brand?post=742550"},{"taxonomy":"product_cat","embeddable":true,"href":"https:\/\/roveyayinevi.com.tr\/index.php\/wp-json\/wp\/v2\/product_cat?post=742550"},{"taxonomy":"product_tag","embeddable":true,"href":"https:\/\/roveyayinevi.com.tr\/index.php\/wp-json\/wp\/v2\/product_tag?post=742550"}],"curies":[{"name":"wp","href":"https:\/\/api.w.org\/{rel}","templated":true}]}}