{"id":742549,"date":"2025-08-28T01:14:26","date_gmt":"2025-08-27T22:14:26","guid":{"rendered":"https:\/\/roveyayinevi.com.tr\/index.php\/urun\/her-seye-ragmen-sevmek\/"},"modified":"2026-04-16T02:53:46","modified_gmt":"2026-04-15T23:53:46","slug":"her-seye-ragmen-sevmek","status":"publish","type":"product","link":"https:\/\/roveyayinevi.com.tr\/index.php\/urun\/her-seye-ragmen-sevmek\/","title":{"rendered":"Her \u015eeye Ra\u011fmen Sevmek"},"content":{"rendered":"<p>\u00c7o\u011fu ergen k\u0131z yo\u011fun duygusal bask\u0131 alt\u0131nda kal\u0131r ve bu durumlar\u0131 farkl\u0131 \u015fekilde g\u00f6sterir. Bu yo\u011fun duygularla do\u011fru \u015fekilde temasa ge\u00e7ilmedi\u011finde geri d\u00f6n\u00fc\u015f\u00fc olmayan sonu\u00e7lar olu\u015fabilir. \u0130yi bir ebeveyn olma \u00e7aban\u0131z\u0131n duygusal yo\u011funlu\u011funu kald\u0131ram\u0131yor musunuz? K\u0131z\u0131n\u0131zla do\u011fru ileti\u015fimi kurmak i\u00e7in elinizden gelenden \u00e7ok daha fazlas\u0131na m\u0131 ihtiyac\u0131n\u0131z var? Peki ya bir sabah k\u0131z\u0131n\u0131z\u0131n geceyi hi\u00e7 bilmedi\u011finiz bir yerde ge\u00e7irdi\u011fini \u00f6\u011frenirseniz ya da intihar giri\u015fiminde bulunursa neler hissedersiniz? Nas\u0131l davran\u0131rs\u0131n\u0131z? Hi\u00e7bir ebeveyn bunun olabilece\u011fini hayal etmez. Can\u0131n\u0131z sonuna kadar yand\u0131\u011f\u0131 halde onunla nas\u0131l ileti\u015fim kurard\u0131n\u0131z? Ebeveynlik; \u00e7ocu\u011funuzu ko\u015fulsuz sevmek, onu g\u00fcvende tutmak, hayattan ders almas\u0131n\u0131 sa\u011flamak de\u011fil midir? Allison Garner, k\u0131z\u0131n\u0131n duygusal, zihinsel ve davran\u0131\u015fsal m\u00fccadeleleriyle y\u00fczle\u015firken kendi yolculu\u011funa sizi de dahil ediyor. Cesaret veren d\u00fcr\u00fcstl\u00fc\u011f\u00fcyle k\u0131z\u0131n\u0131n sars\u0131c\u0131 intihar giri\u015fimlerinden okuldan ka\u00e7mas\u0131na, arkada\u015flar\u0131ndan uzakla\u015fmas\u0131na kadar sizlere ya\u015fad\u0131klar\u0131n\u0131 anlat\u0131yor. K\u0131z\u0131n\u0131n g\u00fcnl\u00fc\u011f\u00fcnden al\u0131nt\u0131lar i\u00e7eren Her \u015eeye Ra\u011fmen Sevmek, \u00e7ekinmeden ve g\u00fc\u00e7l\u00fc bir cesaretle bizlere iyi gelecek umudunun b\u00fcy\u00fcleyici resmini \u00e7iziyor. Ebeveynlere kendilerinde ve \u00e7ocuklar\u0131nda bir sorun olmad\u0131\u011f\u0131na dair g\u00fcvence veren bu kitapta kendinizi ve \u00e7ocu\u011funuzu yarg\u0131lamadan nas\u0131l bir yol izleyece\u011finizi bulacaks\u0131n\u0131z.<\/p>\n","protected":false},"excerpt":{"rendered":"<p>\u00c7o\u011fu ergen k\u0131z yo\u011fun duygusal bask\u0131 alt\u0131nda kal\u0131r ve bu durumlar\u0131 farkl\u0131 \u015fekilde g\u00f6sterir. Bu yo\u011fun duygularla do\u011fru \u015fekilde temasa ge\u00e7ilmedi\u011finde geri d\u00f6n\u00fc\u015f\u00fc olmayan sonu\u00e7lar olu\u015fabilir.<span class=\"excerpt-hellip\"> [\u2026]<\/span><\/p>\n","protected":false},"featured_media":0,"template":"","meta":{"_monsterinsights_skip_tracking":false,"_monsterinsights_sitenote_active":false,"_monsterinsights_sitenote_note":"","_monsterinsights_sitenote_category":0},"product_brand":[],"product_cat":[12679,12357],"product_tag":[],"class_list":{"0":"post-742549","1":"product","2":"type-product","3":"status-publish","5":"product_cat-cocuk-psikolojisi","6":"product_cat-psikoloji","7":"pa_cilt-ciltsiz","8":"pa_tur-kitap","9":"pa_yayinevi-sola-unitas","10":"pa_yazar-allison-piper-garner","12":"first","13":"instock","14":"sale","15":"shipping-taxable","16":"purchasable","17":"product-type-simple"},"_links":{"self":[{"href":"https:\/\/roveyayinevi.com.tr\/index.php\/wp-json\/wp\/v2\/product\/742549","targetHints":{"allow":["GET"]}}],"collection":[{"href":"https:\/\/roveyayinevi.com.tr\/index.php\/wp-json\/wp\/v2\/product"}],"about":[{"href":"https:\/\/roveyayinevi.com.tr\/index.php\/wp-json\/wp\/v2\/types\/product"}],"wp:attachment":[{"href":"https:\/\/roveyayinevi.com.tr\/index.php\/wp-json\/wp\/v2\/media?parent=742549"}],"wp:term":[{"taxonomy":"product_brand","embeddable":true,"href":"https:\/\/roveyayinevi.com.tr\/index.php\/wp-json\/wp\/v2\/product_brand?post=742549"},{"taxonomy":"product_cat","embeddable":true,"href":"https:\/\/roveyayinevi.com.tr\/index.php\/wp-json\/wp\/v2\/product_cat?post=742549"},{"taxonomy":"product_tag","embeddable":true,"href":"https:\/\/roveyayinevi.com.tr\/index.php\/wp-json\/wp\/v2\/product_tag?post=742549"}],"curies":[{"name":"wp","href":"https:\/\/api.w.org\/{rel}","templated":true}]}}