{"id":742548,"date":"2025-08-28T01:14:26","date_gmt":"2025-08-27T22:14:26","guid":{"rendered":"https:\/\/roveyayinevi.com.tr\/index.php\/urun\/mutant-kisilikler\/"},"modified":"2026-04-16T02:53:46","modified_gmt":"2026-04-15T23:53:46","slug":"mutant-kisilikler","status":"publish","type":"product","link":"https:\/\/roveyayinevi.com.tr\/index.php\/urun\/mutant-kisilikler\/","title":{"rendered":"Mutant Ki\u015filikler"},"content":{"rendered":"<p>\u0130nsanlar \u00fcreme fonksiyonunu ger\u00e7ekle\u015ftirme karar\u0131na vard\u0131klar\u0131nda; bu karar\u0131n isabet derecesini art\u0131rmaya namzet partner h\u00fccreleri b\u00fct\u00fcnle\u015fmek \u00fczere derinlerden yolculu\u011fa \u00e7\u0131karlar. Taktir buyrulan h\u00fccrelerden ikisi birle\u015ferek, kader kotlar\u0131 rotas\u0131nda b\u00f6l\u00fcne b\u00f6l\u00fcne b\u00fcy\u00fcmeye ba\u015flar.   \u0130\u015fte bu biyolojik geli\u015fim kader yazg\u0131s\u0131n\u0131n yazg\u0131 makam\u0131n\u0131n al\u0131n de\u011fil, kar\u0131n oldu\u011funa g\u00f6stermektedir. Bu kar\u0131n derinlerde bulunan ve kad\u0131n\u0131n d\u00f6l yata\u011f\u0131 olarak konumland\u0131r\u0131lan mahrem makamd\u0131r. <\/p>\n","protected":false},"excerpt":{"rendered":"<p>\u0130nsanlar \u00fcreme fonksiyonunu ger\u00e7ekle\u015ftirme karar\u0131na vard\u0131klar\u0131nda; bu karar\u0131n isabet derecesini art\u0131rmaya namzet partner h\u00fccreleri b\u00fct\u00fcnle\u015fmek \u00fczere derinlerden yolculu\u011fa \u00e7\u0131karlar. Taktir buyrulan h\u00fccrelerden ikisi birle\u015ferek, kader kotlar\u0131<span class=\"excerpt-hellip\"> [\u2026]<\/span><\/p>\n","protected":false},"featured_media":0,"template":"","meta":{"_monsterinsights_skip_tracking":false,"_monsterinsights_sitenote_active":false,"_monsterinsights_sitenote_note":"","_monsterinsights_sitenote_category":0},"product_brand":[],"product_cat":[12364,12376],"product_tag":[],"class_list":{"0":"post-742548","1":"product","2":"type-product","3":"status-publish","5":"product_cat-genel-konular","6":"product_cat-kisisel-gelisim","7":"pa_cilt-ciltsiz","8":"pa_tur-kitap","9":"pa_yayinevi-gulnar-yayinlari","10":"pa_yazar-prof-dr-fuat-odabasioglu","12":"first","13":"instock","14":"sale","15":"shipping-taxable","16":"purchasable","17":"product-type-simple"},"_links":{"self":[{"href":"https:\/\/roveyayinevi.com.tr\/index.php\/wp-json\/wp\/v2\/product\/742548","targetHints":{"allow":["GET"]}}],"collection":[{"href":"https:\/\/roveyayinevi.com.tr\/index.php\/wp-json\/wp\/v2\/product"}],"about":[{"href":"https:\/\/roveyayinevi.com.tr\/index.php\/wp-json\/wp\/v2\/types\/product"}],"wp:attachment":[{"href":"https:\/\/roveyayinevi.com.tr\/index.php\/wp-json\/wp\/v2\/media?parent=742548"}],"wp:term":[{"taxonomy":"product_brand","embeddable":true,"href":"https:\/\/roveyayinevi.com.tr\/index.php\/wp-json\/wp\/v2\/product_brand?post=742548"},{"taxonomy":"product_cat","embeddable":true,"href":"https:\/\/roveyayinevi.com.tr\/index.php\/wp-json\/wp\/v2\/product_cat?post=742548"},{"taxonomy":"product_tag","embeddable":true,"href":"https:\/\/roveyayinevi.com.tr\/index.php\/wp-json\/wp\/v2\/product_tag?post=742548"}],"curies":[{"name":"wp","href":"https:\/\/api.w.org\/{rel}","templated":true}]}}