{"id":742542,"date":"2025-08-28T01:14:17","date_gmt":"2025-08-27T22:14:17","guid":{"rendered":"https:\/\/roveyayinevi.com.tr\/index.php\/urun\/kitluk\/"},"modified":"2026-04-16T02:53:46","modified_gmt":"2026-04-15T23:53:46","slug":"kitluk","status":"publish","type":"product","link":"https:\/\/roveyayinevi.com.tr\/index.php\/urun\/kitluk\/","title":{"rendered":"Kitluk"},"content":{"rendered":"<p>Bu roman, ger\u00e7ek bir hayat hik\u00e2yesinden yola \u00e7\u0131k\u0131larak yaz\u0131lm\u0131\u015ft\u0131r.   Bir zamanlar bu topraklarda k\u0131tl\u0131k vard\u0131. \u00c7etin \u015fartlar alt\u0131nda \u00e7al\u0131\u015fan insanlar bitap d\u00fc\u015ft\u00fc, zay\u0131flad\u0131 ve hastaland\u0131. A\u00e7l\u0131\u011f\u0131n ve yoksullu\u011fun alt\u0131nda ezilen nice aile, g\u0131da darl\u0131\u011f\u0131 sebebiyle g\u00f6\u00e7 etmek zorunda kald\u0131.   Kitluk, 1940\u2019l\u0131 y\u0131llarda ya\u015fayan Arde\u015fenli Mehmet\u2019le Fatma\u2019n\u0131n dramatik ya\u015fam \u00f6yk\u00fcs\u00fc. Be\u015f \u00e7ocuklar\u0131yla birlikte hayatlar\u0131n\u0131 idame ettirmeye \u00e7al\u0131\u015fan bir ailenin verdikleri m\u00fccadele\u2026  Bu m\u00fccadele bizim i\u00e7in tan\u0131d\u0131k asl\u0131nda. Yoksulla vars\u0131l\u0131n, ezenle ezilenin \u00e7at\u0131\u015fmas\u0131 bu.   Laz romanc\u0131 ve \u00f6yk\u00fcc\u00fc Mur\u011fuli\u015fi Muradi, yak\u0131ndan tan\u0131k oldu\u011fu hayatlar\u0131 ustal\u0131kla resmediyor. Karadeniz insan\u0131n\u0131n dilini ve o d\u00f6neme ait detaylar\u0131 dikkate almay\u0131 da ihmal etmiyor.   Tarih boyunca a\u015f\u0131r\u0131 ya\u011fmur ve ta\u015fk\u0131nlar, mevsimsiz so\u011fuklar ve bitki hastal\u0131klar\u0131 gibi nedenler g\u0131da kaynaklar\u0131n\u0131n yok olmas\u0131na sebep oldu. Yak\u0131n gelecekte, iklim krizine ba\u011fl\u0131 olarak memleketimizde ve d\u00fcnyada tekrar k\u0131tl\u0131k g\u00fcnleri ya\u015fanacak.   Ekokurgu, do\u011fayla olan ili\u015fkimizi edebiyat\u0131n g\u00fcc\u00fcyle yeniden in\u015fa ediyor. Unutmayal\u0131m, <\/p>\n","protected":false},"excerpt":{"rendered":"<p>Bu roman, ger\u00e7ek bir hayat hik\u00e2yesinden yola \u00e7\u0131k\u0131larak yaz\u0131lm\u0131\u015ft\u0131r. Bir zamanlar bu topraklarda k\u0131tl\u0131k vard\u0131. \u00c7etin \u015fartlar alt\u0131nda \u00e7al\u0131\u015fan insanlar bitap d\u00fc\u015ft\u00fc, zay\u0131flad\u0131 ve hastaland\u0131. A\u00e7l\u0131\u011f\u0131n<span class=\"excerpt-hellip\"> [\u2026]<\/span><\/p>\n","protected":false},"featured_media":0,"template":"","meta":{"_monsterinsights_skip_tracking":false,"_monsterinsights_sitenote_active":false,"_monsterinsights_sitenote_note":"","_monsterinsights_sitenote_category":0},"product_brand":[],"product_cat":[12291,12711],"product_tag":[],"class_list":{"0":"post-742542","1":"product","2":"type-product","3":"status-publish","5":"product_cat-edebiyat","6":"product_cat-roman-oyku","7":"pa_cilt-ciltsiz","8":"pa_tur-kitap","9":"pa_yayinevi-yeni-insan-yayinlari","10":"pa_yazar-murgulisi-muradi","12":"first","13":"instock","14":"sale","15":"shipping-taxable","16":"purchasable","17":"product-type-simple"},"_links":{"self":[{"href":"https:\/\/roveyayinevi.com.tr\/index.php\/wp-json\/wp\/v2\/product\/742542","targetHints":{"allow":["GET"]}}],"collection":[{"href":"https:\/\/roveyayinevi.com.tr\/index.php\/wp-json\/wp\/v2\/product"}],"about":[{"href":"https:\/\/roveyayinevi.com.tr\/index.php\/wp-json\/wp\/v2\/types\/product"}],"wp:attachment":[{"href":"https:\/\/roveyayinevi.com.tr\/index.php\/wp-json\/wp\/v2\/media?parent=742542"}],"wp:term":[{"taxonomy":"product_brand","embeddable":true,"href":"https:\/\/roveyayinevi.com.tr\/index.php\/wp-json\/wp\/v2\/product_brand?post=742542"},{"taxonomy":"product_cat","embeddable":true,"href":"https:\/\/roveyayinevi.com.tr\/index.php\/wp-json\/wp\/v2\/product_cat?post=742542"},{"taxonomy":"product_tag","embeddable":true,"href":"https:\/\/roveyayinevi.com.tr\/index.php\/wp-json\/wp\/v2\/product_tag?post=742542"}],"curies":[{"name":"wp","href":"https:\/\/api.w.org\/{rel}","templated":true}]}}