{"id":742530,"date":"2025-08-28T01:14:01","date_gmt":"2025-08-27T22:14:01","guid":{"rendered":"https:\/\/roveyayinevi.com.tr\/index.php\/urun\/cagdas-azerbaycan-oykusu\/"},"modified":"2026-04-16T02:53:45","modified_gmt":"2026-04-15T23:53:45","slug":"cagdas-azerbaycan-oykusu","status":"publish","type":"product","link":"https:\/\/roveyayinevi.com.tr\/index.php\/urun\/cagdas-azerbaycan-oykusu\/","title":{"rendered":"\u00c7a\u011fda\u015f Azerbaycan \u00d6yk\u00fcs\u00fc"},"content":{"rendered":"<p>Tu\u0308rk Du\u0308nyas\u0131 edebiyat\u0131 i\u00e7inde Azerbaycan nesrinin kendine \u00f6zgu\u0308 bir yeri vard\u0131r. 19. asr\u0131n ortalar\u0131ndan itibaren Rusya u\u0308zerinden Kuzey Azerbaycan\u2019a do\u011fru esen Avrupa\u2019n\u0131n ku\u0308ltu\u0308r ru\u0308zg\u00e2rlar\u0131, Kuzey Azerbaycan edebi co\u011frafyas\u0131n\u0131n bu\u0308yu\u0308k bir h\u0131zla geni\u015flemesine vesile olmu\u015ftur. Yak\u0131n Do\u011fu ve Orta Do\u011fu\u2019da ilk tiyatro ve nesir eserlerinin Azerbaycan\u2019da yaz\u0131lmas\u0131 ve yay\u0131mlanmas\u0131 asla tesadu\u0308f de\u011fildir. Daha o y\u0131llarda, Avrupa\u2019da yaz\u0131lmaya ve yay\u0131lmaya ba\u015flayan tu\u0308m edebi tu\u0308rler, Azerbaycan edebi muhitinde de kendine yer bulabilmi\u015ftir. Bu nedenle Azerbaycan nesrinin k\u00f6klu\u0308 bir gelene\u011fe sahip oldu\u011funu s\u00f6yleyebiliriz. Tu\u0308rk okuyucular\u0131, kendilerine sunulan bu antolojide, Azerbaycan edeb\u00ee ku\u015faklar\u0131 aras\u0131ndaki ge\u00e7i\u015flerin; Azerbaycan nesrindeki basitlikten mu\u0308kemmelli\u011fe do\u011fru gidi\u015fin bu\u0308tu\u0308n renklerini izleme imk\u00e2n\u0131 bulacaklard\u0131r. Daha do\u011frusu bu antolojiyi okuyan edebiyatseverlerin, Azerbaycan nesrinin bedii estetik a\u00e7\u0131dan ilerlemesini de bu\u0308tu\u0308n y\u00f6nleriyle izlemeleri mu\u0308mku\u0308n olacakt\u0131r<\/p>\n","protected":false},"excerpt":{"rendered":"<p>Tu\u0308rk Du\u0308nyas\u0131 edebiyat\u0131 i\u00e7inde Azerbaycan nesrinin kendine \u00f6zgu\u0308 bir yeri vard\u0131r. 19. asr\u0131n ortalar\u0131ndan itibaren Rusya u\u0308zerinden Kuzey Azerbaycan\u2019a do\u011fru esen Avrupa\u2019n\u0131n ku\u0308ltu\u0308r ru\u0308zg\u00e2rlar\u0131, Kuzey Azerbaycan<span class=\"excerpt-hellip\"> [\u2026]<\/span><\/p>\n","protected":false},"featured_media":0,"template":"","meta":{"_monsterinsights_skip_tracking":false,"_monsterinsights_sitenote_active":false,"_monsterinsights_sitenote_note":"","_monsterinsights_sitenote_category":0},"product_brand":[],"product_cat":[14060,12291],"product_tag":[],"class_list":{"0":"post-742530","1":"product","2":"type-product","3":"status-publish","5":"product_cat-antoloji","6":"product_cat-edebiyat","7":"pa_cilt-ciltsiz","8":"pa_tur-kitap","9":"pa_yayinevi-ketebe-yayinlari","10":"pa_yazar-kolektif","12":"first","13":"instock","14":"sale","15":"shipping-taxable","16":"purchasable","17":"product-type-simple"},"_links":{"self":[{"href":"https:\/\/roveyayinevi.com.tr\/index.php\/wp-json\/wp\/v2\/product\/742530","targetHints":{"allow":["GET"]}}],"collection":[{"href":"https:\/\/roveyayinevi.com.tr\/index.php\/wp-json\/wp\/v2\/product"}],"about":[{"href":"https:\/\/roveyayinevi.com.tr\/index.php\/wp-json\/wp\/v2\/types\/product"}],"wp:attachment":[{"href":"https:\/\/roveyayinevi.com.tr\/index.php\/wp-json\/wp\/v2\/media?parent=742530"}],"wp:term":[{"taxonomy":"product_brand","embeddable":true,"href":"https:\/\/roveyayinevi.com.tr\/index.php\/wp-json\/wp\/v2\/product_brand?post=742530"},{"taxonomy":"product_cat","embeddable":true,"href":"https:\/\/roveyayinevi.com.tr\/index.php\/wp-json\/wp\/v2\/product_cat?post=742530"},{"taxonomy":"product_tag","embeddable":true,"href":"https:\/\/roveyayinevi.com.tr\/index.php\/wp-json\/wp\/v2\/product_tag?post=742530"}],"curies":[{"name":"wp","href":"https:\/\/api.w.org\/{rel}","templated":true}]}}