{"id":742529,"date":"2025-08-28T01:14:00","date_gmt":"2025-08-27T22:14:00","guid":{"rendered":"https:\/\/roveyayinevi.com.tr\/index.php\/urun\/buyruk-nedir\/"},"modified":"2026-04-16T02:53:45","modified_gmt":"2026-04-15T23:53:45","slug":"buyruk-nedir","status":"publish","type":"product","link":"https:\/\/roveyayinevi.com.tr\/index.php\/urun\/buyruk-nedir\/","title":{"rendered":"Buyruk Nedir?"},"content":{"rendered":"<p>Buyruk Nedir?, arkeolojinin \u015fimdiye eri\u015fmenin tek yolu oldu\u011fu d\u00fc\u015f\u00fcncesiyle buyurma ediminin, buyuran ve buyurulan ba\u011flam\u0131nda bir arkeolojisini yap\u0131yor. Giorgio Agamben, \u201ckomuta etme\u201dnin, \u201cemretmenin\u201d, \u201cbuyurma\u201dn\u0131n hem insan-insan hem Tanr\u0131-insan aras\u0131ndaki ba\u011fda\u015fmalar\u0131n\u0131 ve ayr\u0131\u015fmalar\u0131n\u0131 analiz ediyor. Yazar, \u201ckomutan\u201d\u0131n k\u00f6keninden yola \u00e7\u0131karak bir doktrinden daha fazlas\u0131n\u0131, bir kavram sorununu ortaya koyuyor. Buyruk Nedir?, Kitab-\u0131 Mukaddes b\u00f6l\u00fcmleri ile Aristoteles, de la Bo\u00e9tie, Koj\u00e8ve, Benveniste ve Kelsen gibi filozoflar\u0131n, dil bilimcilerin ve hukuk\u00e7ular\u0131n metinleri e\u015fli\u011finde bir irade, komuta ve buyruk piramidi olu\u015fturuyor. <\/p>\n","protected":false},"excerpt":{"rendered":"<p>Buyruk Nedir?, arkeolojinin \u015fimdiye eri\u015fmenin tek yolu oldu\u011fu d\u00fc\u015f\u00fcncesiyle buyurma ediminin, buyuran ve buyurulan ba\u011flam\u0131nda bir arkeolojisini yap\u0131yor. Giorgio Agamben, \u201ckomuta etme\u201dnin, \u201cemretmenin\u201d, \u201cbuyurma\u201dn\u0131n hem insan-insan<span class=\"excerpt-hellip\"> [\u2026]<\/span><\/p>\n","protected":false},"featured_media":0,"template":"","meta":{"_monsterinsights_skip_tracking":false,"_monsterinsights_sitenote_active":false,"_monsterinsights_sitenote_note":"","_monsterinsights_sitenote_category":0},"product_brand":[],"product_cat":[12389,12388],"product_tag":[],"class_list":{"0":"post-742529","1":"product","2":"type-product","3":"status-publish","5":"product_cat-diger-felsefe","6":"product_cat-felsefe","7":"pa_cilt-ciltsiz","8":"pa_tur-kitap","9":"pa_yayinevi-ketebe-yayinlari","10":"pa_yazar-giorgio-agamben","12":"first","13":"instock","14":"sale","15":"shipping-taxable","16":"purchasable","17":"product-type-simple"},"_links":{"self":[{"href":"https:\/\/roveyayinevi.com.tr\/index.php\/wp-json\/wp\/v2\/product\/742529","targetHints":{"allow":["GET"]}}],"collection":[{"href":"https:\/\/roveyayinevi.com.tr\/index.php\/wp-json\/wp\/v2\/product"}],"about":[{"href":"https:\/\/roveyayinevi.com.tr\/index.php\/wp-json\/wp\/v2\/types\/product"}],"wp:attachment":[{"href":"https:\/\/roveyayinevi.com.tr\/index.php\/wp-json\/wp\/v2\/media?parent=742529"}],"wp:term":[{"taxonomy":"product_brand","embeddable":true,"href":"https:\/\/roveyayinevi.com.tr\/index.php\/wp-json\/wp\/v2\/product_brand?post=742529"},{"taxonomy":"product_cat","embeddable":true,"href":"https:\/\/roveyayinevi.com.tr\/index.php\/wp-json\/wp\/v2\/product_cat?post=742529"},{"taxonomy":"product_tag","embeddable":true,"href":"https:\/\/roveyayinevi.com.tr\/index.php\/wp-json\/wp\/v2\/product_tag?post=742529"}],"curies":[{"name":"wp","href":"https:\/\/api.w.org\/{rel}","templated":true}]}}