{"id":742528,"date":"2025-08-28T01:13:58","date_gmt":"2025-08-27T22:13:58","guid":{"rendered":"https:\/\/roveyayinevi.com.tr\/index.php\/urun\/az-kalan-golge\/"},"modified":"2026-04-16T02:53:45","modified_gmt":"2026-04-15T23:53:45","slug":"az-kalan-golge","status":"publish","type":"product","link":"https:\/\/roveyayinevi.com.tr\/index.php\/urun\/az-kalan-golge\/","title":{"rendered":"Az Kalan G\u00f6lge"},"content":{"rendered":"<p>Az Kalan G\u00f6lge\u2019nin Osman\u2019\u0131 \u00f6nce do\u011fdu\u011fu yerde du\u0308\u015fe kalka, sonra du\u0308nya u\u0308zerinde du\u0308\u015fe kalka ya\u015fad\u0131 durdu. Durdu ama \u00f6yle durmak de\u011fil. Ya\u015famaya yemin etmi\u015f gibi debelendi durdu. Okullar okudu, askere gitti, darbeler g\u00f6rdu\u0308 ve ru\u0308yalar, du\u0308nyaya bakt\u0131; hayat\u0131n yu\u0308zu\u0308ne. Okyanuslar a\u015ft\u0131, parklarda yatt\u0131, yu\u0308ru\u0308du\u0308 hem de \u00e7ok, biz de onunla beraber. G\u00f6rmedi, etraf\u0131nda pervaneler vard\u0131. Sonra bir gu\u0308n oturup kendine laf anlatmaya ba\u015flad\u0131 Osman o\u011flu Osman; kendine laf dinletmeye. \u201cG\u00f6nlu\u0308n geni\u015fti senin, u\u00e7mak istedin, a\u00e7mak istedin, ka\u00e7mak istedin.\u201d<\/p>\n","protected":false},"excerpt":{"rendered":"<p>Az Kalan G\u00f6lge\u2019nin Osman\u2019\u0131 \u00f6nce do\u011fdu\u011fu yerde du\u0308\u015fe kalka, sonra du\u0308nya u\u0308zerinde du\u0308\u015fe kalka ya\u015fad\u0131 durdu. Durdu ama \u00f6yle durmak de\u011fil. Ya\u015famaya yemin etmi\u015f gibi debelendi<span class=\"excerpt-hellip\"> [\u2026]<\/span><\/p>\n","protected":false},"featured_media":0,"template":"","meta":{"_monsterinsights_skip_tracking":false,"_monsterinsights_sitenote_active":false,"_monsterinsights_sitenote_note":"","_monsterinsights_sitenote_category":0},"product_brand":[],"product_cat":[12291,12711],"product_tag":[],"class_list":{"0":"post-742528","1":"product","2":"type-product","3":"status-publish","5":"product_cat-edebiyat","6":"product_cat-roman-oyku","7":"pa_cilt-ciltsiz","8":"pa_tur-kitap","9":"pa_yayinevi-ketebe-yayinlari","10":"pa_yazar-guray-sungu","12":"first","13":"instock","14":"sale","15":"shipping-taxable","16":"purchasable","17":"product-type-simple"},"_links":{"self":[{"href":"https:\/\/roveyayinevi.com.tr\/index.php\/wp-json\/wp\/v2\/product\/742528","targetHints":{"allow":["GET"]}}],"collection":[{"href":"https:\/\/roveyayinevi.com.tr\/index.php\/wp-json\/wp\/v2\/product"}],"about":[{"href":"https:\/\/roveyayinevi.com.tr\/index.php\/wp-json\/wp\/v2\/types\/product"}],"wp:attachment":[{"href":"https:\/\/roveyayinevi.com.tr\/index.php\/wp-json\/wp\/v2\/media?parent=742528"}],"wp:term":[{"taxonomy":"product_brand","embeddable":true,"href":"https:\/\/roveyayinevi.com.tr\/index.php\/wp-json\/wp\/v2\/product_brand?post=742528"},{"taxonomy":"product_cat","embeddable":true,"href":"https:\/\/roveyayinevi.com.tr\/index.php\/wp-json\/wp\/v2\/product_cat?post=742528"},{"taxonomy":"product_tag","embeddable":true,"href":"https:\/\/roveyayinevi.com.tr\/index.php\/wp-json\/wp\/v2\/product_tag?post=742528"}],"curies":[{"name":"wp","href":"https:\/\/api.w.org\/{rel}","templated":true}]}}