{"id":742527,"date":"2025-08-28T01:13:57","date_gmt":"2025-08-27T22:13:57","guid":{"rendered":"https:\/\/roveyayinevi.com.tr\/index.php\/urun\/tuslarin-kardesligi\/"},"modified":"2026-04-16T02:53:45","modified_gmt":"2026-04-15T23:53:45","slug":"tuslarin-kardesligi","status":"publish","type":"product","link":"https:\/\/roveyayinevi.com.tr\/index.php\/urun\/tuslarin-kardesligi\/","title":{"rendered":"Tu\u015flar\u0131n Karde\u015fli\u011fi"},"content":{"rendered":"<p>Modern anlamda belki daktilonun icad\u0131ndan beri tan\u0131\u015f\u0131yoruz onlarla, ama hayatlar\u0131m\u0131zdaki yerleri asl\u0131nda mu\u0308zi\u011fin klavyeleri denli eski. (Zaten bu ilk a\u015final\u0131k da g\u00f6steriyor ki, g\u00f6rmenin \u00e7ok \u00f6tesinde onlarla ba\u011flar\u0131m\u0131z, denebilirse, dokunmaya dayal\u0131 birer ezgi.) Bugu\u0308n de, cep telefonumuzdan ses ve g\u00f6ru\u0308ntu\u0308 kumandalar\u0131na, bilgisayar\u0131m\u0131z\u0131n klavyesinden hesap ve gu\u0308venlik tu\u015flar\u0131na, onlarla \u201ctemas edip\u201d durmadan gu\u0308n ge\u00e7irenimiz asl\u0131nda yok gibi. Dolay\u0131s\u0131yla, i\u015f bu kitap da, rakamlardan harflere, yaz\u0131 du\u0308zenleyicilerden \u00f6teki imlere, klavyeli du\u0308nyam\u0131z\u0131n o en temel, en atomcul \u201ckarakter\u201dleri olan tu\u015flar i\u00e7in toplu bir gu\u0308zelleme. Ya da; d\u2019okunduk\u00e7a bizi dile getirenler i\u00e7in al\u00e7akg\u00f6nu\u0308llu\u0308 birer portre-deneme&#8230; <\/p>\n","protected":false},"excerpt":{"rendered":"<p>Modern anlamda belki daktilonun icad\u0131ndan beri tan\u0131\u015f\u0131yoruz onlarla, ama hayatlar\u0131m\u0131zdaki yerleri asl\u0131nda mu\u0308zi\u011fin klavyeleri denli eski. (Zaten bu ilk a\u015final\u0131k da g\u00f6steriyor ki, g\u00f6rmenin \u00e7ok \u00f6tesinde<span class=\"excerpt-hellip\"> [\u2026]<\/span><\/p>\n","protected":false},"featured_media":0,"template":"","meta":{"_monsterinsights_skip_tracking":false,"_monsterinsights_sitenote_active":false,"_monsterinsights_sitenote_note":"","_monsterinsights_sitenote_category":0},"product_brand":[],"product_cat":[12777,12291],"product_tag":[],"class_list":{"0":"post-742527","1":"product","2":"type-product","3":"status-publish","5":"product_cat-deneme","6":"product_cat-edebiyat","7":"pa_cilt-ciltsiz","8":"pa_tur-kitap","9":"pa_yayinevi-ketebe-yayinlari","10":"pa_yazar-ishak-reyna","12":"first","13":"instock","14":"sale","15":"shipping-taxable","16":"purchasable","17":"product-type-simple"},"_links":{"self":[{"href":"https:\/\/roveyayinevi.com.tr\/index.php\/wp-json\/wp\/v2\/product\/742527","targetHints":{"allow":["GET"]}}],"collection":[{"href":"https:\/\/roveyayinevi.com.tr\/index.php\/wp-json\/wp\/v2\/product"}],"about":[{"href":"https:\/\/roveyayinevi.com.tr\/index.php\/wp-json\/wp\/v2\/types\/product"}],"wp:attachment":[{"href":"https:\/\/roveyayinevi.com.tr\/index.php\/wp-json\/wp\/v2\/media?parent=742527"}],"wp:term":[{"taxonomy":"product_brand","embeddable":true,"href":"https:\/\/roveyayinevi.com.tr\/index.php\/wp-json\/wp\/v2\/product_brand?post=742527"},{"taxonomy":"product_cat","embeddable":true,"href":"https:\/\/roveyayinevi.com.tr\/index.php\/wp-json\/wp\/v2\/product_cat?post=742527"},{"taxonomy":"product_tag","embeddable":true,"href":"https:\/\/roveyayinevi.com.tr\/index.php\/wp-json\/wp\/v2\/product_tag?post=742527"}],"curies":[{"name":"wp","href":"https:\/\/api.w.org\/{rel}","templated":true}]}}