{"id":742526,"date":"2025-08-28T01:13:55","date_gmt":"2025-08-27T22:13:55","guid":{"rendered":"https:\/\/roveyayinevi.com.tr\/index.php\/urun\/poenun-marginaliasindan-bazi-fragmanlar\/"},"modified":"2026-04-16T02:53:45","modified_gmt":"2026-04-15T23:53:45","slug":"poenun-marginaliasindan-bazi-fragmanlar","status":"publish","type":"product","link":"https:\/\/roveyayinevi.com.tr\/index.php\/urun\/poenun-marginaliasindan-bazi-fragmanlar\/","title":{"rendered":"Poe&#8217;nun Marginalia&#8217;s\u0131ndan Baz\u0131 Fragmanlar"},"content":{"rendered":"<p>Kitap Tan\u0131t\u0131m Yaz\u0131s\u0131: EDGAR ALLAN POE, OKUDU\u011eU K\u0130TAPLARIN KENARINA NOTLAR TUTMAYI SEVERD\u0130. B\u0130R D\u00dc\u015e\u00dcNME VE DE\u011eERLEND\u0130RME \u00c7ALI\u015eMASI OLARAK G\u00d6R\u00dcRD\u00dc BUNU. BU KONUDAK\u0130 G\u00d6R\u00dc\u015eLER\u0130N\u0130 MARGINALIA ADLI M\u00dcNFER\u0130T BIR MET\u0130NDE TOPLADI. PAUL VAL\u00c9RY\u2019YSE POE\u2019NUN KENAR NOTLARI \u00dcST\u00dcNE KEND\u0130 KENAR NOTLARINI TUTTU. \u0130\u015eTE POE\u2019NUN MARGINALIA\u2019SINDAN BAZI FRAGMANLAR B\u00d6YLE OLU\u015eTU. B\u00d6YLECE B\u0130Z OKURLARI \u0130\u00c7\u0130N \u0130K\u0130 B\u00dcY\u00dcK SANAT\u00c7IYI B\u0130RL\u0130KTE OKUMA \u0130MK\u00c2NI DO\u011eDU. EL\u0130N\u0130ZDEK\u0130 K\u0130TABIN SAYFA KENARLARI Y\u00dcZ YILLIK B\u0130R ZAMAN D\u0130L\u0130M\u0130NE YAYILAN B\u0130R SOHBETE ORTAK OLMANIZ \u0130\u00c7\u0130N S\u0130ZLER\u0130 BEKL\u0130YOR. <\/p>\n","protected":false},"excerpt":{"rendered":"<p>Kitap Tan\u0131t\u0131m Yaz\u0131s\u0131: EDGAR ALLAN POE, OKUDU\u011eU K\u0130TAPLARIN KENARINA NOTLAR TUTMAYI SEVERD\u0130. B\u0130R D\u00dc\u015e\u00dcNME VE DE\u011eERLEND\u0130RME \u00c7ALI\u015eMASI OLARAK G\u00d6R\u00dcRD\u00dc BUNU. BU KONUDAK\u0130 G\u00d6R\u00dc\u015eLER\u0130N\u0130 MARGINALIA ADLI M\u00dcNFER\u0130T<span class=\"excerpt-hellip\"> [\u2026]<\/span><\/p>\n","protected":false},"featured_media":0,"template":"","meta":{"_monsterinsights_skip_tracking":false,"_monsterinsights_sitenote_active":false,"_monsterinsights_sitenote_note":"","_monsterinsights_sitenote_category":0},"product_brand":[],"product_cat":[13072,12291],"product_tag":[],"class_list":{"0":"post-742526","1":"product","2":"type-product","3":"status-publish","5":"product_cat-arastirma-inceleme-referans","6":"product_cat-edebiyat","7":"pa_cilt-ciltsiz","8":"pa_tur-kitap","9":"pa_yayinevi-ketebe-yayinlari","10":"pa_yazar-paul-valery","12":"first","13":"instock","14":"sale","15":"shipping-taxable","16":"purchasable","17":"product-type-simple"},"_links":{"self":[{"href":"https:\/\/roveyayinevi.com.tr\/index.php\/wp-json\/wp\/v2\/product\/742526","targetHints":{"allow":["GET"]}}],"collection":[{"href":"https:\/\/roveyayinevi.com.tr\/index.php\/wp-json\/wp\/v2\/product"}],"about":[{"href":"https:\/\/roveyayinevi.com.tr\/index.php\/wp-json\/wp\/v2\/types\/product"}],"wp:attachment":[{"href":"https:\/\/roveyayinevi.com.tr\/index.php\/wp-json\/wp\/v2\/media?parent=742526"}],"wp:term":[{"taxonomy":"product_brand","embeddable":true,"href":"https:\/\/roveyayinevi.com.tr\/index.php\/wp-json\/wp\/v2\/product_brand?post=742526"},{"taxonomy":"product_cat","embeddable":true,"href":"https:\/\/roveyayinevi.com.tr\/index.php\/wp-json\/wp\/v2\/product_cat?post=742526"},{"taxonomy":"product_tag","embeddable":true,"href":"https:\/\/roveyayinevi.com.tr\/index.php\/wp-json\/wp\/v2\/product_tag?post=742526"}],"curies":[{"name":"wp","href":"https:\/\/api.w.org\/{rel}","templated":true}]}}