{"id":742525,"date":"2025-08-28T01:13:54","date_gmt":"2025-08-27T22:13:54","guid":{"rendered":"https:\/\/roveyayinevi.com.tr\/index.php\/urun\/ibrahimin-kaybettigini-bulmasidir\/"},"modified":"2026-04-16T02:53:45","modified_gmt":"2026-04-15T23:53:45","slug":"ibrahimin-kaybettigini-bulmasidir","status":"publish","type":"product","link":"https:\/\/roveyayinevi.com.tr\/index.php\/urun\/ibrahimin-kaybettigini-bulmasidir\/","title":{"rendered":"\u0130brahim&#8217;in Kaybetti\u011fini Bulmas\u0131d\u0131r"},"content":{"rendered":"<p>\u0130brahim hayat\u0131n\u0131 kaybetti\u011fi gu\u0308n evinden \u00e7\u0131kmak istedi. Hayat\u0131n\u0131 kaybetti de \u00f6yle \u00e7\u0131kmak istemedi, kaybetti\u011fini evden \u00e7\u0131kt\u0131 da \u00f6yle \u00f6\u011frendi. Belki o gu\u0308nden de \u00f6nce kaybetmi\u015fti. Evinden \u00e7\u0131kt\u0131k\u00e7a tu\u0308rlu\u0308 duvarlara vurdu kendini. Bunu kendi mi istedi, ba\u015fkas\u0131 m\u0131 istedi, yahut kendi istedi de \u0130brahim mi bilmedi, bilinmez. Nihayetinde \u0130brahim neyi kaybetti\u011fini bildi. \u00d6nce hi\u00e7 kimse yoktu, sonra baz\u0131 insanlar g\u00f6rdu\u0308, sordu, hayat\u0131 Kay\u0131p Hayatlar Bah\u00e7esi\u2019ndeydi. Devam etti sormaya, t\u00e2 buluncaya dek. \u201cBen bir gu\u0308n kendimle kar\u015f\u0131la\u015ft\u0131m, \u0131st\u0131rab\u0131m b\u00f6yle ba\u015flad\u0131.\u201d<\/p>\n","protected":false},"excerpt":{"rendered":"<p>\u0130brahim hayat\u0131n\u0131 kaybetti\u011fi gu\u0308n evinden \u00e7\u0131kmak istedi. Hayat\u0131n\u0131 kaybetti de \u00f6yle \u00e7\u0131kmak istemedi, kaybetti\u011fini evden \u00e7\u0131kt\u0131 da \u00f6yle \u00f6\u011frendi. Belki o gu\u0308nden de \u00f6nce kaybetmi\u015fti. Evinden<span class=\"excerpt-hellip\"> [\u2026]<\/span><\/p>\n","protected":false},"featured_media":0,"template":"","meta":{"_monsterinsights_skip_tracking":false,"_monsterinsights_sitenote_active":false,"_monsterinsights_sitenote_note":"","_monsterinsights_sitenote_category":0},"product_brand":[],"product_cat":[12291,12711],"product_tag":[],"class_list":{"0":"post-742525","1":"product","2":"type-product","3":"status-publish","5":"product_cat-edebiyat","6":"product_cat-roman-oyku","7":"pa_cilt-ciltsiz","8":"pa_tur-kitap","9":"pa_yayinevi-ketebe-yayinlari","10":"pa_yazar-guray-sungu","12":"first","13":"instock","14":"sale","15":"shipping-taxable","16":"purchasable","17":"product-type-simple"},"_links":{"self":[{"href":"https:\/\/roveyayinevi.com.tr\/index.php\/wp-json\/wp\/v2\/product\/742525","targetHints":{"allow":["GET"]}}],"collection":[{"href":"https:\/\/roveyayinevi.com.tr\/index.php\/wp-json\/wp\/v2\/product"}],"about":[{"href":"https:\/\/roveyayinevi.com.tr\/index.php\/wp-json\/wp\/v2\/types\/product"}],"wp:attachment":[{"href":"https:\/\/roveyayinevi.com.tr\/index.php\/wp-json\/wp\/v2\/media?parent=742525"}],"wp:term":[{"taxonomy":"product_brand","embeddable":true,"href":"https:\/\/roveyayinevi.com.tr\/index.php\/wp-json\/wp\/v2\/product_brand?post=742525"},{"taxonomy":"product_cat","embeddable":true,"href":"https:\/\/roveyayinevi.com.tr\/index.php\/wp-json\/wp\/v2\/product_cat?post=742525"},{"taxonomy":"product_tag","embeddable":true,"href":"https:\/\/roveyayinevi.com.tr\/index.php\/wp-json\/wp\/v2\/product_tag?post=742525"}],"curies":[{"name":"wp","href":"https:\/\/api.w.org\/{rel}","templated":true}]}}