{"id":742524,"date":"2025-08-28T01:13:52","date_gmt":"2025-08-27T22:13:52","guid":{"rendered":"https:\/\/roveyayinevi.com.tr\/index.php\/urun\/dunya-yuvarlaktir\/"},"modified":"2026-04-12T02:57:48","modified_gmt":"2026-04-11T23:57:48","slug":"dunya-yuvarlaktir","status":"publish","type":"product","link":"https:\/\/roveyayinevi.com.tr\/index.php\/urun\/dunya-yuvarlaktir\/","title":{"rendered":"D\u00fcnya Yuvarlakt\u0131r"},"content":{"rendered":"<p>Kitap Tan\u0131t\u0131m Yaz\u0131s\u0131: NE OLACA\u011eINI MERAK ETMEKTEN KEND\u0130N\u0130 ALAMAYAN B\u00dcY\u00dcK VE K\u00dc\u00c7\u00dcK OKURLAR \u0130\u00c7\u0130N. \u0130SV\u0130\u00c7REL\u0130 YAZAR PETER BICHSEL, GER\u00c7E\u011e\u0130 DE\u011e\u0130L GER\u00c7E\u011e\u0130N FARKLI VARYASYONLARINI KONU ED\u0130ND\u0130\u011e\u0130 BU K\u0130TABINDA 7 TUHAF KARAKTERLE TANI\u015eACAKSINIZ. \u00d6RNE\u011e\u0130N; D\u00dcNYA\u2019NIN YUVARLAK OLDU\u011eUNU B\u0130LD\u0130\u011e\u0130 H\u00c2LDE ONU KANITLAMAYA \u00c7ALI\u015eAN \u0130HT\u0130YAR B\u0130R ADAMLA YA DA ZATEN \u0130CAT ED\u0130LM\u0130\u015e OLAN \u015eEYLER\u0130 \u0130CAT EDEN B\u0130R MUC\u0130TLE VEYA HERKES\u0130N B\u0130LD\u0130\u011e\u0130 \u015eEYLER\u0130 B\u0130LMEN\u0130N ANLAMSIZ OLDU\u011eUNU D\u00dc\u015e\u00dcNEN B\u0130R YA\u015eLIYLA&#8230; BU KARAKTERLERLE TANI\u015eINCA, \u00d6YK\u00dcLER B\u0130TT\u0130KTEN SONRA DA ONLAR HAKKINDA D\u00dc\u015e\u00dcNMEYE DEVAM EDECEKS\u0130N\u0130Z. <\/p>\n","protected":false},"excerpt":{"rendered":"<p>Kitap Tan\u0131t\u0131m Yaz\u0131s\u0131: NE OLACA\u011eINI MERAK ETMEKTEN KEND\u0130N\u0130 ALAMAYAN B\u00dcY\u00dcK VE K\u00dc\u00c7\u00dcK OKURLAR \u0130\u00c7\u0130N. \u0130SV\u0130\u00c7REL\u0130 YAZAR PETER BICHSEL, GER\u00c7E\u011e\u0130 DE\u011e\u0130L GER\u00c7E\u011e\u0130N FARKLI VARYASYONLARINI KONU ED\u0130ND\u0130\u011e\u0130 BU<span class=\"excerpt-hellip\"> [\u2026]<\/span><\/p>\n","protected":false},"featured_media":0,"template":"","meta":{"_monsterinsights_skip_tracking":false,"_monsterinsights_sitenote_active":false,"_monsterinsights_sitenote_note":"","_monsterinsights_sitenote_category":0},"product_brand":[],"product_cat":[12291,12711],"product_tag":[],"class_list":{"0":"post-742524","1":"product","2":"type-product","3":"status-publish","5":"product_cat-edebiyat","6":"product_cat-roman-oyku","7":"pa_cilt-ciltsiz","8":"pa_tur-kitap","9":"pa_yayinevi-ketebe-yayinlari","10":"pa_yazar-peter-bichsel","12":"first","13":"instock","14":"sale","15":"shipping-taxable","16":"purchasable","17":"product-type-simple"},"_links":{"self":[{"href":"https:\/\/roveyayinevi.com.tr\/index.php\/wp-json\/wp\/v2\/product\/742524","targetHints":{"allow":["GET"]}}],"collection":[{"href":"https:\/\/roveyayinevi.com.tr\/index.php\/wp-json\/wp\/v2\/product"}],"about":[{"href":"https:\/\/roveyayinevi.com.tr\/index.php\/wp-json\/wp\/v2\/types\/product"}],"wp:attachment":[{"href":"https:\/\/roveyayinevi.com.tr\/index.php\/wp-json\/wp\/v2\/media?parent=742524"}],"wp:term":[{"taxonomy":"product_brand","embeddable":true,"href":"https:\/\/roveyayinevi.com.tr\/index.php\/wp-json\/wp\/v2\/product_brand?post=742524"},{"taxonomy":"product_cat","embeddable":true,"href":"https:\/\/roveyayinevi.com.tr\/index.php\/wp-json\/wp\/v2\/product_cat?post=742524"},{"taxonomy":"product_tag","embeddable":true,"href":"https:\/\/roveyayinevi.com.tr\/index.php\/wp-json\/wp\/v2\/product_tag?post=742524"}],"curies":[{"name":"wp","href":"https:\/\/api.w.org\/{rel}","templated":true}]}}