{"id":742523,"date":"2025-08-28T01:13:51","date_gmt":"2025-08-27T22:13:51","guid":{"rendered":"https:\/\/roveyayinevi.com.tr\/index.php\/urun\/gantz-12\/"},"modified":"2026-04-16T02:53:45","modified_gmt":"2026-04-15T23:53:45","slug":"gantz-12","status":"publish","type":"product","link":"https:\/\/roveyayinevi.com.tr\/index.php\/urun\/gantz-12\/","title":{"rendered":"Gantz 12"},"content":{"rendered":"<p>\u015eincuku\u2019daki katliam\u0131n ard\u0131ndan, \u0130zumi Kocima\u2019y\u0131 rehin ald\u0131 ve Kurono da Tokyo Devlet Dairesindeki g\u00f6zlemevine gidip onunla kar\u015f\u0131la\u015fmaya karar verdi. Bu kar\u015f\u0131la\u015fmada birbirlerine \u00fcst\u00fcnl\u00fck sa\u011flayamad\u0131lar ama Kurono\u2019nun \u00f6lmesine az kala ikisi de apartmana nakledildiler. Bu seferki g\u00f6revde rakipleri dinozorlar. Elbise giymeyen Kurono 15 puan toplamak zorunda ve i\u015fi hi\u00e7 de kolay de\u011fil. Di\u011fer taraftan, gitmeyi \u00e7ok istedi\u011fi Gantz d\u00fcnyas\u0131na geri d\u00f6nen \u0130zumi, uzayl\u0131lara tek ba\u015f\u0131na meydan okuyup, hepsini ezip ge\u00e7ecek!   Hik\u00e2ye ak\u0131\u015f\u0131 ve ana kahramanlar\u0131n\u0131n ya\u015fad\u0131klar\u0131yla di\u011fer t\u00fcm mangalardan ayr\u0131lan yeti\u015fkin mangas\u0131 Gantz, y\u00fcksek temposuyla \u015fa\u015f\u0131rtmaya devam ediyor. <\/p>\n","protected":false},"excerpt":{"rendered":"<p>\u015eincuku\u2019daki katliam\u0131n ard\u0131ndan, \u0130zumi Kocima\u2019y\u0131 rehin ald\u0131 ve Kurono da Tokyo Devlet Dairesindeki g\u00f6zlemevine gidip onunla kar\u015f\u0131la\u015fmaya karar verdi. Bu kar\u015f\u0131la\u015fmada birbirlerine \u00fcst\u00fcnl\u00fck sa\u011flayamad\u0131lar ama Kurono\u2019nun<span class=\"excerpt-hellip\"> [\u2026]<\/span><\/p>\n","protected":false},"featured_media":0,"template":"","meta":{"_monsterinsights_skip_tracking":false,"_monsterinsights_sitenote_active":false,"_monsterinsights_sitenote_note":"","_monsterinsights_sitenote_category":0},"product_brand":[],"product_cat":[12416,12291],"product_tag":[],"class_list":{"0":"post-742523","1":"product","2":"type-product","3":"status-publish","5":"product_cat-cizgi-roman","6":"product_cat-edebiyat","7":"pa_cilt-ciltsiz","8":"pa_tur-kitap","9":"pa_yayinevi-kurukafa","10":"pa_yazar-hiroya-oku","12":"first","13":"instock","14":"sale","15":"shipping-taxable","16":"purchasable","17":"product-type-simple"},"_links":{"self":[{"href":"https:\/\/roveyayinevi.com.tr\/index.php\/wp-json\/wp\/v2\/product\/742523","targetHints":{"allow":["GET"]}}],"collection":[{"href":"https:\/\/roveyayinevi.com.tr\/index.php\/wp-json\/wp\/v2\/product"}],"about":[{"href":"https:\/\/roveyayinevi.com.tr\/index.php\/wp-json\/wp\/v2\/types\/product"}],"wp:attachment":[{"href":"https:\/\/roveyayinevi.com.tr\/index.php\/wp-json\/wp\/v2\/media?parent=742523"}],"wp:term":[{"taxonomy":"product_brand","embeddable":true,"href":"https:\/\/roveyayinevi.com.tr\/index.php\/wp-json\/wp\/v2\/product_brand?post=742523"},{"taxonomy":"product_cat","embeddable":true,"href":"https:\/\/roveyayinevi.com.tr\/index.php\/wp-json\/wp\/v2\/product_cat?post=742523"},{"taxonomy":"product_tag","embeddable":true,"href":"https:\/\/roveyayinevi.com.tr\/index.php\/wp-json\/wp\/v2\/product_tag?post=742523"}],"curies":[{"name":"wp","href":"https:\/\/api.w.org\/{rel}","templated":true}]}}