{"id":742522,"date":"2025-08-28T01:13:49","date_gmt":"2025-08-27T22:13:49","guid":{"rendered":"https:\/\/roveyayinevi.com.tr\/index.php\/urun\/simdi-2\/"},"modified":"2026-04-16T02:53:30","modified_gmt":"2026-04-15T23:53:30","slug":"simdi-2","status":"publish","type":"product","link":"https:\/\/roveyayinevi.com.tr\/index.php\/urun\/simdi-2\/","title":{"rendered":"\u015eimdi"},"content":{"rendered":"<p>\u00c7ok istedi\u011fin o \u015feyi yapmay\u0131 d\u00fc\u015f\u00fcnd\u00fck\u00e7e, bekler durursun d\u00fc\u015f kap\u0131s\u0131n\u0131n \u00f6n\u00fcnde. M\u00fckemmel an hemen kap\u0131n\u0131n \u00f6tesinde\u2026   Kevser Y\u0131lmaz\u2019\u0131n yazd\u0131\u011f\u0131 ve Julian Ariza\u2019n\u0131n resimledi\u011fi \u201c\u015eimdi\u201d \u00e7ocuklar\u0131 an\u0131 ya\u015famaya davet ediyor!     <\/p>\n","protected":false},"excerpt":{"rendered":"<p>\u00c7ok istedi\u011fin o \u015feyi yapmay\u0131 d\u00fc\u015f\u00fcnd\u00fck\u00e7e, bekler durursun d\u00fc\u015f kap\u0131s\u0131n\u0131n \u00f6n\u00fcnde. M\u00fckemmel an hemen kap\u0131n\u0131n \u00f6tesinde\u2026 Kevser Y\u0131lmaz\u2019\u0131n yazd\u0131\u011f\u0131 ve Julian Ariza\u2019n\u0131n resimledi\u011fi \u201c\u015eimdi\u201d \u00e7ocuklar\u0131 an\u0131<span class=\"excerpt-hellip\"> [\u2026]<\/span><\/p>\n","protected":false},"featured_media":0,"template":"","meta":{"_monsterinsights_skip_tracking":false,"_monsterinsights_sitenote_active":false,"_monsterinsights_sitenote_note":"","_monsterinsights_sitenote_category":0},"product_brand":[],"product_cat":[12913,12274],"product_tag":[],"class_list":{"0":"post-742522","1":"product","2":"type-product","3":"status-publish","5":"product_cat-3-6-yas-kitaplari","6":"product_cat-cocuk-ve-genclik-kitaplari","7":"pa_cilt-ciltsiz","8":"pa_tur-kitap","9":"pa_yayinevi-ketebe-yayinlari","11":"first","12":"instock","13":"sale","14":"shipping-taxable","15":"purchasable","16":"product-type-simple"},"_links":{"self":[{"href":"https:\/\/roveyayinevi.com.tr\/index.php\/wp-json\/wp\/v2\/product\/742522","targetHints":{"allow":["GET"]}}],"collection":[{"href":"https:\/\/roveyayinevi.com.tr\/index.php\/wp-json\/wp\/v2\/product"}],"about":[{"href":"https:\/\/roveyayinevi.com.tr\/index.php\/wp-json\/wp\/v2\/types\/product"}],"wp:attachment":[{"href":"https:\/\/roveyayinevi.com.tr\/index.php\/wp-json\/wp\/v2\/media?parent=742522"}],"wp:term":[{"taxonomy":"product_brand","embeddable":true,"href":"https:\/\/roveyayinevi.com.tr\/index.php\/wp-json\/wp\/v2\/product_brand?post=742522"},{"taxonomy":"product_cat","embeddable":true,"href":"https:\/\/roveyayinevi.com.tr\/index.php\/wp-json\/wp\/v2\/product_cat?post=742522"},{"taxonomy":"product_tag","embeddable":true,"href":"https:\/\/roveyayinevi.com.tr\/index.php\/wp-json\/wp\/v2\/product_tag?post=742522"}],"curies":[{"name":"wp","href":"https:\/\/api.w.org\/{rel}","templated":true}]}}