{"id":742521,"date":"2025-08-28T01:13:48","date_gmt":"2025-08-27T22:13:48","guid":{"rendered":"https:\/\/roveyayinevi.com.tr\/index.php\/urun\/gazali-ile-ates-ve-pamuk-arasinda\/"},"modified":"2026-04-16T02:53:30","modified_gmt":"2026-04-15T23:53:30","slug":"gazali-ile-ates-ve-pamuk-arasinda","status":"publish","type":"product","link":"https:\/\/roveyayinevi.com.tr\/index.php\/urun\/gazali-ile-ates-ve-pamuk-arasinda\/","title":{"rendered":"Gazal\u00ee ile Ate\u015f ve Pamuk Aras\u0131nda"},"content":{"rendered":"<p>Bu kitapta okuyacaklar\u0131n\u0131z, B\u00fcy\u00fck Gazal\u00ee\u2019nin hayat\u0131n\u0131 \u00f6zetlemeye \u00e7al\u0131\u015fan k\u0131sa bir biyografi de\u011fildir. Onun pek \u00e7ok k\u0131ymetli eseri aras\u0131nda sars\u0131c\u0131 ve \u00e7ok tart\u0131\u015f\u0131lan eseri TEHAF\u00dcT\u2019\u00dcL FELAS\u0130FE\u2019nin (Felsefenin Tutars\u0131zl\u0131\u011f\u0131), bin y\u0131ld\u0131r \u00fczerinde en \u00e7ok konu\u015fulan ve tart\u0131\u015f\u0131lan b\u00f6l\u00fcm\u00fc, \u201cON YED\u0130NC\u0130 MESELE\u201dye dair, hayal\u00ee bir d\u00fc\u015f\u00fcnce yolculu\u011fudur&#8230;   \u00d6zkan \u00d6ze\u2019nin kaleme ald\u0131\u011f\u0131 \u00c7ocuklar \u0130\u00e7in D\u00fc\u015f\u00fcnce Yolculuklar\u0131 serisi Gazal\u00ee ile devam ediyor. <\/p>\n","protected":false},"excerpt":{"rendered":"<p>Bu kitapta okuyacaklar\u0131n\u0131z, B\u00fcy\u00fck Gazal\u00ee\u2019nin hayat\u0131n\u0131 \u00f6zetlemeye \u00e7al\u0131\u015fan k\u0131sa bir biyografi de\u011fildir. Onun pek \u00e7ok k\u0131ymetli eseri aras\u0131nda sars\u0131c\u0131 ve \u00e7ok tart\u0131\u015f\u0131lan eseri TEHAF\u00dcT\u2019\u00dcL FELAS\u0130FE\u2019nin (Felsefenin<span class=\"excerpt-hellip\"> [\u2026]<\/span><\/p>\n","protected":false},"featured_media":0,"template":"","meta":{"_monsterinsights_skip_tracking":false,"_monsterinsights_sitenote_active":false,"_monsterinsights_sitenote_note":"","_monsterinsights_sitenote_category":0},"product_brand":[],"product_cat":[12275,12274],"product_tag":[],"class_list":{"0":"post-742521","1":"product","2":"type-product","3":"status-publish","5":"product_cat-6-12-yas-kitaplari","6":"product_cat-cocuk-ve-genclik-kitaplari","7":"pa_cilt-ciltsiz","8":"pa_tur-kitap","9":"pa_yayinevi-ketebe-yayinlari","10":"pa_yazar-ozkan-oze","12":"first","13":"instock","14":"sale","15":"shipping-taxable","16":"purchasable","17":"product-type-simple"},"_links":{"self":[{"href":"https:\/\/roveyayinevi.com.tr\/index.php\/wp-json\/wp\/v2\/product\/742521","targetHints":{"allow":["GET"]}}],"collection":[{"href":"https:\/\/roveyayinevi.com.tr\/index.php\/wp-json\/wp\/v2\/product"}],"about":[{"href":"https:\/\/roveyayinevi.com.tr\/index.php\/wp-json\/wp\/v2\/types\/product"}],"wp:attachment":[{"href":"https:\/\/roveyayinevi.com.tr\/index.php\/wp-json\/wp\/v2\/media?parent=742521"}],"wp:term":[{"taxonomy":"product_brand","embeddable":true,"href":"https:\/\/roveyayinevi.com.tr\/index.php\/wp-json\/wp\/v2\/product_brand?post=742521"},{"taxonomy":"product_cat","embeddable":true,"href":"https:\/\/roveyayinevi.com.tr\/index.php\/wp-json\/wp\/v2\/product_cat?post=742521"},{"taxonomy":"product_tag","embeddable":true,"href":"https:\/\/roveyayinevi.com.tr\/index.php\/wp-json\/wp\/v2\/product_tag?post=742521"}],"curies":[{"name":"wp","href":"https:\/\/api.w.org\/{rel}","templated":true}]}}