{"id":742519,"date":"2025-08-28T01:13:45","date_gmt":"2025-08-27T22:13:45","guid":{"rendered":"https:\/\/roveyayinevi.com.tr\/index.php\/urun\/muzikli-beyin\/"},"modified":"2026-04-16T02:53:30","modified_gmt":"2026-04-15T23:53:30","slug":"muzikli-beyin","status":"publish","type":"product","link":"https:\/\/roveyayinevi.com.tr\/index.php\/urun\/muzikli-beyin\/","title":{"rendered":"M\u00fczikli Beyin"},"content":{"rendered":"<p>Latin Amerika\u2019n\u0131n usta kalemi C\u00e9sar Aira, k\u0131sac\u0131k romanlar\u0131n\u0131n yan\u0131 s\u0131ra \u00f6yk\u00fcleriyle de tecr\u00fcbeli edebiyat okurunun radar\u0131na tak\u0131l\u0131yor. S\u0131radan olaylar\u0131n, hatta kendi hayat\u0131na dair baz\u0131 unsurlar\u0131n \u00fczerine kurgulad\u0131\u011f\u0131, ba\u011flam\u0131ndan sapan ger\u00e7ek\u00fcst\u00fc metinleriyle Aira okurunu, zihninin karma\u015f\u0131k ve soyut patikalar\u0131nda beraber \u00e7\u0131kacaklar\u0131 k\u0131sa y\u00fcr\u00fcy\u00fc\u015flere davet ediyor.   Tanr\u0131\u2019n\u0131n do\u011fum g\u00fcn\u00fcn\u00fc kutlayan maymunlar, varolu\u015funu sorgulayan \u00e7\u00f6mle\u00e7iku\u015fu, Mona Lisa\u2019n\u0131n d\u00fcnyaya yay\u0131l\u0131p kendilerine yeni hayatlar kuran boya partik\u00fclleri, yolunu kaybetmi\u015f \u00e7izgi roman serserileri, gezici sirklerin do\u011fa\u00fcst\u00fc yarat\u0131klar\u0131\u2026 Aira\u2019n\u0131n hik\u00e2yelerinde t\u00fcm bu tuhaf karakterler, g\u00fcndelik hayat\u0131n s\u0131radanl\u0131\u011f\u0131 i\u00e7inde ete kemi\u011fe b\u00fcr\u00fcn\u00fcyor.     \u201cAira\u2019y\u0131 okumaya ba\u015flad\u0131\u011f\u0131n\u0131zda, durmak istemeyeceksiniz.\u201d &#8211;          Roberto Bolano   &#8220;Arjantinli yazar C\u00e9sar Aira, avangard tekniklerle u\u011fra\u015fan se\u00e7kin bir minyat\u00fcrc\u00fc. \u00c7al\u0131\u015fmalar\u0131ndaki ne\u015feli edebi oyunculu\u011fu ve hik\u00e2ye-i\u00e7inde-hik\u00e2yeleriyle, Vladimir Nabokov ve Italo Calvino&#8217;yu and\u0131r\u0131yor.&#8221; &#8211;          The Wall Street Journal <\/p>\n","protected":false},"excerpt":{"rendered":"<p>Latin Amerika\u2019n\u0131n usta kalemi C\u00e9sar Aira, k\u0131sac\u0131k romanlar\u0131n\u0131n yan\u0131 s\u0131ra \u00f6yk\u00fcleriyle de tecr\u00fcbeli edebiyat okurunun radar\u0131na tak\u0131l\u0131yor. S\u0131radan olaylar\u0131n, hatta kendi hayat\u0131na dair baz\u0131 unsurlar\u0131n \u00fczerine<span class=\"excerpt-hellip\"> [\u2026]<\/span><\/p>\n","protected":false},"featured_media":0,"template":"","meta":{"_monsterinsights_skip_tracking":false,"_monsterinsights_sitenote_active":false,"_monsterinsights_sitenote_note":"","_monsterinsights_sitenote_category":0},"product_brand":[],"product_cat":[12891,12291],"product_tag":[],"class_list":{"0":"post-742519","1":"product","2":"type-product","3":"status-publish","5":"product_cat-amerikan-edebiyati","6":"product_cat-edebiyat","7":"pa_cilt-ciltsiz","8":"pa_tur-kitap","9":"pa_yayinevi-kolektif-kitap","10":"pa_yazar-cesar-aira","12":"first","13":"instock","14":"sale","15":"shipping-taxable","16":"purchasable","17":"product-type-simple"},"_links":{"self":[{"href":"https:\/\/roveyayinevi.com.tr\/index.php\/wp-json\/wp\/v2\/product\/742519","targetHints":{"allow":["GET"]}}],"collection":[{"href":"https:\/\/roveyayinevi.com.tr\/index.php\/wp-json\/wp\/v2\/product"}],"about":[{"href":"https:\/\/roveyayinevi.com.tr\/index.php\/wp-json\/wp\/v2\/types\/product"}],"wp:attachment":[{"href":"https:\/\/roveyayinevi.com.tr\/index.php\/wp-json\/wp\/v2\/media?parent=742519"}],"wp:term":[{"taxonomy":"product_brand","embeddable":true,"href":"https:\/\/roveyayinevi.com.tr\/index.php\/wp-json\/wp\/v2\/product_brand?post=742519"},{"taxonomy":"product_cat","embeddable":true,"href":"https:\/\/roveyayinevi.com.tr\/index.php\/wp-json\/wp\/v2\/product_cat?post=742519"},{"taxonomy":"product_tag","embeddable":true,"href":"https:\/\/roveyayinevi.com.tr\/index.php\/wp-json\/wp\/v2\/product_tag?post=742519"}],"curies":[{"name":"wp","href":"https:\/\/api.w.org\/{rel}","templated":true}]}}