{"id":742515,"date":"2025-08-28T01:13:40","date_gmt":"2025-08-27T22:13:40","guid":{"rendered":"https:\/\/roveyayinevi.com.tr\/index.php\/urun\/pazarlama-sifreleri-girisimciler-ve-girisimci-adaylari-icin-5-adimda\/"},"modified":"2026-04-16T02:53:30","modified_gmt":"2026-04-15T23:53:30","slug":"pazarlama-sifreleri-girisimciler-ve-girisimci-adaylari-icin-5-adimda","status":"publish","type":"product","link":"https:\/\/roveyayinevi.com.tr\/index.php\/urun\/pazarlama-sifreleri-girisimciler-ve-girisimci-adaylari-icin-5-adimda\/","title":{"rendered":"Pazarlama \u015eifreleri (Giri\u015fimciler ve Giri\u015fimci Adaylar\u0131 i\u00e7in 5 Ad\u0131mda)"},"content":{"rendered":"<p>Holding patronu musunuz, CEO musunuz ya da k\u00fc\u00e7\u00fck bir i\u015fletmeniz mi var? E-ticaret mi yap\u0131yorsunuz? \u00d6yleyse sizin de \u015fifrelere ihtiyac\u0131n\u0131z var\u2026   Bir e\u011fitim kurumu veya temizlik \u015firketi de i\u015fletiyor olabilirsiniz\u2026 Hi\u00e7 fark etmez; sonu\u00e7ta pazarlamayla ilgilisiniz.   Peki, \u00fcr\u00fcn ya da hizmetlerinizi profesyonelce nas\u0131l pazarlaman\u0131z gerekti\u011fini biliyor musunuz?   Gelin, hep birlikte modern pazarlaman\u0131n \u015fifrelerini 5 ad\u0131mda \u00e7\u00f6zelim.        SMMM Dr. Adem \u0130R\u0130\u00c7 <\/p>\n","protected":false},"excerpt":{"rendered":"<p>Holding patronu musunuz, CEO musunuz ya da k\u00fc\u00e7\u00fck bir i\u015fletmeniz mi var? E-ticaret mi yap\u0131yorsunuz? \u00d6yleyse sizin de \u015fifrelere ihtiyac\u0131n\u0131z var\u2026 Bir e\u011fitim kurumu veya temizlik<span class=\"excerpt-hellip\"> [\u2026]<\/span><\/p>\n","protected":false},"featured_media":0,"template":"","meta":{"_monsterinsights_skip_tracking":false,"_monsterinsights_sitenote_active":false,"_monsterinsights_sitenote_note":"","_monsterinsights_sitenote_category":0},"product_brand":[],"product_cat":[13043,17492],"product_tag":[],"class_list":{"0":"post-742515","1":"product","2":"type-product","3":"status-publish","5":"product_cat-ekonomi","6":"product_cat-pazarlama-satis-reklam","7":"pa_cilt-ciltsiz","8":"pa_tur-kitap","9":"pa_yayinevi-platanus-publishing","10":"pa_yazar-dr-adem-iric","12":"first","13":"instock","14":"sale","15":"shipping-taxable","16":"purchasable","17":"product-type-simple"},"_links":{"self":[{"href":"https:\/\/roveyayinevi.com.tr\/index.php\/wp-json\/wp\/v2\/product\/742515","targetHints":{"allow":["GET"]}}],"collection":[{"href":"https:\/\/roveyayinevi.com.tr\/index.php\/wp-json\/wp\/v2\/product"}],"about":[{"href":"https:\/\/roveyayinevi.com.tr\/index.php\/wp-json\/wp\/v2\/types\/product"}],"wp:attachment":[{"href":"https:\/\/roveyayinevi.com.tr\/index.php\/wp-json\/wp\/v2\/media?parent=742515"}],"wp:term":[{"taxonomy":"product_brand","embeddable":true,"href":"https:\/\/roveyayinevi.com.tr\/index.php\/wp-json\/wp\/v2\/product_brand?post=742515"},{"taxonomy":"product_cat","embeddable":true,"href":"https:\/\/roveyayinevi.com.tr\/index.php\/wp-json\/wp\/v2\/product_cat?post=742515"},{"taxonomy":"product_tag","embeddable":true,"href":"https:\/\/roveyayinevi.com.tr\/index.php\/wp-json\/wp\/v2\/product_tag?post=742515"}],"curies":[{"name":"wp","href":"https:\/\/api.w.org\/{rel}","templated":true}]}}