{"id":742514,"date":"2025-08-28T01:13:39","date_gmt":"2025-08-27T22:13:39","guid":{"rendered":"https:\/\/roveyayinevi.com.tr\/index.php\/urun\/iletisim-dehasi\/"},"modified":"2026-04-06T03:07:06","modified_gmt":"2026-04-06T00:07:06","slug":"iletisim-dehasi","status":"publish","type":"product","link":"https:\/\/roveyayinevi.com.tr\/index.php\/urun\/iletisim-dehasi\/","title":{"rendered":"\u0130leti\u015fim Dehas\u0131"},"content":{"rendered":"<p>Profesyonel ba\u015far\u0131n\u0131z\u0131n, ki\u015fisel ili\u015fkilerinizin, liderlik potansiyelinizin ve gelirinizin ileti\u015fim ve ikna becerinize ba\u011fl\u0131 oldu\u011funun fark\u0131nda m\u0131s\u0131n\u0131z?Henrik Fexeus \u015fimdiye dek yaln\u0131zca ayr\u0131cal\u0131kl\u0131 bir az\u0131nl\u0131\u011fa \u00f6zg\u00fcym\u00fc\u015f gibi g\u00f6r\u00fcnen bir sosyal beceri t\u00fcr\u00fcn\u00fc ve ileti\u015fim dehas\u0131 olabilmeniz ad\u0131na bu \u00f6zelli\u011finizi nas\u0131l g\u00fc\u00e7lendirece\u011finizi a\u00e7\u0131kl\u0131yor.Bu kitapta yazar\u0131n enteresan ama ba\u015far\u0131l\u0131 stratejilerini okurken, hemen her sayfada geleneksel akla meydan okuyan fikirler bulacak; kar\u015f\u0131n\u0131za engeller \u00e7\u0131kt\u0131\u011f\u0131nda, fikirleriniz reddedildi\u011finde ya da \u00f6fke ve muhalefetle kar\u015f\u0131la\u015ft\u0131\u011f\u0131n\u0131zda, durumu kolayca lehinize \u00e7evirebileceksiniz. Bu stratejilerin nas\u0131l h\u0131zl\u0131 bir \u015fekilde i\u015fe yarad\u0131\u011f\u0131na \u015fahit olurken, ayn\u0131 zamanda ne kadar gerekli oldu\u011funu da fark edeceksiniz. Felsefe alan\u0131nda akademik e\u011fitiminden sonra, Henrik Fexeus ileti\u015fim uzman\u0131 olarak basamaklar\u0131 h\u0131zla t\u0131rmand\u0131. Fexeus \u015fimdilerde \u201ce\u011flendirerek e\u011fitim\u201d alan\u0131nda sayg\u0131n bir uzman. Ak\u0131l okuma kavram\u0131na yepyeni bir anlam katman\u0131n yan\u0131 s\u0131ra s\u00f6zs\u00fcz ileti\u015fim, beden dili, psikolojik manip\u00fclasyon ve psikolojik etki konular\u0131ndaki becerilerini sergiliyor. Bir yandan da ak\u0131l okuma \u015fovuyla turlar d\u00fczenleyip, \u0130sve\u00e7\u2019in en b\u00fcy\u00fck yay\u0131n kurulu\u015funda kendi televizyon program\u0131n\u0131 yap\u0131yor. \u0130lk kitab\u0131 olan AKIL OKUMA SANATI yirmi be\u015f \u00fclkede yay\u0131nlanarak uluslararas\u0131 d\u00fczeyde b\u00fcy\u00fck bir ba\u015far\u0131 elde etti. (Tan\u0131t\u0131m B\u00fclteninden)<\/p>\n","protected":false},"excerpt":{"rendered":"<p>Profesyonel ba\u015far\u0131n\u0131z\u0131n, ki\u015fisel ili\u015fkilerinizin, liderlik potansiyelinizin ve gelirinizin ileti\u015fim ve ikna becerinize ba\u011fl\u0131 oldu\u011funun fark\u0131nda m\u0131s\u0131n\u0131z?Henrik Fexeus \u015fimdiye dek yaln\u0131zca ayr\u0131cal\u0131kl\u0131 bir az\u0131nl\u0131\u011fa \u00f6zg\u00fcym\u00fc\u015f gibi g\u00f6r\u00fcnen<span class=\"excerpt-hellip\"> [\u2026]<\/span><\/p>\n","protected":false},"featured_media":0,"template":"","meta":{"_monsterinsights_skip_tracking":false,"_monsterinsights_sitenote_active":false,"_monsterinsights_sitenote_note":"","_monsterinsights_sitenote_category":0},"product_brand":[],"product_cat":[12364,12376],"product_tag":[],"class_list":{"0":"post-742514","1":"product","2":"type-product","3":"status-publish","5":"product_cat-genel-konular","6":"product_cat-kisisel-gelisim","7":"pa_cilt-ciltsiz","8":"pa_tur-kitap","9":"pa_yayinevi-diyojen-yayincilik","10":"pa_yazar-henrik-fexeus","12":"first","13":"instock","14":"sale","15":"shipping-taxable","16":"purchasable","17":"product-type-simple"},"_links":{"self":[{"href":"https:\/\/roveyayinevi.com.tr\/index.php\/wp-json\/wp\/v2\/product\/742514","targetHints":{"allow":["GET"]}}],"collection":[{"href":"https:\/\/roveyayinevi.com.tr\/index.php\/wp-json\/wp\/v2\/product"}],"about":[{"href":"https:\/\/roveyayinevi.com.tr\/index.php\/wp-json\/wp\/v2\/types\/product"}],"wp:attachment":[{"href":"https:\/\/roveyayinevi.com.tr\/index.php\/wp-json\/wp\/v2\/media?parent=742514"}],"wp:term":[{"taxonomy":"product_brand","embeddable":true,"href":"https:\/\/roveyayinevi.com.tr\/index.php\/wp-json\/wp\/v2\/product_brand?post=742514"},{"taxonomy":"product_cat","embeddable":true,"href":"https:\/\/roveyayinevi.com.tr\/index.php\/wp-json\/wp\/v2\/product_cat?post=742514"},{"taxonomy":"product_tag","embeddable":true,"href":"https:\/\/roveyayinevi.com.tr\/index.php\/wp-json\/wp\/v2\/product_tag?post=742514"}],"curies":[{"name":"wp","href":"https:\/\/api.w.org\/{rel}","templated":true}]}}