{"id":742513,"date":"2025-08-28T01:13:39","date_gmt":"2025-08-27T22:13:39","guid":{"rendered":"https:\/\/roveyayinevi.com.tr\/index.php\/urun\/frig-basligi-anadoludan-dunyaya-yayilan-ozgurluk-simgesi\/"},"modified":"2026-04-16T02:53:30","modified_gmt":"2026-04-15T23:53:30","slug":"frig-basligi-anadoludan-dunyaya-yayilan-ozgurluk-simgesi","status":"publish","type":"product","link":"https:\/\/roveyayinevi.com.tr\/index.php\/urun\/frig-basligi-anadoludan-dunyaya-yayilan-ozgurluk-simgesi\/","title":{"rendered":"Frig Ba\u015fl\u0131\u011f\u0131 (Anadolu\u2019dan D\u00fcnya\u2019ya yay\u0131lan \u00f6zg\u00fcrl\u00fck simgesi)"},"content":{"rendered":"<p>Biz \u00e7ok uzaklardan geldik, ayr\u0131ld\u0131\u011f\u0131m\u0131z uzaklar\u0131 unuttuk. Sonra, yeni uzaklar\u0131n hevesiyle; geldi\u011fimiz topraklar\u0131 \u00f6\u011frenemeden, ba\u015fka uzaklara \u00f6zendik. B\u00fcy\u00fck yurtsever \u015fair Naz\u0131m s\u00f6ylemi\u015fti, \u201cderya i\u00e7re olup, deryay\u0131 bilmeyen bal\u0131ktan da tuhaf\u201d oldu\u011fumuzu.   Frig ba\u015fl\u0131\u011f\u0131 Avrupa ve Amerika k\u0131tas\u0131n\u0131n neredeyse tamam\u0131n\u0131 etkiledi. Sanat\u00e7\u0131lar\u0131, bilim ve k\u00fclt\u00fcr insanlar\u0131n\u0131, devletleri etkiledi. Fakat, ad\u0131n\u0131 ald\u0131\u011f\u0131 topraklarda ya\u015fayanlar\u0131n ondan haberi yoktu.   D\u00fcnya\u2019n\u0131n ilk \u00f6zg\u00fcrl\u00fck simgesi olan Frig ba\u015fl\u0131\u011f\u0131; yakla\u015f\u0131k 1500 y\u0131l sonra ana vatan\u0131 Frigya\u2019ya, T\u00fcrkiye\u2019ye geri d\u00f6n\u00fcyor. Umar\u0131m; k\u00fclt\u00fcr d\u00fcnyam\u0131z, sanat\u00e7\u0131lar\u0131m\u0131z, merkezi ve yerel y\u00f6netimler ona hak etti\u011fi de\u011feri verir. Mustafa Tekeli<\/p>\n","protected":false},"excerpt":{"rendered":"<p>Biz \u00e7ok uzaklardan geldik, ayr\u0131ld\u0131\u011f\u0131m\u0131z uzaklar\u0131 unuttuk. Sonra, yeni uzaklar\u0131n hevesiyle; geldi\u011fimiz topraklar\u0131 \u00f6\u011frenemeden, ba\u015fka uzaklara \u00f6zendik. B\u00fcy\u00fck yurtsever \u015fair Naz\u0131m s\u00f6ylemi\u015fti, \u201cderya i\u00e7re olup, deryay\u0131<span class=\"excerpt-hellip\"> [\u2026]<\/span><\/p>\n","protected":false},"featured_media":0,"template":"","meta":{"_monsterinsights_skip_tracking":false,"_monsterinsights_sitenote_active":false,"_monsterinsights_sitenote_note":"","_monsterinsights_sitenote_category":0},"product_brand":[],"product_cat":[12370,12304],"product_tag":[],"class_list":{"0":"post-742513","1":"product","2":"type-product","3":"status-publish","5":"product_cat-arastirma-inceleme","6":"product_cat-tarih","7":"pa_cilt-ciltsiz","8":"pa_tur-kitap","9":"pa_yayinevi-platanus-publishing","10":"pa_yazar-mustafa-tekeli","12":"first","13":"instock","14":"sale","15":"shipping-taxable","16":"purchasable","17":"product-type-simple"},"_links":{"self":[{"href":"https:\/\/roveyayinevi.com.tr\/index.php\/wp-json\/wp\/v2\/product\/742513","targetHints":{"allow":["GET"]}}],"collection":[{"href":"https:\/\/roveyayinevi.com.tr\/index.php\/wp-json\/wp\/v2\/product"}],"about":[{"href":"https:\/\/roveyayinevi.com.tr\/index.php\/wp-json\/wp\/v2\/types\/product"}],"wp:attachment":[{"href":"https:\/\/roveyayinevi.com.tr\/index.php\/wp-json\/wp\/v2\/media?parent=742513"}],"wp:term":[{"taxonomy":"product_brand","embeddable":true,"href":"https:\/\/roveyayinevi.com.tr\/index.php\/wp-json\/wp\/v2\/product_brand?post=742513"},{"taxonomy":"product_cat","embeddable":true,"href":"https:\/\/roveyayinevi.com.tr\/index.php\/wp-json\/wp\/v2\/product_cat?post=742513"},{"taxonomy":"product_tag","embeddable":true,"href":"https:\/\/roveyayinevi.com.tr\/index.php\/wp-json\/wp\/v2\/product_tag?post=742513"}],"curies":[{"name":"wp","href":"https:\/\/api.w.org\/{rel}","templated":true}]}}