{"id":742511,"date":"2025-08-28T01:13:36","date_gmt":"2025-08-27T22:13:36","guid":{"rendered":"https:\/\/roveyayinevi.com.tr\/index.php\/urun\/dillere-destandir-dilim\/"},"modified":"2026-04-16T02:53:30","modified_gmt":"2026-04-15T23:53:30","slug":"dillere-destandir-dilim","status":"publish","type":"product","link":"https:\/\/roveyayinevi.com.tr\/index.php\/urun\/dillere-destandir-dilim\/","title":{"rendered":"Dillere Destand\u0131r Dilim"},"content":{"rendered":"<p>Necdet \u00d6zkaya, Roman Hayatt\u0131r ve Edebiyat Ba\u015fka T\u00fcrl\u00fc Anlatmakt\u0131r adl\u0131 kitaplar\u0131yla dile, edebiyata, okumaya ve yazmaya sevdal\u0131 ki\u015filere yol g\u00f6steriyor; bunu yaparken de ahk\u00e2m kesmiyor, edebiyata incelikle yakla\u015f\u0131yor. Bu kitaplar, Dillere Destand\u0131r Dilim\u2019le bir \u00fc\u00e7lemeye d\u00f6n\u00fc\u015f\u00fcyor. * \u0130nsan dilinin en eski tarihini bilmek, yedi milyon y\u0131l \u00f6ncesinin \u00e7\u0131\u011fl\u0131klar\u0131ndan Shakespeare efsanesine nas\u0131l ta\u015f\u0131nd\u0131\u011f\u0131m\u0131z\u0131 kavramam\u0131z\u0131 sa\u011flayabilirdi. T\u00fcrk\u00e7e\u2019yi tan\u0131mak i\u00e7i nde T\u00fcrk\u00e7e\u2019nin yaz\u0131l\u0131 ilk yap\u0131tlar\u0131n\u0131 bilmek \u00f6nemliydi.   Orhun Yaz\u0131tlar\u0131 olarak tan\u0131d\u0131\u011f\u0131m\u0131z K\u00fcl Tigin, Bilge Ka\u011fan ve Tonyukuk Yaz\u0131t\u0131, ad olarak herkes\u00e7e bilindi\u011fi halde bu yaz\u0131tlar\u0131n neleri, nas\u0131l anlatt\u0131klar\u0131 pek de bilinmiyordu, bunlar\u0131 anlatmal\u0131yd\u0131k.   Kutadgu Bilig (Mutluluk Veren Bilgi), D\u00eev\u00e2nu L\u00fbgati\u2019t-Turk (T\u00fcrk Dilleri Derlemesi) ve Atabet\u00fc\u2019l-Hak\u00e2y\u0131k\u2019\u0131 (Ger\u00e7eklerin E\u015fi\u011fi) bilmek \u00f6nemliydi, anlatt\u0131k elbette.   H\u00e2kaniye\u2019den ba\u015flay\u0131p, Ali \u015e\u00eer Nev\u00e2\u00ee ve Muh\u00e2kemet\u00fc\u2019l Lugateyn\u2019e, \u00c7a\u011fatayca\u2019ya, O\u011fuzca\u2019ya, Bat\u0131 T\u00fcrk\u00e7esine, \u00c2\u015f\u0131k Pa\u015fa ve T\u00fcrk\u00e7e Mesnevisi Garibn\u00e2me\u2019ye; O\u011fuzca\u2019dan, Yunus Emre\u2019ye, Dede Korkut Hik\u00e2yelerine, Osmanl\u0131caya ve Dil Devrimi\u2019ne var\u0131ncaya dek anlatmal\u0131yd\u0131k. * Kitab\u0131 okumay\u0131 bitirdi\u011finizde, keyifli ve maceral\u0131 bir yolculu\u011fu tamamlam\u0131\u015f gibi hissedeceksiniz kendinizi ve biz, Ya\u015fad\u0131\u011f\u0131m\u0131z t\u00fcm anlar\u0131 ba\u015fka t\u00fcrl\u00fc nas\u0131l anlataca\u011f\u0131m\u0131z\u0131 planlarken durmaks\u0131z\u0131n yineleyece\u011fimiz o s\u00f6zler, bu kitab\u0131n ad\u0131 olsun, diyece\u011fiz, evet:   Dillere Destand\u0131r Dilim\u2026 <\/p>\n","protected":false},"excerpt":{"rendered":"<p>Necdet \u00d6zkaya, Roman Hayatt\u0131r ve Edebiyat Ba\u015fka T\u00fcrl\u00fc Anlatmakt\u0131r adl\u0131 kitaplar\u0131yla dile, edebiyata, okumaya ve yazmaya sevdal\u0131 ki\u015filere yol g\u00f6steriyor; bunu yaparken de ahk\u00e2m kesmiyor, edebiyata<span class=\"excerpt-hellip\"> [\u2026]<\/span><\/p>\n","protected":false},"featured_media":0,"template":"","meta":{"_monsterinsights_skip_tracking":false,"_monsterinsights_sitenote_active":false,"_monsterinsights_sitenote_note":"","_monsterinsights_sitenote_category":0},"product_brand":[],"product_cat":[13072,12291],"product_tag":[],"class_list":{"0":"post-742511","1":"product","2":"type-product","3":"status-publish","5":"product_cat-arastirma-inceleme-referans","6":"product_cat-edebiyat","7":"pa_cilt-ciltsiz","8":"pa_tur-kitap","9":"pa_yayinevi-yeni-insan-yayinlari","10":"pa_yazar-necdet-ozkaya","12":"first","13":"instock","14":"sale","15":"shipping-taxable","16":"purchasable","17":"product-type-simple"},"_links":{"self":[{"href":"https:\/\/roveyayinevi.com.tr\/index.php\/wp-json\/wp\/v2\/product\/742511","targetHints":{"allow":["GET"]}}],"collection":[{"href":"https:\/\/roveyayinevi.com.tr\/index.php\/wp-json\/wp\/v2\/product"}],"about":[{"href":"https:\/\/roveyayinevi.com.tr\/index.php\/wp-json\/wp\/v2\/types\/product"}],"wp:attachment":[{"href":"https:\/\/roveyayinevi.com.tr\/index.php\/wp-json\/wp\/v2\/media?parent=742511"}],"wp:term":[{"taxonomy":"product_brand","embeddable":true,"href":"https:\/\/roveyayinevi.com.tr\/index.php\/wp-json\/wp\/v2\/product_brand?post=742511"},{"taxonomy":"product_cat","embeddable":true,"href":"https:\/\/roveyayinevi.com.tr\/index.php\/wp-json\/wp\/v2\/product_cat?post=742511"},{"taxonomy":"product_tag","embeddable":true,"href":"https:\/\/roveyayinevi.com.tr\/index.php\/wp-json\/wp\/v2\/product_tag?post=742511"}],"curies":[{"name":"wp","href":"https:\/\/api.w.org\/{rel}","templated":true}]}}