{"id":742509,"date":"2025-08-28T01:13:34","date_gmt":"2025-08-27T22:13:34","guid":{"rendered":"https:\/\/roveyayinevi.com.tr\/index.php\/urun\/hayattan-daha-fazlasini-iste\/"},"modified":"2026-04-08T03:01:37","modified_gmt":"2026-04-08T00:01:37","slug":"hayattan-daha-fazlasini-iste","status":"publish","type":"product","link":"https:\/\/roveyayinevi.com.tr\/index.php\/urun\/hayattan-daha-fazlasini-iste\/","title":{"rendered":"Hayattan Daha Fazlas\u0131n\u0131 \u0130ste"},"content":{"rendered":"<p>\u201cKendini y\u00f6net, d\u00fcnyay\u0131 y\u00f6netecek g\u00fcc\u00fc bulursun.\u201d \u2013 Platon   Hayattan daha fazlas\u0131n\u0131 istemek a\u00e7g\u00f6zl\u00fcl\u00fck de\u011fil kendi potansiyelinin fark\u0131na varmak, kendini ger\u00e7ekle\u015ftirmek i\u00e7in bir f\u0131rsat. Daha iyisi i\u00e7in m\u00fccadele etmek, hedef b\u00fcy\u00fctmek hem bilinci y\u00fckseltiyor hem de  bizi hi\u00e7 hayal edemeyece\u011fimiz  yeni zirvelere ta\u015f\u0131yor. Hayata anlam ve renk kat\u0131yor. Daha fazlas\u0131n\u0131 istedi\u011fimizde hayat bize kar\u015f\u0131l\u0131k vermeye ba\u015fl\u0131yor, sadece istediklerimiz de\u011fil \u00e7o\u011fu zaman hesapta olmayan daha fazlas\u0131n\u0131 getiriyor beraberinde. Dahas\u0131, Mustafa Kemal Atat\u00fcrk, Winston Churchill, Bill Gates, Xi Jinping ile ayn\u0131 ligde olmasa da asl\u0131nda hepimizin kendi \u00e7ap\u0131m\u0131zda birer lider oldu\u011fumuzu g\u00f6steriyor. Gazeteci, ya\u015fam ko\u00e7u, seyyah ve ileti\u015fimci Aynur Tattersall, kat\u0131l\u0131mc\u0131 bir yakla\u015f\u0131mla g\u00fcn\u00fcm\u00fcz\u00fcn ulusal ve k\u00fcresel se\u00e7kin liderlerine de yer veriyor, onlar\u0131 konu\u015fturuyor kitab\u0131nda. Bir \u00e7\u0131rp\u0131da okunacak \u00e7ok keyifli, ufuk a\u00e7\u0131c\u0131 ve \u00f6\u011fretici bir eser. <\/p>\n","protected":false},"excerpt":{"rendered":"<p>\u201cKendini y\u00f6net, d\u00fcnyay\u0131 y\u00f6netecek g\u00fcc\u00fc bulursun.\u201d \u2013 Platon Hayattan daha fazlas\u0131n\u0131 istemek a\u00e7g\u00f6zl\u00fcl\u00fck de\u011fil kendi potansiyelinin fark\u0131na varmak, kendini ger\u00e7ekle\u015ftirmek i\u00e7in bir f\u0131rsat. Daha iyisi i\u00e7in<span class=\"excerpt-hellip\"> [\u2026]<\/span><\/p>\n","protected":false},"featured_media":0,"template":"","meta":{"_monsterinsights_skip_tracking":false,"_monsterinsights_sitenote_active":false,"_monsterinsights_sitenote_note":"","_monsterinsights_sitenote_category":0},"product_brand":[],"product_cat":[12364,12376],"product_tag":[],"class_list":{"0":"post-742509","1":"product","2":"type-product","3":"status-publish","5":"product_cat-genel-konular","6":"product_cat-kisisel-gelisim","7":"pa_cilt-ciltsiz","8":"pa_tur-kitap","9":"pa_yayinevi-destek-yayinlari","10":"pa_yazar-aynur-tattersall","12":"first","13":"instock","14":"sale","15":"shipping-taxable","16":"purchasable","17":"product-type-simple"},"_links":{"self":[{"href":"https:\/\/roveyayinevi.com.tr\/index.php\/wp-json\/wp\/v2\/product\/742509","targetHints":{"allow":["GET"]}}],"collection":[{"href":"https:\/\/roveyayinevi.com.tr\/index.php\/wp-json\/wp\/v2\/product"}],"about":[{"href":"https:\/\/roveyayinevi.com.tr\/index.php\/wp-json\/wp\/v2\/types\/product"}],"wp:attachment":[{"href":"https:\/\/roveyayinevi.com.tr\/index.php\/wp-json\/wp\/v2\/media?parent=742509"}],"wp:term":[{"taxonomy":"product_brand","embeddable":true,"href":"https:\/\/roveyayinevi.com.tr\/index.php\/wp-json\/wp\/v2\/product_brand?post=742509"},{"taxonomy":"product_cat","embeddable":true,"href":"https:\/\/roveyayinevi.com.tr\/index.php\/wp-json\/wp\/v2\/product_cat?post=742509"},{"taxonomy":"product_tag","embeddable":true,"href":"https:\/\/roveyayinevi.com.tr\/index.php\/wp-json\/wp\/v2\/product_tag?post=742509"}],"curies":[{"name":"wp","href":"https:\/\/api.w.org\/{rel}","templated":true}]}}