{"id":742508,"date":"2025-08-28T01:13:33","date_gmt":"2025-08-27T22:13:33","guid":{"rendered":"https:\/\/roveyayinevi.com.tr\/index.php\/urun\/dogu-seyahatnamesi\/"},"modified":"2026-04-16T02:53:30","modified_gmt":"2026-04-15T23:53:30","slug":"dogu-seyahatnamesi","status":"publish","type":"product","link":"https:\/\/roveyayinevi.com.tr\/index.php\/urun\/dogu-seyahatnamesi\/","title":{"rendered":"Do\u011fu Seyahatnamesi"},"content":{"rendered":"<p>Anadolu\u2019nun do\u011fusundan y\u00fczler, sesler, tatlar, tan\u0131kl\u0131klar\u2026 Ankara\u2019dan \u00f6tesi \u00e7ok ama \u00e7ok g\u00fczel; gidin mutlaka. \u00d6yle \u00fcst\u00fcnk\u00f6r\u00fc de\u011fil; tan\u0131\u015farak, y\u00fczle\u015ferek, sindirerek gezin. Esnafa selam verin, \u00e7ocuklar\u0131n oyunlar\u0131na kat\u0131l\u0131n, yer sofralar\u0131na oturun, boz tepelerin ard\u0131ndaki hayatlara kulak verin. Ben \u00f6yle yapt\u0131m ve Do\u011fu\u2019ya doyamad\u0131m. Ka\u00e7 y\u00fcz kere \u00e7aya davet edildi\u011fimi, bana ka\u00e7 kez \u201cBa\u015f\u0131m g\u00f6z\u00fcm \u00fcst\u00fcne, yeme\u011fe de buyur,\u201d dendi\u011fini hat\u0131rlam\u0131yorum. Hem g\u00f6zl\u00fc\u011f\u00fcm hem de insanlara e\u011fitimli oldu\u011fumu d\u00fc\u015f\u00fcnd\u00fcrten y\u00fcz\u00fcm nedeniyle bana ka\u00e7 kez \u201cHocam\u201d dendi\u011fini de sayamad\u0131m. Adres sordu\u011fumda i\u015fini g\u00fcc\u00fcn\u00fc b\u0131rak\u0131p beni arad\u0131\u011f\u0131m yere kadar g\u00f6t\u00fcren insanlar tan\u0131d\u0131m. G\u00e9rard de Nerval\u2019den ilham ald\u0131m; Nuh\u2019un, Ahmedi Hani\u2019nin, Veysel Karani\u2019nin, Ali Emiri\u2019nin, Ahmed Arif\u2019in, Ya\u015far Kemal\u2019in izini s\u00fcrd\u00fcm. Kazanc\u0131 Bedih\u2019in ezgilerinde Mem\u2019in Zin\u2019e, Siyabend\u2019in Heco\u2019ya, \u0130brahim\u2019in Allah\u2019a a\u015fk\u0131n\u0131 d\u00fc\u015fledim ve ben bu toprak sar\u0131s\u0131 co\u011frafyay\u0131 \u00e7ok sevdim. Unutmay\u0131n! Anadolu\u2019nun do\u011fusunu g\u00f6rmeden T\u00fcrkiye\u2019yi tan\u0131m\u0131\u015f olamazs\u0131n\u0131z.<\/p>\n","protected":false},"excerpt":{"rendered":"<p>Anadolu\u2019nun do\u011fusundan y\u00fczler, sesler, tatlar, tan\u0131kl\u0131klar\u2026 Ankara\u2019dan \u00f6tesi \u00e7ok ama \u00e7ok g\u00fczel; gidin mutlaka. \u00d6yle \u00fcst\u00fcnk\u00f6r\u00fc de\u011fil; tan\u0131\u015farak, y\u00fczle\u015ferek, sindirerek gezin. Esnafa selam verin, \u00e7ocuklar\u0131n oyunlar\u0131na<span class=\"excerpt-hellip\"> [\u2026]<\/span><\/p>\n","protected":false},"featured_media":0,"template":"","meta":{"_monsterinsights_skip_tracking":false,"_monsterinsights_sitenote_active":false,"_monsterinsights_sitenote_note":"","_monsterinsights_sitenote_category":0},"product_brand":[],"product_cat":[13054,88605],"product_tag":[],"class_list":{"0":"post-742508","1":"product","2":"type-product","3":"status-publish","5":"product_cat-gezi-ve-rehber-kitaplari","6":"product_cat-turkiye-rehberi","7":"pa_cilt-ciltsiz","8":"pa_tur-kitap","9":"pa_yayinevi-mona-kitap","10":"pa_yazar-melih-uslu","12":"first","13":"instock","14":"sale","15":"shipping-taxable","16":"purchasable","17":"product-type-simple"},"_links":{"self":[{"href":"https:\/\/roveyayinevi.com.tr\/index.php\/wp-json\/wp\/v2\/product\/742508","targetHints":{"allow":["GET"]}}],"collection":[{"href":"https:\/\/roveyayinevi.com.tr\/index.php\/wp-json\/wp\/v2\/product"}],"about":[{"href":"https:\/\/roveyayinevi.com.tr\/index.php\/wp-json\/wp\/v2\/types\/product"}],"wp:attachment":[{"href":"https:\/\/roveyayinevi.com.tr\/index.php\/wp-json\/wp\/v2\/media?parent=742508"}],"wp:term":[{"taxonomy":"product_brand","embeddable":true,"href":"https:\/\/roveyayinevi.com.tr\/index.php\/wp-json\/wp\/v2\/product_brand?post=742508"},{"taxonomy":"product_cat","embeddable":true,"href":"https:\/\/roveyayinevi.com.tr\/index.php\/wp-json\/wp\/v2\/product_cat?post=742508"},{"taxonomy":"product_tag","embeddable":true,"href":"https:\/\/roveyayinevi.com.tr\/index.php\/wp-json\/wp\/v2\/product_tag?post=742508"}],"curies":[{"name":"wp","href":"https:\/\/api.w.org\/{rel}","templated":true}]}}