{"id":742504,"date":"2025-08-28T01:13:28","date_gmt":"2025-08-27T22:13:28","guid":{"rendered":"https:\/\/roveyayinevi.com.tr\/index.php\/urun\/utopya-ve-masalbilim-binbir-gece-masallari\/"},"modified":"2026-04-16T02:53:30","modified_gmt":"2026-04-15T23:53:30","slug":"utopya-ve-masalbilim-binbir-gece-masallari","status":"publish","type":"product","link":"https:\/\/roveyayinevi.com.tr\/index.php\/urun\/utopya-ve-masalbilim-binbir-gece-masallari\/","title":{"rendered":"\u00dctopya ve Masalbilim &#8211; Binbir Gece Masallar\u0131"},"content":{"rendered":"<p>Y\u00fczy\u0131llar \u00f6nce anlat\u0131lm\u0131\u015f masallar\u0131 bug\u00fcn h\u00e2l\u00e2 sevmemizin, ayn\u0131 \u015fevkle okumam\u0131z\u0131n sebebi nedir? \u00c7\u00fcnk\u00fc onlar bize, unutulmaya y\u00fcz tutan eski \u201cdemokratik\u201d geleneklerimizi hat\u0131rlat\u0131r. \u00c7\u00fcnk\u00fc ger\u00e7ek hayatta adil ve d\u00fcr\u00fcst olan\u0131n zalim ve d\u00fcr\u00fcst olmayan\u0131 yere \u00e7almas\u0131ndan ho\u015flan\u0131r\u0131z. \u00c7\u00fcnk\u00fc masallar d\u00fcnyas\u0131n\u0131n insan-do\u011fa uyumuna hasretiz. Ne diyordu Yunus Emre:Bir sinek bir kartal\u0131Sallad\u0131 vurdu yereYalan de\u011fil, ger\u00e7ektirBen de g\u00f6rd\u00fcm tozunu.  D\u00fcnya \u00e7ap\u0131nda pek \u00e7ok b\u00fcy\u00fck yazara ilham olmu\u015f, anlat\u0131ld\u0131\u011f\u0131 g\u00fcnden bu yana etkileyici tonunu yitirmemi\u015f Binbir Gece Masallar\u0131, T\u00fcrkiye\u2019nin en sevilen d\u00fc\u015f\u00fcn\u00fcr\u00fc Sad\u0131k Usta\u2019n\u0131n dima\u011f\u0131nda dam\u0131t\u0131larak bamba\u015fka bir forma b\u00fcr\u00fcn\u00fcyor bu kitapta&#8230; Masallar\u0131 ve \u00fctopyalar\u0131 yan yana getirip Bat\u0131\u2019n\u0131n Do\u011fu yarat\u0131c\u0131l\u0131\u011f\u0131na duydu\u011fu ilginin temellerini \u00f6\u011frendikten sonra,Sad\u0131k Usta \u00e7evirisiyle ikinci b\u00f6l\u00fcmdeki yerlerini alan masallar\u0131 yeni bir merakla okumamak m\u00fcmk\u00fcn de\u011fil.<\/p>\n","protected":false},"excerpt":{"rendered":"<p>Y\u00fczy\u0131llar \u00f6nce anlat\u0131lm\u0131\u015f masallar\u0131 bug\u00fcn h\u00e2l\u00e2 sevmemizin, ayn\u0131 \u015fevkle okumam\u0131z\u0131n sebebi nedir? \u00c7\u00fcnk\u00fc onlar bize, unutulmaya y\u00fcz tutan eski \u201cdemokratik\u201d geleneklerimizi hat\u0131rlat\u0131r. \u00c7\u00fcnk\u00fc ger\u00e7ek hayatta adil<span class=\"excerpt-hellip\"> [\u2026]<\/span><\/p>\n","protected":false},"featured_media":0,"template":"","meta":{"_monsterinsights_skip_tracking":false,"_monsterinsights_sitenote_active":false,"_monsterinsights_sitenote_note":"","_monsterinsights_sitenote_category":0},"product_brand":[],"product_cat":[13072,12291],"product_tag":[],"class_list":{"0":"post-742504","1":"product","2":"type-product","3":"status-publish","5":"product_cat-arastirma-inceleme-referans","6":"product_cat-edebiyat","7":"pa_cilt-ciltsiz","8":"pa_tur-kitap","9":"pa_yayinevi-kafka-yayinevi","10":"pa_yazar-sadik-usta","12":"first","13":"instock","14":"sale","15":"shipping-taxable","16":"purchasable","17":"product-type-simple"},"_links":{"self":[{"href":"https:\/\/roveyayinevi.com.tr\/index.php\/wp-json\/wp\/v2\/product\/742504","targetHints":{"allow":["GET"]}}],"collection":[{"href":"https:\/\/roveyayinevi.com.tr\/index.php\/wp-json\/wp\/v2\/product"}],"about":[{"href":"https:\/\/roveyayinevi.com.tr\/index.php\/wp-json\/wp\/v2\/types\/product"}],"wp:attachment":[{"href":"https:\/\/roveyayinevi.com.tr\/index.php\/wp-json\/wp\/v2\/media?parent=742504"}],"wp:term":[{"taxonomy":"product_brand","embeddable":true,"href":"https:\/\/roveyayinevi.com.tr\/index.php\/wp-json\/wp\/v2\/product_brand?post=742504"},{"taxonomy":"product_cat","embeddable":true,"href":"https:\/\/roveyayinevi.com.tr\/index.php\/wp-json\/wp\/v2\/product_cat?post=742504"},{"taxonomy":"product_tag","embeddable":true,"href":"https:\/\/roveyayinevi.com.tr\/index.php\/wp-json\/wp\/v2\/product_tag?post=742504"}],"curies":[{"name":"wp","href":"https:\/\/api.w.org\/{rel}","templated":true}]}}