{"id":742502,"date":"2025-08-28T01:13:25","date_gmt":"2025-08-27T22:13:25","guid":{"rendered":"https:\/\/roveyayinevi.com.tr\/index.php\/urun\/kendine-iyi-davran-guzel-insan\/"},"modified":"2025-10-29T08:03:20","modified_gmt":"2025-10-29T05:03:20","slug":"kendine-iyi-davran-guzel-insan","status":"publish","type":"product","link":"https:\/\/roveyayinevi.com.tr\/index.php\/urun\/kendine-iyi-davran-guzel-insan\/","title":{"rendered":"Kendine \u0130yi Davran G\u00fczel \u0130nsan"},"content":{"rendered":"<p>Bazen ila\u00e7 niyetine hayat\u0131na ald\u0131\u011f\u0131n \u015feylerin seni nas\u0131l zehirledi\u011fini g\u00f6receksin.   Sen kendin i\u00e7in bir \u015fey yapm\u0131yorsan kim senin i\u00e7in bir \u015feyler yapacak? Sen kendi yaralar\u0131n\u0131 kendin sarmadan, kim sana yard\u0131m edebilir ger\u00e7ekten?   E\u011fer ba\u015fkalar\u0131 i\u00e7in \u00f6nemli olmad\u0131\u011f\u0131n\u0131 hissediyorsan, ilk \u00f6nce kendine \u015funu sormal\u0131s\u0131n:   Ben kendim i\u00e7in \u00f6nemli miyim?   Seninle bir yolculu\u011fa \u00e7\u0131kaca\u011f\u0131z bu kitapla birlikte. Her insan\u0131n i\u00e7inde bir sa\u011fl\u0131kl\u0131 bir de sa\u011fl\u0131ks\u0131z bir \u201cben\u201d vard\u0131r. Sa\u011fl\u0131ks\u0131z ben kontrol\u00fc devrald\u0131\u011f\u0131nda, insan kendine zarar verir. \u0130\u015fte bu kitapla \u00e7\u0131kaca\u011f\u0131m\u0131z yolculu\u011fun amac\u0131, i\u00e7indeki g\u00fczel insana yani sa\u011fl\u0131kl\u0131 bene ula\u015fmak.   Bu yolculukta, kayg\u0131lar\u0131nla ba\u015f etmek ve kafaya takmamak i\u00e7in hangi y\u00f6ntemleri kullanabilece\u011fini, olumsuz d\u00fc\u015f\u00fcncelerini nas\u0131l kontrol edebilece\u011fini, sa\u011fl\u0131kl\u0131 ili\u015fkilerini geli\u015ftirirken sana zarar veren zehirli insanlardan kendini nas\u0131l koruyabilece\u011fini, hangi alanlarda m\u00fccadele etmenin anlaml\u0131 oldu\u011funu, hangi alanlarda hayat\u0131 ve getirdiklerini kabullenmen gerekti\u011fini, i\u00e7indeki de\u011fersizlik hissini nas\u0131l yenebilece\u011fini ve kendini nas\u0131l d\u00f6n\u00fc\u015ft\u00fcrebilece\u011fini ke\u015ffedeceksin.   Haz\u0131r m\u0131s\u0131n bu yolculu\u011fa? <\/p>\n","protected":false},"excerpt":{"rendered":"<p>Bazen ila\u00e7 niyetine hayat\u0131na ald\u0131\u011f\u0131n \u015feylerin seni nas\u0131l zehirledi\u011fini g\u00f6receksin. Sen kendin i\u00e7in bir \u015fey yapm\u0131yorsan kim senin i\u00e7in bir \u015feyler yapacak? Sen kendi yaralar\u0131n\u0131 kendin<span class=\"excerpt-hellip\"> [\u2026]<\/span><\/p>\n","protected":false},"featured_media":0,"template":"","meta":{"_monsterinsights_skip_tracking":false,"_monsterinsights_sitenote_active":false,"_monsterinsights_sitenote_note":"","_monsterinsights_sitenote_category":0},"product_brand":[],"product_cat":[13835],"product_tag":[],"class_list":{"0":"post-742502","1":"product","2":"type-product","3":"status-publish","5":"product_cat-cok-satanlar","6":"pa_cilt-ciltsiz","7":"pa_tur-kitap","8":"pa_yayinevi-sahi-kitap","9":"pa_yazar-beyhan-budak","11":"first","12":"instock","13":"sale","14":"shipping-taxable","15":"purchasable","16":"product-type-simple"},"_links":{"self":[{"href":"https:\/\/roveyayinevi.com.tr\/index.php\/wp-json\/wp\/v2\/product\/742502","targetHints":{"allow":["GET"]}}],"collection":[{"href":"https:\/\/roveyayinevi.com.tr\/index.php\/wp-json\/wp\/v2\/product"}],"about":[{"href":"https:\/\/roveyayinevi.com.tr\/index.php\/wp-json\/wp\/v2\/types\/product"}],"wp:attachment":[{"href":"https:\/\/roveyayinevi.com.tr\/index.php\/wp-json\/wp\/v2\/media?parent=742502"}],"wp:term":[{"taxonomy":"product_brand","embeddable":true,"href":"https:\/\/roveyayinevi.com.tr\/index.php\/wp-json\/wp\/v2\/product_brand?post=742502"},{"taxonomy":"product_cat","embeddable":true,"href":"https:\/\/roveyayinevi.com.tr\/index.php\/wp-json\/wp\/v2\/product_cat?post=742502"},{"taxonomy":"product_tag","embeddable":true,"href":"https:\/\/roveyayinevi.com.tr\/index.php\/wp-json\/wp\/v2\/product_tag?post=742502"}],"curies":[{"name":"wp","href":"https:\/\/api.w.org\/{rel}","templated":true}]}}