{"id":742497,"date":"2025-08-28T01:13:20","date_gmt":"2025-08-27T22:13:20","guid":{"rendered":"https:\/\/roveyayinevi.com.tr\/index.php\/urun\/komple-muamele-sinemada-erotizm-ve-pornografi\/"},"modified":"2026-04-16T02:53:29","modified_gmt":"2026-04-15T23:53:29","slug":"komple-muamele-sinemada-erotizm-ve-pornografi","status":"publish","type":"product","link":"https:\/\/roveyayinevi.com.tr\/index.php\/urun\/komple-muamele-sinemada-erotizm-ve-pornografi\/","title":{"rendered":"Komple Muamele: Sinemada Erotizm ve Pornografi"},"content":{"rendered":"<p>Betsy (Cybill Shepherd):  \u201cO pis filmlerden de\u011fil mi bu?\u201dTravis (Robert De Niro):  \u201cHi\u00e7 olur mu \u00f6yle \u015fey, bir s\u00fcr\u00fc \u00e7ift geliyor bu filmleri seyretmeye.\u201d            Taxi Driver, 1976 Sinema \u00e7al\u0131\u015fmalar\u0131 evreninde 1970\u2019li y\u0131llarda, \u00f6zellikle Amerikan sinemas\u0131nda, nevi \u015fahs\u0131na m\u00fcnhas\u0131r bir \u201cR\u00f6nesans\u201d ya\u015fand\u0131\u011f\u0131 kabul edilmektedir. Sonras\u0131nda kendilerine neredeyse efsanevi bir yer edinecek bir\u00e7ok isim -y\u00f6netmen, oyuncuya da senaryo yazar\u0131- bu zaman diliminde ortaya \u00e7\u0131km\u0131\u015f ve zirveye do\u011fru yolculuklar\u0131na ba\u015flam\u0131\u015flard\u0131r. Ama bu \u201cyeniden do\u011fu\u015f\u201d sadece Amerikan sinemas\u0131n\u0131n \u201ca\u00e7\u0131kta olan\u201d k\u0131sm\u0131nda de\u011fil \u201ca\u00e7\u0131kta ama g\u00f6rmezden gelinen\u201d k\u0131sm\u0131nda da kendini g\u00f6stermi\u015ftir denilebilir. Uzun s\u00fcre yeralt\u0131nda varl\u0131\u011f\u0131n\u0131 s\u00fcrd\u00fcren porno filmler bu d\u00f6nemde yery\u00fcz\u00fcne \u00e7\u0131km\u0131\u015f ve varl\u0131klar\u0131n\u0131 ilan etmi\u015flerdir. 70\u2019li y\u0131llar\u0131, hardcore\/komple muamele pornografisinin -ABD \u00f6zelinde- Alt\u0131n \u00c7a\u011f\u0131 olarak de\u011ferlendirmek yanl\u0131\u015f olmayacakt\u0131r. Deep Throat\u2019\u0131n a\u00e7t\u0131\u011f\u0131 yoldan giden \u00e7ok say\u0131da film, video kaset oynat\u0131c\u0131lar\u0131n\u0131n pazara girip yay\u0131lmas\u0131na kadar ge\u00e7en s\u00fcrede sinema salonlar\u0131n\u0131n -deyim yerindeyse- alt\u0131n\u0131 \u00fcst\u00fcne getirmi\u015f, yine \u00f6zellikle ABD\u2019de ciddi tart\u0131\u015fmalara, ele\u015ftirilere ve k\u00fclt\u00fcrel depremlere yol a\u00e7m\u0131\u015flard\u0131r. Sinema salonlar\u0131na girmeleri ile ana ak\u0131m sineman\u0131n da bir par\u00e7as\u0131 haline gelen bu filmlerden \u00f6zellikle 5 tanesi \u00f6zel bir ilgiyi hak etmektedir: Deep Throat (1972), Behind the Green Door (1972) The Devil in Miss Jones (1973), The Opening of Misty Beethoven (1976) ve Debbie Does Dallas (1978). Bu \u2018kurucu\u2019 filmlerin yap\u0131m \u00f6yk\u00fcleri ve analizleri erotik literat\u00fcr\u00fcn hangi a\u015famalardan ge\u00e7erek g\u00fcn\u00fcm\u00fcze ula\u015ft\u0131\u011f\u0131n\u0131 bize g\u00f6sterecektir.Bu yakla\u015f\u0131m\u0131n \u00fclkemizdeki yans\u0131mas\u0131 1974-1980 y\u0131llar\u0131 aras\u0131nda h\u00fck\u00fcm s\u00fcrm\u00fc\u015f, neredeyse \u00fczerinde hi\u00e7 konu\u015fulmayan\/g\u00f6rmezden gelinmeye \u00e7al\u0131\u015f\u0131lan \u201cerotik\/seks filmleri furyas\u0131\u201d ile kar\u015f\u0131m\u0131za \u00e7\u0131kmaktad\u0131r. Hardcore pornografinin en s\u0131k\u0131nt\u0131l\u0131 alan\u0131n\u0131 olu\u015fturan, genellikle \u015fehir efsanesi etiketi ile de\u011ferlendirilen snuff\/ger\u00e7ek \u00f6ld\u00fcrme filmleri konusunda Hollywood sisteminden \u00e7\u0131kan en ilgin\u00e7 filmlerden birisi de -8mm (1999)- bu se\u00e7kide yer almakta. Konusu ve i\u00e7erdi\u011fi \u00e7ok sert cinsellik sahneleri ile g\u00f6sterime \u00e7\u0131kt\u0131\u011f\u0131 g\u00fcnden beri tart\u0131\u015fma konusu olan, tecav\u00fcz\/\u00e7\u0131plakl\u0131k\/istismar\/intikam temalar\u0131n\u0131 bir araya getirerek seyircisine olduk\u00e7a s\u0131k\u0131nt\u0131l\u0131 bir seyir deneyimi sunan I Spit on Your Grave (Mezar\u0131na T\u00fck\u00fcrece\u011fim-1978) bu derlemenin ele ald\u0131\u011f\u0131 son film.  <\/p>\n","protected":false},"excerpt":{"rendered":"<p>Betsy (Cybill Shepherd): \u201cO pis filmlerden de\u011fil mi bu?\u201dTravis (Robert De Niro): \u201cHi\u00e7 olur mu \u00f6yle \u015fey, bir s\u00fcr\u00fc \u00e7ift geliyor bu filmleri seyretmeye.\u201d Taxi Driver,<span class=\"excerpt-hellip\"> [\u2026]<\/span><\/p>\n","protected":false},"featured_media":0,"template":"","meta":{"_monsterinsights_skip_tracking":false,"_monsterinsights_sitenote_active":false,"_monsterinsights_sitenote_note":"","_monsterinsights_sitenote_category":0},"product_brand":[],"product_cat":[12409,12408],"product_tag":[],"class_list":{"0":"post-742497","1":"product","2":"type-product","3":"status-publish","5":"product_cat-fotograf-sinema-tiyatro","6":"product_cat-sanat","7":"pa_cilt-ciltsiz","8":"pa_tur-kitap","9":"pa_yayinevi-nika-yayinevi","10":"pa_yazar-orhun-yakin","12":"first","13":"instock","14":"sale","15":"shipping-taxable","16":"purchasable","17":"product-type-simple"},"_links":{"self":[{"href":"https:\/\/roveyayinevi.com.tr\/index.php\/wp-json\/wp\/v2\/product\/742497","targetHints":{"allow":["GET"]}}],"collection":[{"href":"https:\/\/roveyayinevi.com.tr\/index.php\/wp-json\/wp\/v2\/product"}],"about":[{"href":"https:\/\/roveyayinevi.com.tr\/index.php\/wp-json\/wp\/v2\/types\/product"}],"wp:attachment":[{"href":"https:\/\/roveyayinevi.com.tr\/index.php\/wp-json\/wp\/v2\/media?parent=742497"}],"wp:term":[{"taxonomy":"product_brand","embeddable":true,"href":"https:\/\/roveyayinevi.com.tr\/index.php\/wp-json\/wp\/v2\/product_brand?post=742497"},{"taxonomy":"product_cat","embeddable":true,"href":"https:\/\/roveyayinevi.com.tr\/index.php\/wp-json\/wp\/v2\/product_cat?post=742497"},{"taxonomy":"product_tag","embeddable":true,"href":"https:\/\/roveyayinevi.com.tr\/index.php\/wp-json\/wp\/v2\/product_tag?post=742497"}],"curies":[{"name":"wp","href":"https:\/\/api.w.org\/{rel}","templated":true}]}}